{"id":51779,"date":"2020-03-17T22:38:50","date_gmt":"2020-03-17T22:38:50","guid":{"rendered":"https:\/\/donaulife-new.ogrisdigital.at\/produkt\/raw-mischschale-diner-tray-xxl\/"},"modified":"2024-07-01T00:37:51","modified_gmt":"2024-07-01T00:37:51","slug":"raw-mischschale-diner-tray-xxl","status":"publish","type":"product","link":"https:\/\/donaulife-new.ogrisdigital.at\/en\/raw-mischschale-diner-tray-xxl\/","title":{"rendered":"RAW Mischschale &#8216;Dinner Tray&#8217; | XXL"},"content":{"rendered":"<p>In Sachen selbstgedrehte spielt RAW ganz vorne mit! Diese \u00e4u\u00dferst stabile Misch- und Drehunterlage eignet sich perfekt f\u00fcr deine eigens gedrehten Zigaretten. Das Design spricht selbst f\u00fcr sich und nun kannst du auch einfach im Bett auf der Coach oder wo auch immer drehen.<\/p>\n<p>Ma\u00dfe: 38 cm x 51 cm<\/p>\n<h3>\u00dcber RAW:<\/h3>\n<p>RAW \u2013 Die nat\u00fcrliche Art zu rollen.<\/p>\n<p>Seit dem 1. Tag hat RAW den Auftrag, die F\u00fchrungsrolle in der Papierrollenindustrie zu \u00fcbernehmen. RAW hat die Welt des Rauchens revolutioniert, indem sie Produkte geschaffen hat, die von Natur aus genial gestaltet sind, um das Raucherlebnis zu verbessern.<\/p>\n<p>RAW stellt nur qualitativ hochwertige und umweltfreundliche Produkte her, die Ihr Raucherlebnis verbessern, und wir werden das wof\u00fcr wir stehen niemals \u00e4ndern. Wir genie\u00dfen es, unser unraffiniertes Papier jeden Tag zu rauchen, und wir werden es immer komplett rein also \u201cRAW\u201d belassen \u2013 f\u00fcr dich und uns!<\/p>\n","protected":false},"excerpt":{"rendered":"<p>In Sachen selbstgedrehte spielt RAW ganz vorne mit! Diese \u00e4u\u00dferst stabile Misch- und Drehunterlage eignet sich perfekt f\u00fcr deine eigens<\/p>\n","protected":false},"featured_media":25232,"comment_status":"open","ping_status":"open","template":"","meta":{"_acf_changed":false},"product_cat":[2794,2489,2566,2451,2793,2490],"product_tag":[2493],"acf":[],"_links":{"self":[{"href":"https:\/\/donaulife-new.ogrisdigital.at\/en\/wp-json\/wp\/v2\/product\/51779"}],"collection":[{"href":"https:\/\/donaulife-new.ogrisdigital.at\/en\/wp-json\/wp\/v2\/product"}],"about":[{"href":"https:\/\/donaulife-new.ogrisdigital.at\/en\/wp-json\/wp\/v2\/types\/product"}],"replies":[{"embeddable":true,"href":"https:\/\/donaulife-new.ogrisdigital.at\/en\/wp-json\/wp\/v2\/comments?post=51779"}],"wp:featuredmedia":[{"embeddable":true,"href":"https:\/\/donaulife-new.ogrisdigital.at\/en\/wp-json\/wp\/v2\/media\/25232"}],"wp:attachment":[{"href":"https:\/\/donaulife-new.ogrisdigital.at\/en\/wp-json\/wp\/v2\/media?parent=51779"}],"wp:term":[{"taxonomy":"product_cat","embeddable":true,"href":"https:\/\/donaulife-new.ogrisdigital.at\/en\/wp-json\/wp\/v2\/product_cat?post=51779"},{"taxonomy":"product_tag","embeddable":true,"href":"https:\/\/donaulife-new.ogrisdigital.at\/en\/wp-json\/wp\/v2\/product_tag?post=51779"}],"curies":[{"name":"wp","href":"https:\/\/api.w.org\/{rel}","templated":true}]}}