{"id":51771,"date":"2020-03-17T13:06:52","date_gmt":"2020-03-17T13:06:52","guid":{"rendered":"https:\/\/donaulife-new.ogrisdigital.at\/produkt\/elements-ultra-thin-rice-paper-riesenpaper-12-zoll-24-blatt\/"},"modified":"2024-07-01T00:37:45","modified_gmt":"2024-07-01T00:37:45","slug":"elements-ultra-thin-rice-paper-riesenpaper-12-zoll-24-blatt","status":"publish","type":"product","link":"https:\/\/donaulife-new.ogrisdigital.at\/en\/elements-ultra-thin-rice-paper-riesenpaper-12-zoll-24-blatt\/","title":{"rendered":"ELEMENTS &#8216;Ultra thin rice paper&#8217; Riesenpaper 24 Blatt | 30 cm"},"content":{"rendered":"<h2>Elements Riesenpapers 30 cm<\/h2>\n<div>Elements Rolling Papers sind im Einklang mit der Natur entstanden. Die originalen Elements bestehen aus Reis Papier und brennen fast vollst\u00e4ndig ohne R\u00fcckst\u00e4nde auf. Tips sind auch dabei. Mit einer L\u00e4nge von 12 Zoll oder 30 cm geh\u00f6ren diese zu den gr\u00f6\u00dften die man selbst wutzeln kannst. Eine Rollmaschine in dieser Gr\u00f6\u00dfe gibts von RAW. Die Paper Schachtel schlie\u00dft magnetisch.<\/div>\n<div>\n<p>&nbsp;<\/p>\n<\/div>\n<div class=\"std\">[row ][col span=&#8221;1\/4&#8243; ]<br \/>\n<img decoding=\"async\" class=\"alignnone size-full wp-image-20681\" style=\"color: #333333; font-size: 14.4px;\" src=\"https:\/\/www.donaulife.com\/wp-content\/uploads\/2020\/03\/icon_home_col1.png\" alt=\"\" width=\"185\" height=\"130\" \/>Elements Rolling Papers werden aus nat\u00fcrlichen Materialien hergestellt. Sie brennen fast ohne Asche, mit Ausnahme des nat\u00fcrlichen Zuckers, der sich bei der Verbrennung in Karamell verwandelt. Das Ergebnis? Das beste roll Papier, das der Mensch je gesehen hat.[\/col]<br \/>\n[col span=&#8221;1\/4&#8243; ]<br \/>\n<img decoding=\"async\" class=\"alignnone size-full wp-image-20683\" style=\"font-size: 14.4px;\" src=\"https:\/\/www.donaulife.com\/wp-content\/uploads\/2020\/03\/icon_home_col3.png\" alt=\"\" width=\"185\" height=\"130\" \/>Elements Rolling Papers beinhalten auch das Element Wind. Die Produktion f\u00fcr diese sch\u00f6nen Papiere findet in einer kleinen Region Spaniens namens Alcoy statt, in den Bergen n\u00f6rdlich von Alicante, Spanien. Alcoy ist bekannt als die Geburtsst\u00e4tte der Rolling Papers (ca. um 1700).[\/col]<br \/>\n[col span=&#8221;1\/4&#8243; ]<br \/>\n<img decoding=\"async\" class=\"alignnone size-full wp-image-20682\" src=\"https:\/\/www.donaulife.com\/wp-content\/uploads\/2020\/03\/icon_home_col2.png\" alt=\"\" width=\"185\" height=\"130\" \/>Jedes Blatt ist mit dem firmeneigenen, kreuz und quer verlaufenden Wasserzeichen bedruckt. Dieses Wasserzeichen erm\u00f6glicht ein glattes und gleichm\u00e4\u00dfiges Abbrennen. H\u00e4lst du ein Blatt Elements Rolling Papers ans Licht wirst du sehen wie das sch\u00f6ne Wasserzeichen in jedes Blatt gepresst wird.[\/col]<br \/>\n[col span=&#8221;1\/4&#8243; ]<br \/>\n<img loading=\"lazy\" decoding=\"async\" class=\"alignnone size-full wp-image-20684\" src=\"https:\/\/www.donaulife.com\/wp-content\/uploads\/2020\/03\/icon_home_col4.png\" alt=\"\" width=\"185\" height=\"130\" \/>Elements Rolling Papers sind f\u00fcr das Feuer konzipiert, und leider verbrennen sie fast perfekt mit keiner Asche. Die Papers sind so konzipiert, dass sie unglaublich sauber brennen und den Geschmack deines Rauchs nicht ver\u00e4ndern.[\/col][\/row]<\/div>\n<div><\/div>\n<div><\/div>\n","protected":false},"excerpt":{"rendered":"<p>Elements Riesenpapers 30 cm Elements Rolling Papers sind im Einklang mit der Natur entstanden. Die originalen Elements bestehen aus Reis<\/p>\n","protected":false},"featured_media":25186,"comment_status":"open","ping_status":"open","template":"","meta":{"_acf_changed":false},"product_cat":[3145,2451,2452,2491],"product_tag":[3144],"acf":[],"_links":{"self":[{"href":"https:\/\/donaulife-new.ogrisdigital.at\/en\/wp-json\/wp\/v2\/product\/51771"}],"collection":[{"href":"https:\/\/donaulife-new.ogrisdigital.at\/en\/wp-json\/wp\/v2\/product"}],"about":[{"href":"https:\/\/donaulife-new.ogrisdigital.at\/en\/wp-json\/wp\/v2\/types\/product"}],"replies":[{"embeddable":true,"href":"https:\/\/donaulife-new.ogrisdigital.at\/en\/wp-json\/wp\/v2\/comments?post=51771"}],"wp:featuredmedia":[{"embeddable":true,"href":"https:\/\/donaulife-new.ogrisdigital.at\/en\/wp-json\/wp\/v2\/media\/25186"}],"wp:attachment":[{"href":"https:\/\/donaulife-new.ogrisdigital.at\/en\/wp-json\/wp\/v2\/media?parent=51771"}],"wp:term":[{"taxonomy":"product_cat","embeddable":true,"href":"https:\/\/donaulife-new.ogrisdigital.at\/en\/wp-json\/wp\/v2\/product_cat?post=51771"},{"taxonomy":"product_tag","embeddable":true,"href":"https:\/\/donaulife-new.ogrisdigital.at\/en\/wp-json\/wp\/v2\/product_tag?post=51771"}],"curies":[{"name":"wp","href":"https:\/\/api.w.org\/{rel}","templated":true}]}}