{"id":51432,"date":"2019-08-15T11:32:33","date_gmt":"2019-08-15T11:32:33","guid":{"rendered":"https:\/\/donaulife-new.ogrisdigital.at\/produkt\/ziggi-king-size-slim-double-papers-tips-classic\/"},"modified":"2024-07-01T00:33:19","modified_gmt":"2024-07-01T00:33:19","slug":"ziggi-king-size-slim-double-papers-tips-classic","status":"publish","type":"product","link":"https:\/\/donaulife-new.ogrisdigital.at\/en\/ziggi-king-size-slim-double-papers-tips-classic\/","title":{"rendered":"ZIGGI Classic KSS Double Papers + Tips | 64 Blatt"},"content":{"rendered":"<h2>ZIGGI Classic Kingsize Slim Double Papers + Tips<\/h2>\n<p>Ziggy Papes Double f\u00fcr den doppelten Spass &#8211; ganz praktisch f\u00fcr unterwegs, geht nicht so schnell aus.<\/p>\n<p>Im CLASSIC DOUBLE Design habt ihr 64 Papers &amp; 64 Tips vereint.<\/p>\n<h3>\u00dcber Ziggi Papers:<\/h3>\n<div>Die Marke Ziggi \u2122 hat ihre Nutzer durch jahrelanges Lernen, Sammeln von Erfahrungen und aktive Entwicklung auf verschiedene Weise verbessert. Der einfachste Weg sind hochwertige Produkte, die beweisen, dass die Menschen immer noch eine Kombination aus gutem Material, modernem Design und einem erschwinglichen Preis sch\u00e4tzen.<\/div>\n<div>Ziggi-Benutzer bekommen immer das, was sie erwarten. Dies wird durch ihre positiven Reaktionen und Kommentare in sozialen Netzwerken sowie durch die traditionelle Mundpropaganda bei Veranstaltungen bewiesen, bei denen Vertreter von Ziggi anwesend sind.<\/div>\n<div><\/div>\n<div>Ziggi Custom Edition-Papiere haben viele Festivalbesucher auf der ganzen Welt gl\u00fccklich gemacht, von denen einige noch zu kaufen sind. Ziggi ist stolz darauf, junge K\u00fcnstler, Sportler und Musiker zu unterst\u00fctzen. Kultur ist in unserer Gesellschaft sehr wichtig. Ziggi ist sich dessen bewusst und versucht, es \u00fcber seine Kan\u00e4le Jung und Alt n\u00e4her zu bringen.<\/div>\n","protected":false},"excerpt":{"rendered":"<p>ZIGGI Classic Kingsize Slim Double Papers + Tips Ziggy Papes Double f\u00fcr den doppelten Spass &#8211; ganz praktisch f\u00fcr unterwegs,<\/p>\n","protected":false},"featured_media":22559,"comment_status":"open","ping_status":"open","template":"","meta":{"_acf_changed":false},"product_cat":[2456,2489,2451,2453,2452,2676],"product_tag":[2677],"acf":[],"_links":{"self":[{"href":"https:\/\/donaulife-new.ogrisdigital.at\/en\/wp-json\/wp\/v2\/product\/51432"}],"collection":[{"href":"https:\/\/donaulife-new.ogrisdigital.at\/en\/wp-json\/wp\/v2\/product"}],"about":[{"href":"https:\/\/donaulife-new.ogrisdigital.at\/en\/wp-json\/wp\/v2\/types\/product"}],"replies":[{"embeddable":true,"href":"https:\/\/donaulife-new.ogrisdigital.at\/en\/wp-json\/wp\/v2\/comments?post=51432"}],"wp:featuredmedia":[{"embeddable":true,"href":"https:\/\/donaulife-new.ogrisdigital.at\/en\/wp-json\/wp\/v2\/media\/22559"}],"wp:attachment":[{"href":"https:\/\/donaulife-new.ogrisdigital.at\/en\/wp-json\/wp\/v2\/media?parent=51432"}],"wp:term":[{"taxonomy":"product_cat","embeddable":true,"href":"https:\/\/donaulife-new.ogrisdigital.at\/en\/wp-json\/wp\/v2\/product_cat?post=51432"},{"taxonomy":"product_tag","embeddable":true,"href":"https:\/\/donaulife-new.ogrisdigital.at\/en\/wp-json\/wp\/v2\/product_tag?post=51432"}],"curies":[{"name":"wp","href":"https:\/\/api.w.org\/{rel}","templated":true}]}}