{"id":51424,"date":"2019-08-09T00:29:41","date_gmt":"2019-08-09T00:29:41","guid":{"rendered":"https:\/\/donaulife-new.ogrisdigital.at\/produkt\/ocb-ultimate-papers-filter-tips\/"},"modified":"2025-01-15T07:13:44","modified_gmt":"2025-01-15T07:13:44","slug":"ocb-ultimate-papers-filter-tips","status":"publish","type":"product","link":"https:\/\/donaulife-new.ogrisdigital.at\/en\/ocb-ultimate-papers-filter-tips\/","title":{"rendered":"OCB &#8216;ULTIMATE&#8217; KSS Papers + Filter Tips"},"content":{"rendered":"<h2>OCB Ultimate Papers inkl. Tips<\/h2>\n<div>&#8216;OCB&#8217; Ultimate Longpapers mit Filter Tips bestehen aus ultrad\u00fcnnen, ungebleichten King Size Drehpapier und ist komplett biologisch abbaubar. Die Papers sind mit dem OCB Wasserzeichen und einer nat\u00fcrlichen Gummierung (Arabicum) versehen. Ultimate ist das d\u00fcnnste Papier das du bekommen kannst.<\/div>\n<div><\/div>\n<div>\n<div>\n<p style=\"margin: 0in; font-family: Calibri; font-size: 16.0pt;\"><span style=\"font-weight: bold;\">\u00dcber OCB:<\/span><\/p>\n<p><span style=\"font-family: Calibri; font-size: 11pt;\">OCB steht f\u00fcr Odet Cascadec Bollor\u00e9, heute Bollor\u00e9, dem franz\u00f6sischen Mischkonzern der die Marke bis ins Jahr 2000 herstellte. Aber bis heute wird die Marke nat\u00fcrlich weltweit in jedem gut sortierten Rauch Zubeh\u00f6rhandel gef\u00fchrt. Von den klassischen bekannten blauen regular Papers bis hin zu Kingsize Varianten und nat\u00fcrlich Rolls bietet OCB eine gro\u00dfe Auswahl an Papieren an. Seit kurzem widmet sich die Firma auch vermehrt im Bereich der Aktivkohlefilter und bietet auch dort h\u00f6chste Qualit\u00e4t sehr gute Filterung.<\/span><\/p>\n<\/div>\n<div>\n<p style=\"margin: 0in; font-family: Calibri; font-size: 11.0pt;\">Zuerst produzierte das Unternehmen Kopierpapier f\u00fcr Briefe, Coton-Papier und Musselin-Papier. Mit Beginn des 20. Jahrhunderts eroberte die Zigarettenwelle Frankreich und etablierte sich ebenso am Weltmarkt. Somit wanderte der Fokus weg von Briefpapier und hin zur Herstellung von Zigarettenpapier. 1918 war schlie\u00dflich das Geburtsjahr der Marke OCB und es wurden die ersten Bl\u00e4ttchen produziert und verkauft.<\/p>\n<\/div>\n<\/div>\n<div><\/div>\n<div class=\"std\"><\/div>\n","protected":false},"excerpt":{"rendered":"<p>OCB Ultimate Papers inkl. Tips &#8216;OCB&#8217; Ultimate Longpapers mit Filter Tips bestehen aus ultrad\u00fcnnen, ungebleichten King Size Drehpapier und ist<\/p>\n","protected":false},"featured_media":22535,"comment_status":"open","ping_status":"open","template":"","meta":{"_acf_changed":false},"product_cat":[2489,2451,2453,2752,2452],"product_tag":[],"acf":[],"_links":{"self":[{"href":"https:\/\/donaulife-new.ogrisdigital.at\/en\/wp-json\/wp\/v2\/product\/51424"}],"collection":[{"href":"https:\/\/donaulife-new.ogrisdigital.at\/en\/wp-json\/wp\/v2\/product"}],"about":[{"href":"https:\/\/donaulife-new.ogrisdigital.at\/en\/wp-json\/wp\/v2\/types\/product"}],"replies":[{"embeddable":true,"href":"https:\/\/donaulife-new.ogrisdigital.at\/en\/wp-json\/wp\/v2\/comments?post=51424"}],"wp:featuredmedia":[{"embeddable":true,"href":"https:\/\/donaulife-new.ogrisdigital.at\/en\/wp-json\/wp\/v2\/media\/22535"}],"wp:attachment":[{"href":"https:\/\/donaulife-new.ogrisdigital.at\/en\/wp-json\/wp\/v2\/media?parent=51424"}],"wp:term":[{"taxonomy":"product_cat","embeddable":true,"href":"https:\/\/donaulife-new.ogrisdigital.at\/en\/wp-json\/wp\/v2\/product_cat?post=51424"},{"taxonomy":"product_tag","embeddable":true,"href":"https:\/\/donaulife-new.ogrisdigital.at\/en\/wp-json\/wp\/v2\/product_tag?post=51424"}],"curies":[{"name":"wp","href":"https:\/\/api.w.org\/{rel}","templated":true}]}}