{"id":51387,"date":"2019-04-02T13:28:05","date_gmt":"2019-04-02T13:28:05","guid":{"rendered":"https:\/\/donaulife-new.ogrisdigital.at\/produkt\/black-leaf-steckpipe-jet-flash-schwarz-19-cm\/"},"modified":"2025-01-15T07:13:55","modified_gmt":"2025-01-15T07:13:55","slug":"black-leaf-steckpipe-jet-flash-schwarz-19-cm","status":"publish","type":"product","link":"https:\/\/donaulife-new.ogrisdigital.at\/en\/black-leaf-steckpipe-jet-flash-schwarz-19-cm\/","title":{"rendered":"BLACK LEAF Steckpipe &#8216;Jet Flash&#8217; schwarz | 19 cm"},"content":{"rendered":"<h2>Black Leaf Steckpfeife Jet Flash<\/h2>\n<p>Bei diesem &#8216;Jet Flash&#8217; Rauchsystem handelt es sich um keine gew\u00f6hnliche Pfeife. Diese l\u00e4sst sich durch Ihre Steckfunktionen als Purpfeife oder als Bubbler verwenden. Durch die Luft-Locks zirkuliert der Rauch l\u00e4nger in der Endkammer, dadurch wird der Rauch besser gek\u00fchlt und l\u00e4sst sich besonders sanft inhalieren. Mit den dezent gr\u00fcnen Akzenten am Mundst\u00fcck und am H\u00fctchen wird diesen kleinen Bubbler zum wahren Highlight in jeder Bongsammlung.<\/p>\n<h3><span style=\"font-size: 20.16px;\">\u00dcber Black Leaf:<\/span><\/h3>\n<div>\n<p>In Weed We Trust ? Smoking\u00a0<em>Paraphernalia<\/em> seit 1988: Bongs, Pfeifen, Vaporizer, Grinder, Dabbing Zubeh\u00f6r, Paper &amp; Filter, Lifestyle Produkte. Es gibt viele Innovative Produkte der Marke die auch die ein oder andere Weltneuheit erschaffen haben. Im Shop bieten wir von allen Produkten die beste Auswahl.<\/p>\n<\/div>\n","protected":false},"excerpt":{"rendered":"<p>Black Leaf Steckpfeife Jet Flash Bei diesem &#8216;Jet Flash&#8217; Rauchsystem handelt es sich um keine gew\u00f6hnliche Pfeife. Diese l\u00e4sst sich<\/p>\n","protected":false},"featured_media":22301,"comment_status":"open","ping_status":"open","template":"","meta":{"_acf_changed":false},"product_cat":[2514,2548,2459,2513,2507,2506,2463],"product_tag":[2521],"acf":[],"_links":{"self":[{"href":"https:\/\/donaulife-new.ogrisdigital.at\/en\/wp-json\/wp\/v2\/product\/51387"}],"collection":[{"href":"https:\/\/donaulife-new.ogrisdigital.at\/en\/wp-json\/wp\/v2\/product"}],"about":[{"href":"https:\/\/donaulife-new.ogrisdigital.at\/en\/wp-json\/wp\/v2\/types\/product"}],"replies":[{"embeddable":true,"href":"https:\/\/donaulife-new.ogrisdigital.at\/en\/wp-json\/wp\/v2\/comments?post=51387"}],"wp:featuredmedia":[{"embeddable":true,"href":"https:\/\/donaulife-new.ogrisdigital.at\/en\/wp-json\/wp\/v2\/media\/22301"}],"wp:attachment":[{"href":"https:\/\/donaulife-new.ogrisdigital.at\/en\/wp-json\/wp\/v2\/media?parent=51387"}],"wp:term":[{"taxonomy":"product_cat","embeddable":true,"href":"https:\/\/donaulife-new.ogrisdigital.at\/en\/wp-json\/wp\/v2\/product_cat?post=51387"},{"taxonomy":"product_tag","embeddable":true,"href":"https:\/\/donaulife-new.ogrisdigital.at\/en\/wp-json\/wp\/v2\/product_tag?post=51387"}],"curies":[{"name":"wp","href":"https:\/\/api.w.org\/{rel}","templated":true}]}}