{"id":51291,"date":"2019-01-29T12:03:21","date_gmt":"2019-01-29T12:03:21","guid":{"rendered":"https:\/\/donaulife-new.ogrisdigital.at\/produkt\/grace-glass-beaker-bong-schwarzes-schaf-49-cm\/"},"modified":"2024-02-22T13:32:24","modified_gmt":"2024-02-22T13:32:24","slug":"grace-glass-beaker-bong-schwarzes-schaf-49-cm","status":"publish","type":"product","link":"https:\/\/donaulife-new.ogrisdigital.at\/en\/grace-glass-beaker-bong-schwarzes-schaf-49-cm\/","title":{"rendered":"Grace Glass Beaker Bong &#8216;Schwarzes Schaf&#8217; | 49 cm"},"content":{"rendered":"<h2>Grace Glass Kolbenbong schwarz rot<\/h2>\n<p>Diese Beaker Bong entstammt einer besonders gelungen Serie aus dem Hause Grace Glass.\u00a0Sie kommt in komplett Schwarzem Design und hitzebest\u00e4ndigen Borosilikatglas. Hinter dem schlichten Design befindet sich jedoch ein Doppelglasboden der den Grace Glass Schriftzug beim richtigen Lichteinfall in Rot schimmern l\u00e4sst. Dar\u00fcber hinaus verf\u00fcgt sie \u00fcber ein gro\u00dfes Eisfach und einen Normschliff von 18,8 mm. Im Kickloch steckt standardm\u00e4\u00dfig ein Blindstopfen der je nach belieben entfernt werden kann. Chillum und Bongkopf k\u00f6nnen entfernt werden was die Reinigung erleichtert.<\/p>\n<p>Der Bongsockel hat einen 29,2 mm Schliff.<\/p>\n<p>Der Bong Kopf einen 18,8 mm Schliff.<\/p>\n","protected":false},"excerpt":{"rendered":"<p>Grace Glass Kolbenbong schwarz rot Diese Beaker Bong entstammt einer besonders gelungen Serie aus dem Hause Grace Glass.\u00a0Sie kommt in<\/p>\n","protected":false},"featured_media":21312,"comment_status":"open","ping_status":"open","template":"","meta":{"_acf_changed":false},"product_cat":[2514,2459,2613,2523,2515,2635,2506,2463],"product_tag":[],"acf":[],"_links":{"self":[{"href":"https:\/\/donaulife-new.ogrisdigital.at\/en\/wp-json\/wp\/v2\/product\/51291"}],"collection":[{"href":"https:\/\/donaulife-new.ogrisdigital.at\/en\/wp-json\/wp\/v2\/product"}],"about":[{"href":"https:\/\/donaulife-new.ogrisdigital.at\/en\/wp-json\/wp\/v2\/types\/product"}],"replies":[{"embeddable":true,"href":"https:\/\/donaulife-new.ogrisdigital.at\/en\/wp-json\/wp\/v2\/comments?post=51291"}],"wp:featuredmedia":[{"embeddable":true,"href":"https:\/\/donaulife-new.ogrisdigital.at\/en\/wp-json\/wp\/v2\/media\/21312"}],"wp:attachment":[{"href":"https:\/\/donaulife-new.ogrisdigital.at\/en\/wp-json\/wp\/v2\/media?parent=51291"}],"wp:term":[{"taxonomy":"product_cat","embeddable":true,"href":"https:\/\/donaulife-new.ogrisdigital.at\/en\/wp-json\/wp\/v2\/product_cat?post=51291"},{"taxonomy":"product_tag","embeddable":true,"href":"https:\/\/donaulife-new.ogrisdigital.at\/en\/wp-json\/wp\/v2\/product_tag?post=51291"}],"curies":[{"name":"wp","href":"https:\/\/api.w.org\/{rel}","templated":true}]}}