{"id":51289,"date":"2019-01-28T16:13:09","date_gmt":"2019-01-28T16:13:09","guid":{"rendered":"https:\/\/donaulife-new.ogrisdigital.at\/produkt\/grace-glass-xxx-amsterdam-v5-gruenes-gold-42-cm\/"},"modified":"2024-07-01T00:31:23","modified_gmt":"2024-07-01T00:31:23","slug":"grace-glass-xxx-amsterdam-v5-gruenes-gold-42-cm","status":"publish","type":"product","link":"https:\/\/donaulife-new.ogrisdigital.at\/en\/grace-glass-xxx-amsterdam-v5-gruenes-gold-42-cm\/","title":{"rendered":"GRACE GLASS Amsterdam Series v5 &#8216;Gr\u00fcnes Gold&#8217; | 30 cm"},"content":{"rendered":"<h2>Grace Glass Eisbong mit 30 cm<\/h2>\n<p>Diese Beaker Bong entstammt einer besonders gelungen Serie aus dem Hause Grace Glass.\u00a0Sie kommt in giftgr\u00fcnem Design und hitzebest\u00e4ndigen Borosilikatglas. Die Bong besitzt einen schwarzen Percolator der den Rauch verwirbelt, filtert und somit gleichzeitig k\u00fchlt. Dar\u00fcber hinaus verf\u00fcgt sie \u00fcber ein gro\u00dfes Eisfach und einen Normschliff von 18,8 mm. Im Kickloch steckt standardm\u00e4\u00dfig ein Blindstopfen der je nach belieben entfernt werden kann. Chillum und Bonkopf k\u00f6nnen entfernt werden was die Reinigung erleichtert.<\/p>\n<h3>\u00dcber Grace Glass:<\/h3>\n<p>Unter dem Namen Grace Glass versteht man ausgefallene Bongdesigns kombiniert mit hochwertiger Verarbeitung. Durch diese Kombination hat sich diese 2010 gegr\u00fcndete niederl\u00e4ndische Marke, innerhalb k\u00fcrzester Zeit, einen Platz bei den ganz Gro\u00dfen der Industrie gesichert. Markenzeichen sind die perfekt gesetzten farbigen Akzente und gut verbauten Percolatoren. Die Marke bietet beides, sowohl individuelle Designs f\u00fcrs Auge als auch hervorragende Rauchleistung f\u00fcr den Benutzer. Neben Bongs findest du auch Chillums und Bongk\u00f6pfe von Grace Glass um deine Bong stylisch zu perfektionieren.<\/p>\n","protected":false},"excerpt":{"rendered":"<p>Grace Glass Eisbong mit 30 cm Diese Beaker Bong entstammt einer besonders gelungen Serie aus dem Hause Grace Glass.\u00a0Sie kommt<\/p>\n","protected":false},"featured_media":21286,"comment_status":"open","ping_status":"open","template":"","meta":{"_acf_changed":false},"product_cat":[2514,2459,2613,2507,2546,2523,2515,2635,2577,2506,2463],"product_tag":[],"acf":[],"_links":{"self":[{"href":"https:\/\/donaulife-new.ogrisdigital.at\/en\/wp-json\/wp\/v2\/product\/51289"}],"collection":[{"href":"https:\/\/donaulife-new.ogrisdigital.at\/en\/wp-json\/wp\/v2\/product"}],"about":[{"href":"https:\/\/donaulife-new.ogrisdigital.at\/en\/wp-json\/wp\/v2\/types\/product"}],"replies":[{"embeddable":true,"href":"https:\/\/donaulife-new.ogrisdigital.at\/en\/wp-json\/wp\/v2\/comments?post=51289"}],"wp:featuredmedia":[{"embeddable":true,"href":"https:\/\/donaulife-new.ogrisdigital.at\/en\/wp-json\/wp\/v2\/media\/21286"}],"wp:attachment":[{"href":"https:\/\/donaulife-new.ogrisdigital.at\/en\/wp-json\/wp\/v2\/media?parent=51289"}],"wp:term":[{"taxonomy":"product_cat","embeddable":true,"href":"https:\/\/donaulife-new.ogrisdigital.at\/en\/wp-json\/wp\/v2\/product_cat?post=51289"},{"taxonomy":"product_tag","embeddable":true,"href":"https:\/\/donaulife-new.ogrisdigital.at\/en\/wp-json\/wp\/v2\/product_tag?post=51289"}],"curies":[{"name":"wp","href":"https:\/\/api.w.org\/{rel}","templated":true}]}}