{"id":51279,"date":"2019-01-23T00:35:51","date_gmt":"2019-01-23T00:35:51","guid":{"rendered":"https:\/\/donaulife-new.ogrisdigital.at\/produkt\/arizer-solo-2-carbon-schwarz\/"},"modified":"2024-07-01T00:31:14","modified_gmt":"2024-07-01T00:31:14","slug":"arizer-solo-2-carbon-schwarz","status":"publish","type":"product","link":"https:\/\/donaulife-new.ogrisdigital.at\/en\/arizer-solo-2-carbon-schwarz\/","title":{"rendered":"ARIZER Solo 2 | Kr\u00e4uter"},"content":{"rendered":"<div class=\"grid12-12\">\n<div class=\"grid12-12\">\n<h3><strong>Highlights<\/strong><\/h3>\n<ul>\n<li>OLED Display<\/li>\n<li>kompaktes Design<\/li>\n<li>stufenlose Temperatureinstellung<\/li>\n<\/ul>\n<\/div>\n<div class=\"grid12-12\">\n<h3><strong>Beschreibung<\/strong><\/h3>\n<\/div>\n<div class=\"details\">\n<div class=\"grid12-4\">Der Arizer Solo 2 Vaporizer ist der Nachfolger des Solo von Arizer. Er \u00fcbernimmt die hohen Standards des revolution\u00e4ren Solo. In dem robusten Geh\u00e4use steckt ein verbesserter Luftzug und ein neues OLED Display. Die Akku Laufzeit von ca. drei Stunden bekam ebenfalls ein Update. Die Aufheizzeit betr\u00e4gt 40 Sekunden um 200\u00b0C zu erreichen. W\u00e4hrend des Ladens kann der Solo 2 problemlos genutzt werden. Hierf\u00fcr ist der Ladeport an der Seitenwand platziert worden. Vom Arizer\u00a0Air\u00a0hat der Solo das praktische Silikondeckelchen geerbt, um die Kr\u00e4uterkammer zu sch\u00fctzen.<\/div>\n<div class=\"grid12-4\">Die Mundst\u00fccke des Solos k\u00f6nnen auch f\u00fcr den Solo2 genutzt werden. Die mitgelieferten Mundst\u00fccke k\u00f6nnen circa 0,2g Kr\u00e4utermischung aufnehmen. Das gro\u00dfe OLED Display zeigt den aktuellen Akkustand, sowie die Kammer-Temperatur an. \u00c4nderungen an Helligkeit, Lautst\u00e4rke, dem Signalton, sowie der Wechsel zwischen Fahrenheit und Celsius k\u00f6nnen einfach vorgenommen werden.<\/div>\n<div class=\"grid12-4\"><\/div>\n<\/div>\n<div class=\"clearing\"><strong><span style=\"font-size: 20.16px;\">Lieferumfang<\/span><\/strong><\/div>\n<div class=\"grid12-4\">\n<ul>\n<li>1x Arizer Solo II Vaporizer<\/li>\n<li>1x Ladeger\u00e4t<\/li>\n<li>1x Glasmundst\u00fcck kurz<\/li>\n<li>1x Glasmundst\u00fcck lang<\/li>\n<li>1x Potpourri-Aufsatz<\/li>\n<li>2x Silikonverschluss<\/li>\n<li>1x Reinigungswerkzeug<\/li>\n<li>4x Siebchen<\/li>\n<li>1x Transporttasche<\/li>\n<\/ul>\n<\/div>\n<\/div>\n","protected":false},"excerpt":{"rendered":"<p>Highlights OLED Display kompaktes Design stufenlose Temperatureinstellung Beschreibung Der Arizer Solo 2 Vaporizer ist der Nachfolger des Solo von Arizer.<\/p>\n","protected":false},"featured_media":21200,"comment_status":"open","ping_status":"closed","template":"","meta":{"_acf_changed":false},"product_cat":[2625,2623],"product_tag":[],"acf":[],"_links":{"self":[{"href":"https:\/\/donaulife-new.ogrisdigital.at\/en\/wp-json\/wp\/v2\/product\/51279"}],"collection":[{"href":"https:\/\/donaulife-new.ogrisdigital.at\/en\/wp-json\/wp\/v2\/product"}],"about":[{"href":"https:\/\/donaulife-new.ogrisdigital.at\/en\/wp-json\/wp\/v2\/types\/product"}],"replies":[{"embeddable":true,"href":"https:\/\/donaulife-new.ogrisdigital.at\/en\/wp-json\/wp\/v2\/comments?post=51279"}],"wp:featuredmedia":[{"embeddable":true,"href":"https:\/\/donaulife-new.ogrisdigital.at\/en\/wp-json\/wp\/v2\/media\/21200"}],"wp:attachment":[{"href":"https:\/\/donaulife-new.ogrisdigital.at\/en\/wp-json\/wp\/v2\/media?parent=51279"}],"wp:term":[{"taxonomy":"product_cat","embeddable":true,"href":"https:\/\/donaulife-new.ogrisdigital.at\/en\/wp-json\/wp\/v2\/product_cat?post=51279"},{"taxonomy":"product_tag","embeddable":true,"href":"https:\/\/donaulife-new.ogrisdigital.at\/en\/wp-json\/wp\/v2\/product_tag?post=51279"}],"curies":[{"name":"wp","href":"https:\/\/api.w.org\/{rel}","templated":true}]}}