{"id":51248,"date":"2018-12-30T16:01:45","date_gmt":"2018-12-30T16:01:45","guid":{"rendered":"https:\/\/donaulife-new.ogrisdigital.at\/produkt\/blaze-glass-bubbler-bong-little-bitch-20-cm\/"},"modified":"2025-01-15T07:14:25","modified_gmt":"2025-01-15T07:14:25","slug":"blaze-glass-bubbler-bong-little-bitch-20-cm","status":"publish","type":"product","link":"https:\/\/donaulife-new.ogrisdigital.at\/en\/blaze-glass-bubbler-bong-little-bitch-20-cm\/","title":{"rendered":"BLAZE GLASS Bubbler Bong &#8216;Little Bird&#8217; | 20 cm"},"content":{"rendered":"<h2>Blaze Glass Bubblerbong mit 20 cm<\/h2>\n<div class=\"std\">Auf die Gr\u00f6\u00dfe kommt es nicht an \u2013 das beweist mal wieder die kleine und sehr handliche Multilevel-Glasbong von \u2018Blaze Glass\u2018, die es in sich hat! Da w\u00e4re zuerst der Diffusoradapter, der durch die Wasserverwirbelung f\u00fcr die erste Rauchabk\u00fchlung und \u2013filterung sorgt.<br \/>\nDanach passiert der Rauch einen Trommelperkolator, anschlie\u00dfend zieht er durch einen Spritzschutz mit Diffusorschlitzen. Zu guter Letzt steigt der Rauch durch eine Rauchweg-Verengung in die letzte Kammer auf, bevor er endlich \u2013 gek\u00fchlt, gefiltert, gemildert aber gehaltvoll &#8211; genossen wird.Wer einen noch k\u00fchleren und sanfteren \u201aBlaze\u2018 bevorzugt, kann auf die Rauchweg-Verengung crushed Eis einf\u00fcllen.<br \/>\nDurch ihre Gr\u00f6\u00dfe und die vielen Wasser- und Rauchverwirbeler eignet sich die Wasserpfeife aus Borosilikatglas auch sehr gut zum \u00d6l rauchen. Dazu braucht man nur das Kr\u00e4uterk\u00f6pfchen mit gro\u00dfem Durchlass und praktischen Griff durch einen auf den Schliff passenden \u00d6lnagel, Banger oder eine \u00d6lpfanne auszutauschen.<br \/>\nDie Wandst\u00e4rke von 5mm macht die \u201aKleine\u2018 zudem auch bei Dauergebrauch sehr robust!<\/div>\n<div><\/div>\n<div>\n<div><span style=\"font-size: 20.16px;\">\u00dcber Blaze Glass:<\/span><\/div>\n<div>\n<div>\n<p>Blaze-Glass-Bongs sind aus spannungsfreiem 3.1-Borosilikatglas (vergleichbar mit Duranglas) h\u00f6chster G\u00fcteklasse gefertigt. Mindestens 5 mm Wandst\u00e4rke machen eine Wasserpfeife robust.<br \/>\nWir verwenden extrem passgenaue Normschliffe in 14,5 bzw. 18,8 mm. Je nach Bong-Geometrie kommen normale Schliffe, verst\u00e4rkte Schliffe und bi-stabile Schliffe (doppelte Wand) in unseren Produkten zum Einsatz.<\/p>\n<\/div>\n<\/div>\n<\/div>\n","protected":false},"excerpt":{"rendered":"<p>Blaze Glass Bubblerbong mit 20 cm Auf die Gr\u00f6\u00dfe kommt es nicht an \u2013 das beweist mal wieder die kleine<\/p>\n","protected":false},"featured_media":20974,"comment_status":"open","ping_status":"open","template":"","meta":{"_acf_changed":false},"product_cat":[2514,2545,2459,2513,2549,2550,2577,2506,2463,2520],"product_tag":[2547],"acf":[],"_links":{"self":[{"href":"https:\/\/donaulife-new.ogrisdigital.at\/en\/wp-json\/wp\/v2\/product\/51248"}],"collection":[{"href":"https:\/\/donaulife-new.ogrisdigital.at\/en\/wp-json\/wp\/v2\/product"}],"about":[{"href":"https:\/\/donaulife-new.ogrisdigital.at\/en\/wp-json\/wp\/v2\/types\/product"}],"replies":[{"embeddable":true,"href":"https:\/\/donaulife-new.ogrisdigital.at\/en\/wp-json\/wp\/v2\/comments?post=51248"}],"wp:featuredmedia":[{"embeddable":true,"href":"https:\/\/donaulife-new.ogrisdigital.at\/en\/wp-json\/wp\/v2\/media\/20974"}],"wp:attachment":[{"href":"https:\/\/donaulife-new.ogrisdigital.at\/en\/wp-json\/wp\/v2\/media?parent=51248"}],"wp:term":[{"taxonomy":"product_cat","embeddable":true,"href":"https:\/\/donaulife-new.ogrisdigital.at\/en\/wp-json\/wp\/v2\/product_cat?post=51248"},{"taxonomy":"product_tag","embeddable":true,"href":"https:\/\/donaulife-new.ogrisdigital.at\/en\/wp-json\/wp\/v2\/product_tag?post=51248"}],"curies":[{"name":"wp","href":"https:\/\/api.w.org\/{rel}","templated":true}]}}