{"id":51186,"date":"2018-12-11T11:11:14","date_gmt":"2018-12-11T11:11:14","guid":{"rendered":"https:\/\/donaulife-new.ogrisdigital.at\/produkt\/grace-glass-pearl-series-black-frog-30-cm\/"},"modified":"2025-01-15T07:14:31","modified_gmt":"2025-01-15T07:14:31","slug":"grace-glass-pearl-series-black-frog-30-cm","status":"publish","type":"product","link":"https:\/\/donaulife-new.ogrisdigital.at\/en\/grace-glass-pearl-series-black-frog-30-cm\/","title":{"rendered":"Grace Glass PEARL Series &#8216;Black Frog&#8217; | 30 cm"},"content":{"rendered":"<p>Diese Ice Beaker Bong ist kleiner fetter Begleiter, welche dir exzellente Hits garantiert! Sie besteht aus hitzebest\u00e4ndigem und 7mm dickem Borosilikatglas und die Vorderseite ziert ein schwarzes GG Logo, was einen tollen Akzent zu dem klaren Design der Bong darstellt. Der Bongkopf hat einen Rollstop durch welchen er niemals vom Tisch rollen wird.<\/p>\n<p>Das K\u00f6pfchen steckt in einem 18,8 mm 6-Arm Diffusor Chillum welches selbst auf einen 29,2 mm Schliff \u00fcbersetzt. Durch die Eiszacken kannst du die Bong bis obenhin mit Eis bef\u00fcllen (<a href=\"https:\/\/www.donaulife.com\/smoke-cubes-eisform-fuer-bongeiswuerfel\/\" target=\"_blank\" rel=\"noopener\">Bongeisw\u00fcrfelform<\/a>). Ein Kickloch ist vorhanden und kann zugestoppelt werden.<\/p>\n","protected":false},"excerpt":{"rendered":"<p>Diese Ice Beaker Bong ist kleiner fetter Begleiter, welche dir exzellente Hits garantiert! Sie besteht aus hitzebest\u00e4ndigem und 7mm dickem<\/p>\n","protected":false},"featured_media":20492,"comment_status":"open","ping_status":"open","template":"","meta":{"_acf_changed":false},"product_cat":[2514,2459,2613,2523,2635,2506,2463],"product_tag":[],"acf":[],"_links":{"self":[{"href":"https:\/\/donaulife-new.ogrisdigital.at\/en\/wp-json\/wp\/v2\/product\/51186"}],"collection":[{"href":"https:\/\/donaulife-new.ogrisdigital.at\/en\/wp-json\/wp\/v2\/product"}],"about":[{"href":"https:\/\/donaulife-new.ogrisdigital.at\/en\/wp-json\/wp\/v2\/types\/product"}],"replies":[{"embeddable":true,"href":"https:\/\/donaulife-new.ogrisdigital.at\/en\/wp-json\/wp\/v2\/comments?post=51186"}],"wp:featuredmedia":[{"embeddable":true,"href":"https:\/\/donaulife-new.ogrisdigital.at\/en\/wp-json\/wp\/v2\/media\/20492"}],"wp:attachment":[{"href":"https:\/\/donaulife-new.ogrisdigital.at\/en\/wp-json\/wp\/v2\/media?parent=51186"}],"wp:term":[{"taxonomy":"product_cat","embeddable":true,"href":"https:\/\/donaulife-new.ogrisdigital.at\/en\/wp-json\/wp\/v2\/product_cat?post=51186"},{"taxonomy":"product_tag","embeddable":true,"href":"https:\/\/donaulife-new.ogrisdigital.at\/en\/wp-json\/wp\/v2\/product_tag?post=51186"}],"curies":[{"name":"wp","href":"https:\/\/api.w.org\/{rel}","templated":true}]}}