{"id":51132,"date":"2018-09-20T19:59:14","date_gmt":"2018-09-20T19:59:14","guid":{"rendered":"https:\/\/donaulife-new.ogrisdigital.at\/produkt\/black-leaf-monster-crush-aluminium-grinder-90-mm-durchmesser\/"},"modified":"2024-07-01T00:29:31","modified_gmt":"2024-07-01T00:29:31","slug":"black-leaf-monster-crush-aluminium-grinder-90-mm-durchmesser","status":"publish","type":"product","link":"https:\/\/donaulife-new.ogrisdigital.at\/en\/black-leaf-monster-crush-aluminium-grinder-90-mm-durchmesser\/","title":{"rendered":"BLACK LEAF Aluminium Grinder &#8216;Monster Crush&#8217; 4-teilig | \u00d8 88 mm"},"content":{"rendered":"<h2>Black Leaf Alu Grinder 90mm Durchmesser<\/h2>\n<p>Du brauchst Platz und willst nicht st\u00e4ndig wieder grinden? Der Monster Crush ist deine L\u00f6sung. Mit einem Durchmesser von 88 mm und einer extra gro\u00dfen mittleren Kammer stellt er alle 50 &amp; 60 mm Modelle in den Schatten und befriedigt selbst den h\u00e4rtesten Verbraucher.<\/p>\n<h3>\u00dcber Black Leaf:<\/h3>\n<p>In Weed We Trust ? Smoking\u00a0Paraphernalia\u00a0seit 1988: Bongs, Pfeifen, Vaporizer, Grinder, Dabbing Zubeh\u00f6r, Paper &amp; Filter, Lifestyle Produkte. Es gibt viele Innovative Produkte der Marke die auch die ein oder andere Weltneuheit erschaffen haben. Im Shop bieten wir von allen Produkten die beste Auswahl.<\/p>\n","protected":false},"excerpt":{"rendered":"<p>Black Leaf Alu Grinder 90mm Durchmesser Du brauchst Platz und willst nicht st\u00e4ndig wieder grinden? Der Monster Crush ist deine<\/p>\n","protected":false},"featured_media":19931,"comment_status":"open","ping_status":"open","template":"","meta":{"_acf_changed":false},"product_cat":[2481,2482,2480,2451,2483],"product_tag":[2521],"acf":[],"_links":{"self":[{"href":"https:\/\/donaulife-new.ogrisdigital.at\/en\/wp-json\/wp\/v2\/product\/51132"}],"collection":[{"href":"https:\/\/donaulife-new.ogrisdigital.at\/en\/wp-json\/wp\/v2\/product"}],"about":[{"href":"https:\/\/donaulife-new.ogrisdigital.at\/en\/wp-json\/wp\/v2\/types\/product"}],"replies":[{"embeddable":true,"href":"https:\/\/donaulife-new.ogrisdigital.at\/en\/wp-json\/wp\/v2\/comments?post=51132"}],"wp:featuredmedia":[{"embeddable":true,"href":"https:\/\/donaulife-new.ogrisdigital.at\/en\/wp-json\/wp\/v2\/media\/19931"}],"wp:attachment":[{"href":"https:\/\/donaulife-new.ogrisdigital.at\/en\/wp-json\/wp\/v2\/media?parent=51132"}],"wp:term":[{"taxonomy":"product_cat","embeddable":true,"href":"https:\/\/donaulife-new.ogrisdigital.at\/en\/wp-json\/wp\/v2\/product_cat?post=51132"},{"taxonomy":"product_tag","embeddable":true,"href":"https:\/\/donaulife-new.ogrisdigital.at\/en\/wp-json\/wp\/v2\/product_tag?post=51132"}],"curies":[{"name":"wp","href":"https:\/\/api.w.org\/{rel}","templated":true}]}}