{"id":51100,"date":"2018-09-08T13:40:23","date_gmt":"2018-09-08T13:40:23","guid":{"rendered":"https:\/\/donaulife-new.ogrisdigital.at\/produkt\/grinder-darth-vader\/"},"modified":"2025-01-15T07:14:40","modified_gmt":"2025-01-15T07:14:40","slug":"grinder-darth-vader","status":"publish","type":"product","link":"https:\/\/donaulife-new.ogrisdigital.at\/en\/grinder-darth-vader\/","title":{"rendered":"Grinder &#8216;Ich bin dein Vater&#8217;"},"content":{"rendered":"<h2>Versteckter Grinder &#8216;Der Vater&#8217;<\/h2>\n<p>F\u00fcr alle Freunde von Stern Kriegen haben wir hier genau den richtigen Grinder der bei dir im Regal sicher unauff\u00e4llig wirkt.<br \/>\nDer Grinder ist der bekannten Figur des Star Wars Universums nach empfunden und verbirgt seine Funktion dadurch schon fast zu gut!<\/p>\n<p>Nach dem \u00f6ffnen k\u00f6nnt ihr mit einigen Drehbewegungen das Kraut eurer Wahl zerst\u00f6ren&#8230;<br \/>\nMit dem zerkleinerten Ergebnis k\u00f6nnt ihr in Richtung All starten.<\/p>\n","protected":false},"excerpt":{"rendered":"<p>Versteckter Grinder &#8216;Der Vater&#8217; F\u00fcr alle Freunde von Stern Kriegen haben wir hier genau den richtigen Grinder der bei dir<\/p>\n","protected":false},"featured_media":19595,"comment_status":"open","ping_status":"open","template":"","meta":{"_acf_changed":false},"product_cat":[2570,2480,2451,2483],"product_tag":[],"acf":[],"_links":{"self":[{"href":"https:\/\/donaulife-new.ogrisdigital.at\/en\/wp-json\/wp\/v2\/product\/51100"}],"collection":[{"href":"https:\/\/donaulife-new.ogrisdigital.at\/en\/wp-json\/wp\/v2\/product"}],"about":[{"href":"https:\/\/donaulife-new.ogrisdigital.at\/en\/wp-json\/wp\/v2\/types\/product"}],"replies":[{"embeddable":true,"href":"https:\/\/donaulife-new.ogrisdigital.at\/en\/wp-json\/wp\/v2\/comments?post=51100"}],"wp:featuredmedia":[{"embeddable":true,"href":"https:\/\/donaulife-new.ogrisdigital.at\/en\/wp-json\/wp\/v2\/media\/19595"}],"wp:attachment":[{"href":"https:\/\/donaulife-new.ogrisdigital.at\/en\/wp-json\/wp\/v2\/media?parent=51100"}],"wp:term":[{"taxonomy":"product_cat","embeddable":true,"href":"https:\/\/donaulife-new.ogrisdigital.at\/en\/wp-json\/wp\/v2\/product_cat?post=51100"},{"taxonomy":"product_tag","embeddable":true,"href":"https:\/\/donaulife-new.ogrisdigital.at\/en\/wp-json\/wp\/v2\/product_tag?post=51100"}],"curies":[{"name":"wp","href":"https:\/\/api.w.org\/{rel}","templated":true}]}}