{"id":51073,"date":"2018-07-29T13:21:39","date_gmt":"2018-07-29T13:21:39","guid":{"rendered":"https:\/\/donaulife-new.ogrisdigital.at\/produkt\/firefly-2-mobiler-vaporzer-fuer-kraeuter-extrakte\/"},"modified":"2024-07-01T00:28:51","modified_gmt":"2024-07-01T00:28:51","slug":"firefly-2-mobiler-vaporzer-fuer-kraeuter-extrakte","status":"publish","type":"product","link":"https:\/\/donaulife-new.ogrisdigital.at\/en\/firefly-2-mobiler-vaporzer-fuer-kraeuter-extrakte\/","title":{"rendered":"FIREFLY 2+ mobiler Vaporzer f\u00fcr Kr\u00e4uter + Extrakte"},"content":{"rendered":"<div class=\"grid12-6\">\n<h3><strong>Kleiner, besser, leichter<\/strong><\/h3>\n<p>Startklar in 3 Sekunden. Egal, ob ein Zug oder mehrere hintereinander, frischer Dampf ist immer startklar. Der Firefly 2+ k\u00fchlt ebenso schnell ab, wie er aufheizt. Somit entspriht jeder Zug einen neuen Session. Kontrollierte Dosierung mit jedem Zug. Der Firefly 2+ ist der einzige Verdampfer, der sich bei jedem Zug \u00fcber einen weiten Temperaturbereich dynamisch erw\u00e4rmt. Beim ziehen wird die Lufttemperatur auf das eingestellte Maximum erh\u00f6ht.<\/p>\n<div class=\"grid12-3\">Die glatte Oberfl\u00e4che des Glasdampfwegs und der leicht zug\u00e4ngliche Magnetdeckel machen das Laden und Reinigen zum Kinderspiel. Die dynamische Konvektionstechnologie von Firefly liefert reichhaltigen, w\u00fcrzigen Dampf in Sekunden und gibt Ihre Kr\u00e4uter und Konzentrate in ihrer frischesten Form wieder.<br \/>\nDas Material wird nur erhitzt, wenn inhaliert wird, somit geht nichts verloren. Da die Inhalation auf 10+ Sekunden Haltbarkeit ausgelegt ist, hat man die Chance tiefe Atemz\u00fcge zu nehmen und das volle Aroma auszukosten. Automatische Firmware-Updates stellen sicher, dass die Software immer auf dem neuesten Stand ist.<\/div>\n<h3><strong>Smartphone App<\/strong><\/h3>\n<p>Eine weitere Neuerung ist die M\u00f6glichkeit seinen Firefly mit seinem Smartphone per App zu verbinden. Damit erh\u00e4lt man 6 weitere voreingestellte Temperaturstufen:<\/p>\n<ul>\n<li>Low: 171\u00b0C<\/li>\n<li>Medium Low: 182\u00b0C<\/li>\n<li>Medium: 193\u00b0C<\/li>\n<li>Medium High: 204\u00b0C<\/li>\n<li>High: 215\u00b0C<\/li>\n<li>Konzentrate: 260\u00b0C<\/li>\n<\/ul>\n<\/div>\n<div class=\"grid12-6\">\n<h3><strong>Ber\u00fchrungssensor<\/strong><\/h3>\n<p>Der Firefly 2 wird mittels Ber\u00fchrungssensor gesteuert. Damit ist die Gefahr, dass man sein Ger\u00e4t unabsichtlich in seiner Tasche aktiviert gepannt. Die 2 Sensoren befinden sich seitlich des Ger\u00e4ts und m\u00fcssen gleichzeitig bet\u00e4tigt werden, um den Heizvorgang zu starten.<\/p>\n<h3><strong>Schneller Ladevorgang<\/strong><\/h3>\n<p>Mit der Ladestation mit USB &#8211; Kabel l\u00e4sst sich das Ger\u00e4t in 45 Minuten vollst\u00e4ndig aufladen und an jeden USB 3.0 kompatiblen Anschluss anbinden, praktisch f\u00fcr unterwegs.<\/p>\n<h3><strong>Technische Daten<\/strong><\/h3>\n<p>Gr\u00f6\u00dfe: 17mm x 17mm x 8mm<br \/>\nAufheizzeit (zu 225\u00b0C): 5 Sekunden<br \/>\nDampfweg: Borosilikatglas<br \/>\nLadezeit: 45 Minuten<br \/>\nAkku: 7.4V Li-Ion<br \/>\nAktivierung: dualer Ber\u00fchrungssensor<\/p>\n<\/div>\n<div class=\"clearing\"><\/div>\n<div class=\"grid12-12\">\n<h3><strong>Lieferumfang<\/strong><\/h3>\n<ul>\n<li>Firefly 2+ Vaporizer<\/li>\n<li>1 Batterie<\/li>\n<li>Ladestation<\/li>\n<li>USB 3.0 Kabel<\/li>\n<li>1 Tropfenkissen<\/li>\n<li>3 alkoholgetr\u00e4nkte T\u00fccher<\/li>\n<li>1 x Bedienungsanleitung<\/li>\n<\/ul>\n<\/div>\n","protected":false},"excerpt":{"rendered":"<p>Kleiner, besser, leichter Startklar in 3 Sekunden. Egal, ob ein Zug oder mehrere hintereinander, frischer Dampf ist immer startklar. Der<\/p>\n","protected":false},"featured_media":19471,"comment_status":"open","ping_status":"closed","template":"","meta":{"_acf_changed":false},"product_cat":[2625,2623],"product_tag":[],"acf":[],"_links":{"self":[{"href":"https:\/\/donaulife-new.ogrisdigital.at\/en\/wp-json\/wp\/v2\/product\/51073"}],"collection":[{"href":"https:\/\/donaulife-new.ogrisdigital.at\/en\/wp-json\/wp\/v2\/product"}],"about":[{"href":"https:\/\/donaulife-new.ogrisdigital.at\/en\/wp-json\/wp\/v2\/types\/product"}],"replies":[{"embeddable":true,"href":"https:\/\/donaulife-new.ogrisdigital.at\/en\/wp-json\/wp\/v2\/comments?post=51073"}],"wp:featuredmedia":[{"embeddable":true,"href":"https:\/\/donaulife-new.ogrisdigital.at\/en\/wp-json\/wp\/v2\/media\/19471"}],"wp:attachment":[{"href":"https:\/\/donaulife-new.ogrisdigital.at\/en\/wp-json\/wp\/v2\/media?parent=51073"}],"wp:term":[{"taxonomy":"product_cat","embeddable":true,"href":"https:\/\/donaulife-new.ogrisdigital.at\/en\/wp-json\/wp\/v2\/product_cat?post=51073"},{"taxonomy":"product_tag","embeddable":true,"href":"https:\/\/donaulife-new.ogrisdigital.at\/en\/wp-json\/wp\/v2\/product_tag?post=51073"}],"curies":[{"name":"wp","href":"https:\/\/api.w.org\/{rel}","templated":true}]}}