{"id":51060,"date":"2018-07-12T15:45:49","date_gmt":"2018-07-12T15:45:49","guid":{"rendered":"https:\/\/donaulife-new.ogrisdigital.at\/produkt\/black-leaf-quartz-dab-nail-145-mm\/"},"modified":"2024-07-01T00:28:42","modified_gmt":"2024-07-01T00:28:42","slug":"black-leaf-quartz-dab-nail-145-mm","status":"publish","type":"product","link":"https:\/\/donaulife-new.ogrisdigital.at\/en\/black-leaf-quartz-dab-nail-145-mm\/","title":{"rendered":"BLACK LEAF Dab Nail | Quarz"},"content":{"rendered":"<h2>Black Leaf Dab Nagel aus Quarz Glas<\/h2>\n<p>Dieser hochwertige Quarznagel ist perfekt dazu geeignet deine Kr\u00e4uterextrakte in s\u00fc\u00dflichen Dampf zu verwandeln.<\/p>\n<p><em>Achtung:<br \/>\nDer \u00d6l-Nagel darf nur an der Spitze erhitzt werden, da sonst die Gefahr besteht, dass der Schliff wegen Ausdehnung des Nagels bricht.<\/em><\/p>\n<h3><span style=\"font-size: 20.16px;\">\u00dcber Black Leaf:<\/span><\/h3>\n<div>\n<p>In Weed We Trust ? Smoking\u00a0<em>Paraphernalia<\/em> seit 1988: Bongs, Pfeifen, Vaporizer, Grinder, Dabbing Zubeh\u00f6r, Paper &amp; Filter, Lifestyle Produkte. Es gibt viele Innovative Produkte der Marke die auch die ein oder andere Weltneuheit erschaffen haben. Im Shop bieten wir von allen Produkten die beste Auswahl.<\/p>\n<\/div>\n","protected":false},"excerpt":{"rendered":"<p>Black Leaf Dab Nagel aus Quarz Glas Dieser hochwertige Quarznagel ist perfekt dazu geeignet deine Kr\u00e4uterextrakte in s\u00fc\u00dflichen Dampf zu<\/p>\n","protected":false},"featured_media":19347,"comment_status":"open","ping_status":"closed","template":"","meta":{"_acf_changed":false},"product_cat":[2459,2552,2549,2578,2460],"product_tag":[2521],"acf":[],"_links":{"self":[{"href":"https:\/\/donaulife-new.ogrisdigital.at\/en\/wp-json\/wp\/v2\/product\/51060"}],"collection":[{"href":"https:\/\/donaulife-new.ogrisdigital.at\/en\/wp-json\/wp\/v2\/product"}],"about":[{"href":"https:\/\/donaulife-new.ogrisdigital.at\/en\/wp-json\/wp\/v2\/types\/product"}],"replies":[{"embeddable":true,"href":"https:\/\/donaulife-new.ogrisdigital.at\/en\/wp-json\/wp\/v2\/comments?post=51060"}],"wp:featuredmedia":[{"embeddable":true,"href":"https:\/\/donaulife-new.ogrisdigital.at\/en\/wp-json\/wp\/v2\/media\/19347"}],"wp:attachment":[{"href":"https:\/\/donaulife-new.ogrisdigital.at\/en\/wp-json\/wp\/v2\/media?parent=51060"}],"wp:term":[{"taxonomy":"product_cat","embeddable":true,"href":"https:\/\/donaulife-new.ogrisdigital.at\/en\/wp-json\/wp\/v2\/product_cat?post=51060"},{"taxonomy":"product_tag","embeddable":true,"href":"https:\/\/donaulife-new.ogrisdigital.at\/en\/wp-json\/wp\/v2\/product_tag?post=51060"}],"curies":[{"name":"wp","href":"https:\/\/api.w.org\/{rel}","templated":true}]}}