{"id":51054,"date":"2018-07-12T10:04:26","date_gmt":"2018-07-12T10:04:26","guid":{"rendered":"https:\/\/donaulife-new.ogrisdigital.at\/produkt\/ocb-filter-tips-perforiert-50-stk\/"},"modified":"2025-01-15T07:14:45","modified_gmt":"2025-01-15T07:14:45","slug":"ocb-filter-tips-perforiert-50-stk","status":"publish","type":"product","link":"https:\/\/donaulife-new.ogrisdigital.at\/en\/ocb-filter-tips-perforiert-50-stk\/","title":{"rendered":"OCB Filter Tips perforiert 50 Stk."},"content":{"rendered":"<p>Mit den Filter Tips von OCB l\u00e4sst sich viel machen. Zum Beispiel ein Daumenkino. Oder man verwendet die Tips zum Eindrehen, das klappt sicher besser dank der Vorperforierung f\u00fcr einfaches Drehen. 50 St\u00fcck in einem B\u00fcchlein.<\/p>\n","protected":false},"excerpt":{"rendered":"<p>Mit den Filter Tips von OCB l\u00e4sst sich viel machen. Zum Beispiel ein Daumenkino. Oder man verwendet die Tips zum<\/p>\n","protected":false},"featured_media":19325,"comment_status":"open","ping_status":"open","template":"","meta":{"_acf_changed":false},"product_cat":[2489,2499,2500,2451,2752],"product_tag":[],"acf":[],"_links":{"self":[{"href":"https:\/\/donaulife-new.ogrisdigital.at\/en\/wp-json\/wp\/v2\/product\/51054"}],"collection":[{"href":"https:\/\/donaulife-new.ogrisdigital.at\/en\/wp-json\/wp\/v2\/product"}],"about":[{"href":"https:\/\/donaulife-new.ogrisdigital.at\/en\/wp-json\/wp\/v2\/types\/product"}],"replies":[{"embeddable":true,"href":"https:\/\/donaulife-new.ogrisdigital.at\/en\/wp-json\/wp\/v2\/comments?post=51054"}],"wp:featuredmedia":[{"embeddable":true,"href":"https:\/\/donaulife-new.ogrisdigital.at\/en\/wp-json\/wp\/v2\/media\/19325"}],"wp:attachment":[{"href":"https:\/\/donaulife-new.ogrisdigital.at\/en\/wp-json\/wp\/v2\/media?parent=51054"}],"wp:term":[{"taxonomy":"product_cat","embeddable":true,"href":"https:\/\/donaulife-new.ogrisdigital.at\/en\/wp-json\/wp\/v2\/product_cat?post=51054"},{"taxonomy":"product_tag","embeddable":true,"href":"https:\/\/donaulife-new.ogrisdigital.at\/en\/wp-json\/wp\/v2\/product_tag?post=51054"}],"curies":[{"name":"wp","href":"https:\/\/api.w.org\/{rel}","templated":true}]}}