{"id":51041,"date":"2018-07-11T17:47:59","date_gmt":"2018-07-11T17:47:59","guid":{"rendered":"https:\/\/donaulife-new.ogrisdigital.at\/produkt\/black-leaf-silikontonne-oil-fuer-extrakte\/"},"modified":"2024-07-01T00:28:30","modified_gmt":"2024-07-01T00:28:30","slug":"black-leaf-silikontonne-oil-fuer-extrakte","status":"publish","type":"product","link":"https:\/\/donaulife-new.ogrisdigital.at\/en\/black-leaf-silikontonne-oil-fuer-extrakte\/","title":{"rendered":"BLACK LEAF Silikontonne &#8216;OIL&#8217;  f\u00fcr Extrakte"},"content":{"rendered":"<h2>Black Leaf Silikon Tonne<\/h2>\n<p>Im \u00d6lfass kannst du bis zu 7g Extrakte, \u00d6le oder Hasch verstauen.<\/p>\n<p>Bunt = 3 zuf\u00e4lige Farben gemischt wie beim Rasta Design.<\/p>\n<div><span style=\"font-size: 20.16px;\">\u00dcber Black Leaf:<\/span><\/div>\n<div>\n<p>In Weed We Trust ? Smoking\u00a0<em>Paraphernalia<\/em> seit 1988: Bongs, Pfeifen, Vaporizer, Grinder, Dabbing Zubeh\u00f6r, Paper &amp; Filter, Lifestyle Produkte. Es gibt viele Innovative Produkte der Marke die auch die ein oder andere Weltneuheit erschaffen haben. Im Shop bieten wir von allen Produkten die beste Auswahl.<\/p>\n<\/div>\n","protected":false},"excerpt":{"rendered":"<p>Black Leaf Silikon Tonne Im \u00d6lfass kannst du bis zu 7g Extrakte, \u00d6le oder Hasch verstauen. Bunt = 3 zuf\u00e4lige<\/p>\n","protected":false},"featured_media":19259,"comment_status":"open","ping_status":"closed","template":"","meta":{"_acf_changed":false},"product_cat":[2607,2549,2451,2608],"product_tag":[2521],"acf":[],"_links":{"self":[{"href":"https:\/\/donaulife-new.ogrisdigital.at\/en\/wp-json\/wp\/v2\/product\/51041"}],"collection":[{"href":"https:\/\/donaulife-new.ogrisdigital.at\/en\/wp-json\/wp\/v2\/product"}],"about":[{"href":"https:\/\/donaulife-new.ogrisdigital.at\/en\/wp-json\/wp\/v2\/types\/product"}],"replies":[{"embeddable":true,"href":"https:\/\/donaulife-new.ogrisdigital.at\/en\/wp-json\/wp\/v2\/comments?post=51041"}],"wp:featuredmedia":[{"embeddable":true,"href":"https:\/\/donaulife-new.ogrisdigital.at\/en\/wp-json\/wp\/v2\/media\/19259"}],"wp:attachment":[{"href":"https:\/\/donaulife-new.ogrisdigital.at\/en\/wp-json\/wp\/v2\/media?parent=51041"}],"wp:term":[{"taxonomy":"product_cat","embeddable":true,"href":"https:\/\/donaulife-new.ogrisdigital.at\/en\/wp-json\/wp\/v2\/product_cat?post=51041"},{"taxonomy":"product_tag","embeddable":true,"href":"https:\/\/donaulife-new.ogrisdigital.at\/en\/wp-json\/wp\/v2\/product_tag?post=51041"}],"curies":[{"name":"wp","href":"https:\/\/api.w.org\/{rel}","templated":true}]}}