{"id":51030,"date":"2018-07-11T13:43:27","date_gmt":"2018-07-11T13:43:27","guid":{"rendered":"https:\/\/donaulife-new.ogrisdigital.at\/produkt\/piecemaker-kermit-green-glow-silikonbong\/"},"modified":"2024-07-01T00:28:23","modified_gmt":"2024-07-01T00:28:23","slug":"piecemaker-kermit-green-glow-silikonbong","status":"publish","type":"product","link":"https:\/\/donaulife-new.ogrisdigital.at\/en\/piecemaker-kermit-green-glow-silikonbong\/","title":{"rendered":"PIECEMAKER &#8216;Kermit&#8217; Silikonbong | 27 cm"},"content":{"rendered":"<h2>Piecemaker Silikonbong glow in the dark<\/h2>\n<p>Die flexible Wasserpfeife \u2018Kermit\u2018 von \u2018PieceMaker\u2018, USA, aus hochwertigem, lebensmittelechtem Silikon, ist ideal f\u00fcr den t\u00e4glichen Gebrauch, auf Reisen und Festivals, auf hoher See und dem Balkon oder sogar auf der Flucht nach einer Zombie-Apokalypse! Da auch das Shillum mit Diffusorschlitzen aus Silikon ist, kommt diese Bong ganz ohne Glasteile aus \u2013 und der Besitzer durch jede Einlasskontrolle.<\/p>\n<p>Die Silikonpfeife ist leicht, l\u00e4sst sich zusammenklappen und ist kaum kaputt zu kriegen. Der Kr\u00e4uterkopf hat ein integriertes Siebchen und eine Verschlusskappe, au\u00dferdem einen Halter f\u00fcr BIC-Feuerzeuge (ein Clipper-Feuerzeug h\u00e4lt auch!) im Standfu\u00df. F\u00fcr den optimalen Hit hat \u2018Kermit\u2018 ein Kickloch.<\/p>\n<h3><span style=\"font-size: 20.16px;\">\u00dcber Black Leaf:<\/span><\/h3>\n<div>\n<p>In Weed We Trust ? Smoking\u00a0<em>Paraphernalia<\/em> seit 1988: Bongs, Pfeifen, Vaporizer, Grinder, Dabbing Zubeh\u00f6r, Paper &amp; Filter, Lifestyle Produkte. Es gibt viele Innovative Produkte der Marke die auch die ein oder andere Weltneuheit erschaffen haben. Im Shop bieten wir von allen Produkten die beste Auswahl.<\/p>\n<\/div>\n","protected":false},"excerpt":{"rendered":"<p>Piecemaker Silikonbong glow in the dark Die flexible Wasserpfeife \u2018Kermit\u2018 von \u2018PieceMaker\u2018, USA, aus hochwertigem, lebensmittelechtem Silikon, ist ideal f\u00fcr<\/p>\n","protected":false},"featured_media":19179,"comment_status":"open","ping_status":"open","template":"","meta":{"_acf_changed":false},"product_cat":[2886,2459,2510,2507,2546,2515,2506,2463,2887,2807],"product_tag":[2521],"acf":[],"_links":{"self":[{"href":"https:\/\/donaulife-new.ogrisdigital.at\/en\/wp-json\/wp\/v2\/product\/51030"}],"collection":[{"href":"https:\/\/donaulife-new.ogrisdigital.at\/en\/wp-json\/wp\/v2\/product"}],"about":[{"href":"https:\/\/donaulife-new.ogrisdigital.at\/en\/wp-json\/wp\/v2\/types\/product"}],"replies":[{"embeddable":true,"href":"https:\/\/donaulife-new.ogrisdigital.at\/en\/wp-json\/wp\/v2\/comments?post=51030"}],"wp:featuredmedia":[{"embeddable":true,"href":"https:\/\/donaulife-new.ogrisdigital.at\/en\/wp-json\/wp\/v2\/media\/19179"}],"wp:attachment":[{"href":"https:\/\/donaulife-new.ogrisdigital.at\/en\/wp-json\/wp\/v2\/media?parent=51030"}],"wp:term":[{"taxonomy":"product_cat","embeddable":true,"href":"https:\/\/donaulife-new.ogrisdigital.at\/en\/wp-json\/wp\/v2\/product_cat?post=51030"},{"taxonomy":"product_tag","embeddable":true,"href":"https:\/\/donaulife-new.ogrisdigital.at\/en\/wp-json\/wp\/v2\/product_tag?post=51030"}],"curies":[{"name":"wp","href":"https:\/\/api.w.org\/{rel}","templated":true}]}}