{"id":50922,"date":"2018-06-02T23:52:10","date_gmt":"2018-06-02T23:52:10","guid":{"rendered":"https:\/\/donaulife-new.ogrisdigital.at\/produkt\/boost-pro-bong-red-bolt-5mm-45-cm\/"},"modified":"2024-07-01T00:26:57","modified_gmt":"2024-07-01T00:26:57","slug":"boost-pro-bong-red-bolt-5mm-45-cm","status":"publish","type":"product","link":"https:\/\/donaulife-new.ogrisdigital.at\/en\/boost-pro-bong-red-bolt-5mm-45-cm\/","title":{"rendered":"BOOST Pro Bong &#8216;Bolt&#8217; schwarz\/rot | 32\/45 cm"},"content":{"rendered":"<h2>Boost Pro Bong in rot oder schwarz<\/h2>\n<p>Die Red Bolt Bong von Boost besticht mit einem fetten roten Boost Schriftzug und den geknickten Hals! Mit 45 cm z\u00e4hlt die Boost zu den mittleren Gr\u00f6\u00dfen und weist neben einen Kick Loch auch rillen f\u00fcr besseren Halt auf. Der rote Boost\u00a0 Pro Schriftzug findet sich neben dem Hauptrohr auch auf dem Chillum wieder. Das klare Glash\u00fctchen besitzt einen einen Griff sowie 18,8 mm Schliff und kann somit auch mit allen Vork\u00fchlern dieses Schliffs erweitert werden.<\/p>\n<p>Der Rauch wird bei dieser Bong\u00a0durch das Chillum zus\u00e4tzlich verwirbelt und durch den langen 45 cm langen Hals gek\u00fchlt. Zus\u00e4tzlich kann diese bis obenhin mit Eis gef\u00fcllt werden um die Hits unglaublich k\u00fchl zu halten.<\/p>\n<p>Black Bolt &#8211; 32 cm<br \/>\nRed Bolt &#8211; 45 cm<\/p>\n<h3>\u00dcber Boost:<\/h3>\n<p>Die Bongschmiede von Boost zeigt das gute Qualit\u00e4t nicht immer extrem teuer sein muss. Von einfachen geraden Bongs bis hin zu Percolator Bongs und au\u00dfergew\u00f6hlichen Formen bietet Boost f\u00fcr jeden Geschmack die richtige Glasvase. Auch beim Zubeh\u00f6r bietet der Hersteller hochwertige Bong K\u00f6pfe, Vork\u00fchler sowie Diffusor Chillums die mit vielen Modellen kompatibel sind. Wer noch stabilere Glaswaren sucht sollte auf den Zusatz Boost PRO achten. Diese sind dicker und meist mit weiteren Gimmicks wie zum Beispiel einem Eisfach ausgestattet.<\/p>\n","protected":false},"excerpt":{"rendered":"<p>Boost Pro Bong in rot oder schwarz Die Red Bolt Bong von Boost besticht mit einem fetten roten Boost Schriftzug<\/p>\n","protected":false},"featured_media":18343,"comment_status":"open","ping_status":"closed","template":"","meta":{"_acf_changed":false},"product_cat":[2514,2459,2706,2507,2515,2506,2463],"product_tag":[2707],"acf":[],"_links":{"self":[{"href":"https:\/\/donaulife-new.ogrisdigital.at\/en\/wp-json\/wp\/v2\/product\/50922"}],"collection":[{"href":"https:\/\/donaulife-new.ogrisdigital.at\/en\/wp-json\/wp\/v2\/product"}],"about":[{"href":"https:\/\/donaulife-new.ogrisdigital.at\/en\/wp-json\/wp\/v2\/types\/product"}],"replies":[{"embeddable":true,"href":"https:\/\/donaulife-new.ogrisdigital.at\/en\/wp-json\/wp\/v2\/comments?post=50922"}],"wp:featuredmedia":[{"embeddable":true,"href":"https:\/\/donaulife-new.ogrisdigital.at\/en\/wp-json\/wp\/v2\/media\/18343"}],"wp:attachment":[{"href":"https:\/\/donaulife-new.ogrisdigital.at\/en\/wp-json\/wp\/v2\/media?parent=50922"}],"wp:term":[{"taxonomy":"product_cat","embeddable":true,"href":"https:\/\/donaulife-new.ogrisdigital.at\/en\/wp-json\/wp\/v2\/product_cat?post=50922"},{"taxonomy":"product_tag","embeddable":true,"href":"https:\/\/donaulife-new.ogrisdigital.at\/en\/wp-json\/wp\/v2\/product_tag?post=50922"}],"curies":[{"name":"wp","href":"https:\/\/api.w.org\/{rel}","templated":true}]}}