{"id":50785,"date":"2018-02-17T09:33:03","date_gmt":"2018-02-17T09:33:03","guid":{"rendered":"https:\/\/donaulife-new.ogrisdigital.at\/produkt\/black-leaf-oel-kopf-inline-orange-145-mm\/"},"modified":"2025-01-15T07:15:21","modified_gmt":"2025-01-15T07:15:21","slug":"black-leaf-oel-kopf-inline-orange-145-mm","status":"publish","type":"product","link":"https:\/\/donaulife-new.ogrisdigital.at\/en\/black-leaf-oel-kopf-inline-orange-145-mm\/","title":{"rendered":"BLACK LEAF \u00d6l-Kopf &#8216;Inline&#8217; orange | 14,5 mm"},"content":{"rendered":"<h2>Black Leaf \u00d6l Nagel aus Quartz Glas<\/h2>\n<p>Dieser revolution\u00e4r gestaltete Dab-Nail mit geradem Ansatz kann dazu genutzt werden um \u00d6le und andere Essenzen zu verdampfen. Der \u00d6leinsatz ist farblich orange abgesetzt und innen mit mehreren L\u00f6chern ausgestattet die als Dampfdurchl\u00e4sse dienen. Geliefert wird dieser Nagel in einer eigenen Verpackung, dadurch eignet sich dieser Nagel besonders gut als Geschenk. Das K\u00f6fpchen hat einen 14,5 mm Normschliff.<\/p>\n<p><em>Vorsicht: Der Nagel darf nur oben an der Pfanne erhitzt werden, da sonst die Gefahr besteht, dass der Schliff sich ausdehnt und bricht.<\/em><\/p>\n<h3><span style=\"font-size: 20.16px;\">\u00dcber Black Leaf:<\/span><\/h3>\n<div>\n<p>In Weed We Trust ? Smoking\u00a0<em>Paraphernalia<\/em> seit 1988: Bongs, Pfeifen, Vaporizer, Grinder, Dabbing Zubeh\u00f6r, Paper &amp; Filter, Lifestyle Produkte. Es gibt viele Innovative Produkte der Marke die auch die ein oder andere Weltneuheit erschaffen haben. Im Shop bieten wir von allen Produkten die beste Auswahl.<\/p>\n<\/div>\n","protected":false},"excerpt":{"rendered":"<p>Black Leaf \u00d6l Nagel aus Quartz Glas Dieser revolution\u00e4r gestaltete Dab-Nail mit geradem Ansatz kann dazu genutzt werden um \u00d6le<\/p>\n","protected":false},"featured_media":17254,"comment_status":"open","ping_status":"closed","template":"","meta":{"_acf_changed":false},"product_cat":[2459,2552,2549,2578,2460],"product_tag":[2521],"acf":[],"_links":{"self":[{"href":"https:\/\/donaulife-new.ogrisdigital.at\/en\/wp-json\/wp\/v2\/product\/50785"}],"collection":[{"href":"https:\/\/donaulife-new.ogrisdigital.at\/en\/wp-json\/wp\/v2\/product"}],"about":[{"href":"https:\/\/donaulife-new.ogrisdigital.at\/en\/wp-json\/wp\/v2\/types\/product"}],"replies":[{"embeddable":true,"href":"https:\/\/donaulife-new.ogrisdigital.at\/en\/wp-json\/wp\/v2\/comments?post=50785"}],"wp:featuredmedia":[{"embeddable":true,"href":"https:\/\/donaulife-new.ogrisdigital.at\/en\/wp-json\/wp\/v2\/media\/17254"}],"wp:attachment":[{"href":"https:\/\/donaulife-new.ogrisdigital.at\/en\/wp-json\/wp\/v2\/media?parent=50785"}],"wp:term":[{"taxonomy":"product_cat","embeddable":true,"href":"https:\/\/donaulife-new.ogrisdigital.at\/en\/wp-json\/wp\/v2\/product_cat?post=50785"},{"taxonomy":"product_tag","embeddable":true,"href":"https:\/\/donaulife-new.ogrisdigital.at\/en\/wp-json\/wp\/v2\/product_tag?post=50785"}],"curies":[{"name":"wp","href":"https:\/\/api.w.org\/{rel}","templated":true}]}}