{"id":50777,"date":"2018-02-16T18:08:43","date_gmt":"2018-02-16T18:08:43","guid":{"rendered":"https:\/\/donaulife-new.ogrisdigital.at\/produkt\/schmand-weg-bongreiniger\/"},"modified":"2024-07-01T00:25:13","modified_gmt":"2024-07-01T00:25:13","slug":"schmand-weg-bongreiniger","status":"publish","type":"product","link":"https:\/\/donaulife-new.ogrisdigital.at\/en\/schmand-weg-bongreiniger\/","title":{"rendered":"SCHMAND WEG Bongreiniger"},"content":{"rendered":"<h2>Schmand Weg Bongreiniger<\/h2>\n<p>Ein Mittel f\u00fcr die intensive Reinigung von Wasserpfeifen. Beseitigt neben Schmutz auch \u00fcble Ger\u00fcche und ist zu 100% biologisch abbaubar. Der Reiniger ist nicht f\u00fcr die Reinigung von Acrylpfeifen geeignet.<\/p>\n<p>Anwendung: 2 <a class=\"ab-item\" title=\"Rank Math Dashboard\" href=\"https:\/\/donaulife-new.ogrisdigital.at\/wp-admin\/admin.php?page=rank-math\" aria-haspopup=\"true\"><span class=\"rank-math-text\">Rank Math SEO<\/span><\/a>Teel\u00f6ffel in 1 Liter warmen Wasser aufl\u00f6sen, danach in die Pfeife geben und gut durchsch\u00fctteln. Danach l\u00e4sst man den Reiniger in etwa 5 &#8211; 10 einwirken und wird danach im Optimalfall mit warmen Wasser ausgesp\u00fclt.<\/p>\n","protected":false},"excerpt":{"rendered":"<p>Schmand Weg Bongreiniger Ein Mittel f\u00fcr die intensive Reinigung von Wasserpfeifen. Beseitigt neben Schmutz auch \u00fcble Ger\u00fcche und ist zu<\/p>\n","protected":false},"featured_media":17198,"comment_status":"open","ping_status":"closed","template":"","meta":{"_acf_changed":false},"product_cat":[2459,2718,2734,2460],"product_tag":[],"acf":[],"_links":{"self":[{"href":"https:\/\/donaulife-new.ogrisdigital.at\/en\/wp-json\/wp\/v2\/product\/50777"}],"collection":[{"href":"https:\/\/donaulife-new.ogrisdigital.at\/en\/wp-json\/wp\/v2\/product"}],"about":[{"href":"https:\/\/donaulife-new.ogrisdigital.at\/en\/wp-json\/wp\/v2\/types\/product"}],"replies":[{"embeddable":true,"href":"https:\/\/donaulife-new.ogrisdigital.at\/en\/wp-json\/wp\/v2\/comments?post=50777"}],"wp:featuredmedia":[{"embeddable":true,"href":"https:\/\/donaulife-new.ogrisdigital.at\/en\/wp-json\/wp\/v2\/media\/17198"}],"wp:attachment":[{"href":"https:\/\/donaulife-new.ogrisdigital.at\/en\/wp-json\/wp\/v2\/media?parent=50777"}],"wp:term":[{"taxonomy":"product_cat","embeddable":true,"href":"https:\/\/donaulife-new.ogrisdigital.at\/en\/wp-json\/wp\/v2\/product_cat?post=50777"},{"taxonomy":"product_tag","embeddable":true,"href":"https:\/\/donaulife-new.ogrisdigital.at\/en\/wp-json\/wp\/v2\/product_tag?post=50777"}],"curies":[{"name":"wp","href":"https:\/\/api.w.org\/{rel}","templated":true}]}}