{"id":50716,"date":"2018-01-02T17:46:11","date_gmt":"2018-01-02T17:46:11","guid":{"rendered":"https:\/\/donaulife-new.ogrisdigital.at\/produkt\/boost-bong-bolt-49-cm\/"},"modified":"2025-01-15T07:15:38","modified_gmt":"2025-01-15T07:15:38","slug":"boost-bong-bolt-49-cm","status":"publish","type":"product","link":"https:\/\/donaulife-new.ogrisdigital.at\/en\/boost-bong-bolt-49-cm\/","title":{"rendered":"BOOST Eisbong &#8216;Bolt&#8217; | 49 cm"},"content":{"rendered":"<p>Diese Boost Bolt Glas Bong ist ein herausragendes St\u00fcck Glaskunst und garantiert ein unvergessliches Raucherlebnis. Sie besteht aus hitzebest\u00e4ndigen Borosilikatglas und ist f\u00fcr den Zweck der ergonomie vom Standfu\u00df an gebogen. Die Bolt kommt mit einem simplen Chillum welches zu Reinigungszwecken leicht aus dem besonder widerstandsf\u00e4higem Panzerschliff entfernt werden kann.<\/p>\n<p>Am Ende des Chillum thront ein originaler Boost Bongkopf in grellem orange mit integriertem Rollstop. Die Bong besitzt ein Kickloch, sowie ein Eisfach f\u00fcr ein super angenehmes Raucherlebnis. Das Mundst\u00fcck der Bolt endet in einem komfortablen Ringmundst\u00fcck. Einen sicheren Stand verleiht dieser Glasbong ein flacher Rundfu\u00df damit diese nicht so leicht zu bruch geht.<\/p>\n","protected":false},"excerpt":{"rendered":"<p>Diese Boost Bolt Glas Bong ist ein herausragendes St\u00fcck Glaskunst und garantiert ein unvergessliches Raucherlebnis. Sie besteht aus hitzebest\u00e4ndigen Borosilikatglas<\/p>\n","protected":false},"featured_media":16731,"comment_status":"open","ping_status":"closed","template":"","meta":{"_acf_changed":false},"product_cat":[2514,2459,2706,2510,2523,2506,2463],"product_tag":[2707],"acf":[],"_links":{"self":[{"href":"https:\/\/donaulife-new.ogrisdigital.at\/en\/wp-json\/wp\/v2\/product\/50716"}],"collection":[{"href":"https:\/\/donaulife-new.ogrisdigital.at\/en\/wp-json\/wp\/v2\/product"}],"about":[{"href":"https:\/\/donaulife-new.ogrisdigital.at\/en\/wp-json\/wp\/v2\/types\/product"}],"replies":[{"embeddable":true,"href":"https:\/\/donaulife-new.ogrisdigital.at\/en\/wp-json\/wp\/v2\/comments?post=50716"}],"wp:featuredmedia":[{"embeddable":true,"href":"https:\/\/donaulife-new.ogrisdigital.at\/en\/wp-json\/wp\/v2\/media\/16731"}],"wp:attachment":[{"href":"https:\/\/donaulife-new.ogrisdigital.at\/en\/wp-json\/wp\/v2\/media?parent=50716"}],"wp:term":[{"taxonomy":"product_cat","embeddable":true,"href":"https:\/\/donaulife-new.ogrisdigital.at\/en\/wp-json\/wp\/v2\/product_cat?post=50716"},{"taxonomy":"product_tag","embeddable":true,"href":"https:\/\/donaulife-new.ogrisdigital.at\/en\/wp-json\/wp\/v2\/product_tag?post=50716"}],"curies":[{"name":"wp","href":"https:\/\/api.w.org\/{rel}","templated":true}]}}