{"id":50697,"date":"2017-12-16T14:42:06","date_gmt":"2017-12-16T14:42:06","guid":{"rendered":"https:\/\/donaulife-new.ogrisdigital.at\/produkt\/glasbong-glassic-flash-33-cm\/"},"modified":"2025-01-15T07:15:39","modified_gmt":"2025-01-15T07:15:39","slug":"glasbong-glassic-flash-33-cm","status":"publish","type":"product","link":"https:\/\/donaulife-new.ogrisdigital.at\/en\/glasbong-glassic-flash-33-cm\/","title":{"rendered":"Glasbong &#8216;Glassic Flash&#8217; | 33 cm"},"content":{"rendered":"<p>Die Glassic Flash ist eine glassische Glasbong mit einer H\u00f6he von 33 cm. Die aus Borosilikatglas gefertigte Bong mit mittigen Knick \u00fcberzeugt durch ihren schlichten Look ohne Farben. Au\u00dferdem bietet sie ein 18,8 mm Diffuser Chillum und ein praktisches Kickloch.<\/p>\n","protected":false},"excerpt":{"rendered":"<p>Die Glassic Flash ist eine glassische Glasbong mit einer H\u00f6he von 33 cm. Die aus Borosilikatglas gefertigte Bong mit mittigen<\/p>\n","protected":false},"featured_media":16487,"comment_status":"open","ping_status":"open","template":"","meta":{"_acf_changed":false},"product_cat":[2514,2459,2507,2515,2506],"product_tag":[],"acf":[],"_links":{"self":[{"href":"https:\/\/donaulife-new.ogrisdigital.at\/en\/wp-json\/wp\/v2\/product\/50697"}],"collection":[{"href":"https:\/\/donaulife-new.ogrisdigital.at\/en\/wp-json\/wp\/v2\/product"}],"about":[{"href":"https:\/\/donaulife-new.ogrisdigital.at\/en\/wp-json\/wp\/v2\/types\/product"}],"replies":[{"embeddable":true,"href":"https:\/\/donaulife-new.ogrisdigital.at\/en\/wp-json\/wp\/v2\/comments?post=50697"}],"wp:featuredmedia":[{"embeddable":true,"href":"https:\/\/donaulife-new.ogrisdigital.at\/en\/wp-json\/wp\/v2\/media\/16487"}],"wp:attachment":[{"href":"https:\/\/donaulife-new.ogrisdigital.at\/en\/wp-json\/wp\/v2\/media?parent=50697"}],"wp:term":[{"taxonomy":"product_cat","embeddable":true,"href":"https:\/\/donaulife-new.ogrisdigital.at\/en\/wp-json\/wp\/v2\/product_cat?post=50697"},{"taxonomy":"product_tag","embeddable":true,"href":"https:\/\/donaulife-new.ogrisdigital.at\/en\/wp-json\/wp\/v2\/product_tag?post=50697"}],"curies":[{"name":"wp","href":"https:\/\/api.w.org\/{rel}","templated":true}]}}