{"id":50687,"date":"2017-12-10T16:10:59","date_gmt":"2017-12-10T16:10:59","guid":{"rendered":"https:\/\/donaulife-new.ogrisdigital.at\/produkt\/black-leaf-beaker-bong-flaming-skull-6-arm-percolator-blau\/"},"modified":"2024-07-01T00:23:44","modified_gmt":"2024-07-01T00:23:44","slug":"black-leaf-beaker-bong-flaming-skull-6-arm-percolator-blau","status":"publish","type":"product","link":"https:\/\/donaulife-new.ogrisdigital.at\/en\/black-leaf-beaker-bong-flaming-skull-6-arm-percolator-blau\/","title":{"rendered":"BLACK LEAF Beakerbong &#8216;Flaming Skull&#8217; 6-Arm Perc | 45 cm"},"content":{"rendered":"<h2>Black Leaf Percolatorbong im Flaming Skull Design<\/h2>\n<p>Die Burning Skull aka Erlenmeyer Glasbong ist mit ihren Akzenten ein wahrer Hingucker. Sie besitzt eine besonders ausgekl\u00fcgeltes K\u00fchlsystem. In den Fu\u00df ist ein farbige Diffusorkammer eingearbeitet, im Hals wird der Rauch zus\u00e4tzlich durch einen 6-Arm Percolator und einen Kolbendiffusor gefiltert und gek\u00fchlt. Die Flaming Skull kommt mit einem 18,8 mm Schliff und einem Beaker f\u00fcr einen besonders guten Stand.<\/p>\n<h3><span style=\"font-size: 20.16px;\">\u00dcber Black Leaf:<\/span><\/h3>\n<div>\n<p>In Weed We Trust ? Smoking\u00a0<em>Paraphernalia<\/em> seit 1988: Bongs, Pfeifen, Vaporizer, Grinder, Dabbing Zubeh\u00f6r, Paper &amp; Filter, Lifestyle Produkte. Es gibt viele Innovative Produkte der Marke die auch die ein oder andere Weltneuheit erschaffen haben. Im Shop bieten wir von allen Produkten die beste Auswahl.<\/p>\n<\/div>\n","protected":false},"excerpt":{"rendered":"<p>Black Leaf Percolatorbong im Flaming Skull Design Die Burning Skull aka Erlenmeyer Glasbong ist mit ihren Akzenten ein wahrer Hingucker.<\/p>\n","protected":false},"featured_media":16402,"comment_status":"open","ping_status":"open","template":"","meta":{"_acf_changed":false},"product_cat":[2514,2548,2459,2566,2523,2515,2635,2577,2506,2463],"product_tag":[2521],"acf":[],"_links":{"self":[{"href":"https:\/\/donaulife-new.ogrisdigital.at\/en\/wp-json\/wp\/v2\/product\/50687"}],"collection":[{"href":"https:\/\/donaulife-new.ogrisdigital.at\/en\/wp-json\/wp\/v2\/product"}],"about":[{"href":"https:\/\/donaulife-new.ogrisdigital.at\/en\/wp-json\/wp\/v2\/types\/product"}],"replies":[{"embeddable":true,"href":"https:\/\/donaulife-new.ogrisdigital.at\/en\/wp-json\/wp\/v2\/comments?post=50687"}],"wp:featuredmedia":[{"embeddable":true,"href":"https:\/\/donaulife-new.ogrisdigital.at\/en\/wp-json\/wp\/v2\/media\/16402"}],"wp:attachment":[{"href":"https:\/\/donaulife-new.ogrisdigital.at\/en\/wp-json\/wp\/v2\/media?parent=50687"}],"wp:term":[{"taxonomy":"product_cat","embeddable":true,"href":"https:\/\/donaulife-new.ogrisdigital.at\/en\/wp-json\/wp\/v2\/product_cat?post=50687"},{"taxonomy":"product_tag","embeddable":true,"href":"https:\/\/donaulife-new.ogrisdigital.at\/en\/wp-json\/wp\/v2\/product_tag?post=50687"}],"curies":[{"name":"wp","href":"https:\/\/api.w.org\/{rel}","templated":true}]}}