{"id":50678,"date":"2017-11-08T00:18:14","date_gmt":"2017-11-08T00:18:14","guid":{"rendered":"https:\/\/donaulife-new.ogrisdigital.at\/produkt\/gleichdick-premium-grinder-2-teilig-holz\/"},"modified":"2024-07-01T00:23:39","modified_gmt":"2024-07-01T00:23:39","slug":"gleichdick-premium-grinder-2-teilig-holz","status":"publish","type":"product","link":"https:\/\/donaulife-new.ogrisdigital.at\/en\/gleichdick-premium-grinder-2-teilig-holz\/","title":{"rendered":"GLEICHDICK Premium Grinder 2-teilig Holz | \u00d8 42 mm"},"content":{"rendered":"<h2>Gleichdick Holz Aluminium Grinder<\/h2>\n<p>Der Holz-Gleichdickgrinder ist, wie die Aluminium-Variante, ein in \u00d6sterreich hergestellter<br \/>\nund bis ins Detail durchdachter Grinder. Er zeichnet sich durch seine au\u00dfergew\u00f6hnliche Form und<br \/>\nsein \u00fcberzeugendes Schnittergebnis aus.<\/p>\n<p>Der Holz-Gleichdickgrinder besteht aus einem bew\u00e4hrten Aluminium-Schneidwerk, welches mit<br \/>\nSchalen aus hochwertigen, heimischen Harth\u00f6lzern ummantelt ist.<\/p>\n<p>Die Gleichdick-Form bietet neben der \u00e4sthetischen Komponente<br \/>\nauch den gro\u00dfen Vorteil der besseren Kraft\u00fcbertragung.<\/p>\n<p>Dank der hohen Pr\u00e4zision des Grinders und der hochentwickelten Form der Klingen<br \/>\nist es m\u00f6glich, auch feuchteste Kr\u00e4uter, welche in konventionellen Grindern<br \/>\nnur mehr verschmiert werden, fachgerecht zu zerkleinern.<\/p>\n<p>Das Schneidwerk wird farbig eloxiert, wodurch alle Fl\u00e4chen eine Oberfl\u00e4chenh\u00e4rte von ca. 300HV erhalten.<br \/>\nDies sorgt f\u00fcr eine langanhaltende Sch\u00e4rfe der Klingen.<\/p>\n<p>Alle Grinder werden per Lasergravur mit unserem Gleichdick-Logo versehen.<\/p>\n<p>Verpackt werden die Gleichdickgrinder in einer umweltfreundlichen und<br \/>\nregional produzierten Kartonschachtel.<\/p>\n<p>Gr\u00f6\u00dfe:<br \/>\n\u2013 Gleichdick: \u00d870mm<br \/>\n\u2013 Schneidwerk: \u00d842mm<\/p>\n<p>Wir m\u00f6chten darauf hinweisen, dass es sich bei Holz um einen nat\u00fcrlich gewachsenen Rohstoff handelt<br \/>\nund daher jeder Grinder eine andere Maserung aufweist.<\/p>\n","protected":false},"excerpt":{"rendered":"<p>Gleichdick Holz Aluminium Grinder Der Holz-Gleichdickgrinder ist, wie die Aluminium-Variante, ein in \u00d6sterreich hergestellter und bis ins Detail durchdachter Grinder.<\/p>\n","protected":false},"featured_media":16300,"comment_status":"open","ping_status":"open","template":"","meta":{"_acf_changed":false},"product_cat":[2489,2700,2480,2451,2704],"product_tag":[2701],"acf":[],"_links":{"self":[{"href":"https:\/\/donaulife-new.ogrisdigital.at\/en\/wp-json\/wp\/v2\/product\/50678"}],"collection":[{"href":"https:\/\/donaulife-new.ogrisdigital.at\/en\/wp-json\/wp\/v2\/product"}],"about":[{"href":"https:\/\/donaulife-new.ogrisdigital.at\/en\/wp-json\/wp\/v2\/types\/product"}],"replies":[{"embeddable":true,"href":"https:\/\/donaulife-new.ogrisdigital.at\/en\/wp-json\/wp\/v2\/comments?post=50678"}],"wp:featuredmedia":[{"embeddable":true,"href":"https:\/\/donaulife-new.ogrisdigital.at\/en\/wp-json\/wp\/v2\/media\/16300"}],"wp:attachment":[{"href":"https:\/\/donaulife-new.ogrisdigital.at\/en\/wp-json\/wp\/v2\/media?parent=50678"}],"wp:term":[{"taxonomy":"product_cat","embeddable":true,"href":"https:\/\/donaulife-new.ogrisdigital.at\/en\/wp-json\/wp\/v2\/product_cat?post=50678"},{"taxonomy":"product_tag","embeddable":true,"href":"https:\/\/donaulife-new.ogrisdigital.at\/en\/wp-json\/wp\/v2\/product_tag?post=50678"}],"curies":[{"name":"wp","href":"https:\/\/api.w.org\/{rel}","templated":true}]}}