{"id":50664,"date":"2017-10-12T13:37:21","date_gmt":"2017-10-12T13:37:21","guid":{"rendered":"https:\/\/donaulife-new.ogrisdigital.at\/produkt\/slx-2-0-ceramic-coated-premium-kraeuter-grinder\/"},"modified":"2024-07-03T09:02:28","modified_gmt":"2024-07-03T09:02:28","slug":"slx-2-0-ceramic-coated-premium-kraeuter-grinder","status":"publish","type":"product","link":"https:\/\/donaulife-new.ogrisdigital.at\/en\/slx-2-0-ceramic-coated-premium-kraeuter-grinder\/","title":{"rendered":"SLX 2.5 Keramik Grinder 4-teilig | \u00d8 51\/62\/88 mm"},"content":{"rendered":"<h2 class=\"thin-font\"><strong><span style=\"font-size: 23.04px;\">SLX Grinder geben den Weg vor<\/span><\/strong><\/h2>\n<p>Wir sind stolz euch den Grinder vorzustellen der in der Industrie wegweisend ist. Produziert nach h\u00f6chstem Ma\u00df, ist dieser Grinder wie kein anderer. Die unglaublich genau gefr\u00e4sten Einzelteile erm\u00f6glichen einen noch nie dagewesenen Komfort beim Drehen. Der SLX Grinder verklebt nicht und muss (fast) nie gereinigt werden. Dies ist auf die einzigartige &#8220;Cerami-Coat-Formel&#8221; zur\u00fcckzuf\u00fchren, die jedes Teil dieses Mahlwerks, vom Deckel \u00fcber die Schneidez\u00e4hne bis hin zum Pollensieb, beschichtet.<\/p>\n<h2 class=\"thin-font\"><strong>SLX 2.5<\/strong><\/h2>\n<p>Die 2.5 Version wurde nochmal genauer verarbeitet um minimale Spaltmas\u00dfe zu garantieren und noch weniger Reibung zu verursachen. Auch die Keramikbeschichtung hat ein update bekommen und wurde nochmal geh\u00e4rtet.<\/p>\n<h2 class=\"thin-font\"><strong>Welche Farbe und Gr\u00f6\u00dfe willst du?<\/strong><\/h2>\n<p>Die Standardgr\u00f6\u00dfe der Grinder misst 62mm im Durchmesser sowie 51mm bei der kleineren Variante. Seit kurzem gibts auch die XXL Variante mit 88 mm Durchmesser Erh\u00e4ltlich in sieben Metallicfarben: Charcoal Grey, Silver, Champagne Gold, Black, Yellow Gold, Leaf Green und Purple Haze.<\/p>\n<h2 class=\"thin-font\"><strong>Was kann der SLX Grinder?<\/strong><\/h2>\n<ul>\n<li>Kein Verkleben<\/li>\n<li>Kein Teflon, PTFE oder andere krebserregende Chemikalien<\/li>\n<li>Keramikbeschichtung mit extrem niedriger Reibung<\/li>\n<li>Sch\u00fctzt vor Wasser und \u00d6le<\/li>\n<li>Der einzige Grinder, der nie gereinigt werden muss.<\/li>\n<li>SLX 2.5 wurde so gebaut um Reibung m\u00f6glichst zu vermeiden und das Ansammeln von Schmutz zu verhindern.<\/li>\n<li>Ceramic-Coat sorgt f\u00fcr reibungsloses Vergn\u00fcgen.<\/li>\n<li>SLX wird dich \u00fcberzeugen der beste Grinder der Welt zu sein.<\/li>\n<li>FDA zertifiziert<\/li>\n<\/ul>\n<h2 class=\"thin-font\"><strong>Stark. Leichtgewichtig. Langlebig.<\/strong><\/h2>\n<p class=\"text-align-center\">Jeder SLX Grinder wird aus 7075er Aluminium gefertigt, der Legierung f\u00fcr Pr\u00e4zisionsanwendungen &#8211; vom Hochleistungsjetflugzeug bis zur Space-X-Rakete. Dank au\u00dfergew\u00f6hnlicher St\u00e4rke, perfekter Balance und beispielloser Langlebigkeit h\u00e4lt dein SLX Grinder ein Leben lang.<\/p>\n<h3 class=\"text-align-center thin-font\"><b>Hergestellt mit h\u00f6chster Genauigkeit.<\/b><\/h3>\n<p class=\"text-align-center\">Jedes St\u00fcck deines SLX Grinders wird bis auf den tausendstel Zoll gefertigt &#8211; f\u00fcr die Perfektion, die du verdienst und die wir verlangen. Das Ergebnis? Kein Fummeln mehr, um die einzelnen Teile zu verbinden. Keine Unvollkommenheiten, die einen festhalten und verlangsamen. Nur glatte Gewinde und leichtes Drehen.<\/p>\n<h3 class=\"text-align-center thin-font\"><strong>Beispiellose Schneidetechnologie.<\/strong><\/h3>\n<p class=\"text-align-center\">Mit 55 rasiermesserscharfen Z\u00e4hnen in der Standardgr\u00f6\u00dfe und 27 in der Taschengr\u00f6\u00dfe w\u00e4re selbst ein Velociraptor schwer in der Lage, mit der Zerkleinerungsleistung von SLX Schritt zu halten. Ein paar Umdrehungen gen\u00fcgen um selbst z\u00e4he, stammartige Kr\u00e4uter problemlos zu zerkleinern.<\/p>\n<h3 class=\"text-align-center thin-font\"><strong>Funktionelles Design.<\/strong><\/h3>\n<p class=\"text-align-center\">Jeder SLX Grinder hat am oberen und unteren Ende Einschnitte f\u00fcr einen besseren Halt. Dadurch ergibt sich eine optimale Handhabung.<\/p>\n<h4 class=\"thin-font\"><strong>Technische Details:<\/strong><\/h4>\n<div id=\"block-yui_3_17_2_3_1441928423324_6106\" class=\"sqs-block code-block sqs-block-code\" data-block-type=\"23\">\n<div class=\"sqs-block-content\">\n<p>Die SLX Version 2.5 ist innen und au\u00dfen mit der eigenen SLX Antihaft-Keramik beschichtet. Jede Kontur, jeder Zahn &#8211; sogar die Pollenkammer. SLX Grinder verkleben nie und ben\u00f6tigen keine Reinigung. Die Beschichtung ist auf molekularer Ebene mit dem Aluminium verbunden, was die Haltbarkeit gew\u00e4hrleistet. Sie ist 100% ungiftig, FDA zugelassen und setzt keine sch\u00e4dlichen Chemikalien frei.<\/p>\n<p>Hergestellt aus 7075 T6 Aluminium, um Kreuzgewindesch\u00e4den, verbogene und gebrochene Z\u00e4hne oder andere Sch\u00e4den zu vermeiden. Die meisten Grinder sind aus schw\u00e4cherem Aluminium der Serie 6 gefertigt. Die 7er Serie ist teurer zu fertigen, aber sie stellt sicher, dass deine SLX Kr\u00e4uterm\u00fchle ein Leben lang h\u00e4lt.<\/p>\n<div id=\"block-yui_3_17_2_5_1441928423324_8877\" class=\"sqs-block code-block sqs-block-code\" data-block-type=\"23\">\n<div class=\"sqs-block-content\">\n<p>SLX Grinder verf\u00fcgen \u00fcber trommeldichte Edelstahlsiebe mit einer feinen Mikrongr\u00f6\u00dfe. So wird sichergestellt, dass nur Pollen gefiltert werden und keine Kr\u00e4uterst\u00fccke. Au\u00dferdem lassen sie sich ohne Gewinde herausheben!<\/p>\n<p>Neodym-Magnete sorgen daf\u00fcr, dass dein SLX Grinder nicht unerwartet aufspringt und deine Kr\u00e4uter, Feuchtigkeit und Ger\u00fcche sicher im Inneren bleiben.<\/p>\n<p>Einzigartig geformte Z\u00e4hne mit 4 scharfen Schneidkanten, die einen lockeren, gleichm\u00e4\u00dfigen Abrieb bieten. Zus\u00e4tzlich sind sie dick und stabil, damit sie weder abbrechen noch sich verbiegen.<\/p>\n<p>Zwei Gr\u00f6\u00dfen verf\u00fcgbar in 51 mm Taschenformat, 62 mm Standardgr\u00f6\u00dfe oder als 88 mm Monster. Beide Modelle sind 20% kleiner als sonstige Standardmodelle.<\/p>\n<h3 class=\"thin-font\"><strong>Pflege und Wartung<\/strong><\/h3>\n<p><strong>Reinigung des Schneidbereichs:<\/strong> W\u00e4hrend der SLX im Allgemeinen nicht gereinigt werden muss, k\u00f6nnen Kr\u00e4uter, die einen au\u00dfergew\u00f6hnlich hohen Feuchtigkeitsgehalt (mehr als 12%) aufweisen, leicht haften bleiben. So entfernst du Material, das sich ansammelt:<\/p>\n<ul>\n<li>Klopfe die M\u00fchle leicht auf eine feste Oberfl\u00e4che.<\/li>\n<li>B\u00fcrste alles raus, was mit einer Zahnb\u00fcrste oder einer anderen weichen B\u00fcrste \u00fcbrig bleibt.<\/li>\n<\/ul>\n<p><strong>Au\u00dfenreinigung:<\/strong> Wenn sich an der Au\u00dfenseite deines SLX Grinders Schmutz ansammelt, wisch sie mit einem weichen Tuch mit Wasser und Seife ab.<\/p>\n<p><strong>Schmierung:<\/strong> Dein SLX ist vollst\u00e4ndig mit reibungsarmer Antihaftkeramik beschichtet und bleibt bei normalem Gebrauch nicht stecken. Wenn Kr\u00e4uter jedoch au\u00dfergew\u00f6hnlich feucht sind, kann es zu leichten Ablagerungen um die Z\u00e4hne herum kommen. Diese k\u00f6nnen in der Regel mit den obigen Techniken geb\u00fcrstet werden. Aber wenn nichts mehr geht, verwende raffiniertes Hanfsamen\u00f6l. Dieses schmiert das Mahlwerk und bewirkt, dass sich Ablagerungen leicht mit einem Papiertuch oder einem Stofftuch entfernen lassen.<\/p>\n<p><strong>Verwendung von L\u00f6sungsmitteln:<\/strong> Die Keramik ist sehr langlebig und es ist sicher auf der Beschichtung Alkohol oder Aceton zu verwenden, ohne sie zu besch\u00e4digen. Scharfe L\u00f6sungsmittel k\u00f6nnen jedoch die Farbe des Logos ver\u00e4ndern. Sei daher vorsichtig!<\/p>\n<h3 class=\"text-align-center\" style=\"text-align: center;\"><strong>!!! VERWENDE NIEMALS EIN METALLWERKZEUG UM DEN GRINDER ZU REINIGEN !!!<\/strong><\/h3>\n<p>Mit ausreichend Kraft ist es m\u00f6glich, die Beschichtung zu entfernen. W\u00e4hrend die Beschichtung ungiftig ist und nicht brennen wird, werden Kratzer die Funktion des Grinders beeintr\u00e4chtigen. Verwende einen Zahnstocher, um besonders hartn\u00e4ckige R\u00fcckst\u00e4nde zu entfernen.<\/p>\n<p>Hinweis zum grinden: Stopfe nicht das ganze Mahlwerk voll. Solange sich das Kraut frei im Mahlwerk bewegen kann kommt es zu fast keinem Abrieb an W\u00e4nden oder Z\u00e4hnen.<\/p>\n<\/div>\n<\/div>\n<\/div>\n<\/div>\n","protected":false},"excerpt":{"rendered":"<p>SLX Grinder geben den Weg vor Wir sind stolz euch den Grinder vorzustellen der in der Industrie wegweisend ist. Produziert<\/p>\n","protected":false},"featured_media":16153,"comment_status":"open","ping_status":"closed","template":"","meta":{"_acf_changed":false},"product_cat":[2481,2482,2693,2566,2480,2451,2483],"product_tag":[2694,2695,2696],"acf":[],"_links":{"self":[{"href":"https:\/\/donaulife-new.ogrisdigital.at\/en\/wp-json\/wp\/v2\/product\/50664"}],"collection":[{"href":"https:\/\/donaulife-new.ogrisdigital.at\/en\/wp-json\/wp\/v2\/product"}],"about":[{"href":"https:\/\/donaulife-new.ogrisdigital.at\/en\/wp-json\/wp\/v2\/types\/product"}],"replies":[{"embeddable":true,"href":"https:\/\/donaulife-new.ogrisdigital.at\/en\/wp-json\/wp\/v2\/comments?post=50664"}],"wp:featuredmedia":[{"embeddable":true,"href":"https:\/\/donaulife-new.ogrisdigital.at\/en\/wp-json\/wp\/v2\/media\/16153"}],"wp:attachment":[{"href":"https:\/\/donaulife-new.ogrisdigital.at\/en\/wp-json\/wp\/v2\/media?parent=50664"}],"wp:term":[{"taxonomy":"product_cat","embeddable":true,"href":"https:\/\/donaulife-new.ogrisdigital.at\/en\/wp-json\/wp\/v2\/product_cat?post=50664"},{"taxonomy":"product_tag","embeddable":true,"href":"https:\/\/donaulife-new.ogrisdigital.at\/en\/wp-json\/wp\/v2\/product_tag?post=50664"}],"curies":[{"name":"wp","href":"https:\/\/api.w.org\/{rel}","templated":true}]}}