{"id":50613,"date":"2017-05-13T12:20:59","date_gmt":"2017-05-13T12:20:59","guid":{"rendered":"https:\/\/donaulife-new.ogrisdigital.at\/produkt\/metal-form-bongkopf-aluminium\/"},"modified":"2024-07-01T00:22:58","modified_gmt":"2024-07-01T00:22:58","slug":"metal-form-bongkopf-aluminium","status":"publish","type":"product","link":"https:\/\/donaulife-new.ogrisdigital.at\/en\/metal-form-bongkopf-aluminium\/","title":{"rendered":"METALFORMS Aluminium Flutschkopf CE-1 | 14,5 mm"},"content":{"rendered":"<p>Mit dem H\u00fctchen von METALFORMS werdet ihr nie wieder ein anderes H\u00fctchen brauchen. Durch das Aluminium ist es unzerbrechlich und sieht auch noch genial aus. Im minimalistischem Design kommt der Metalforms Kopf in schwarz, blau, gold, matt-bronze, schwarz-matt oder blau-matt.<\/p>\n<h1>\u00dcber Metalforms:<\/h1>\n<div><strong>WER SIND METALFORMS?<\/strong><\/div>\n<div><\/div>\n<div>METALFORMS Premium-Raucheraccessoires werden vollst\u00e4ndig in \u00d6sterreich und Deutschland hergestellt und wir verwenden nur hochwertigste Materialien, die chemisch zertifiziert sind, um das beste Raucherlebnis aus unseren Schalenst\u00fccken zu garantieren. Alle unsere Fertigungspartner sind nach dem Qualit\u00e4tsmanagement DIN EN ISO 9001 zertifiziert. Dadurch k\u00f6nnen wir jeden Schritt w\u00e4hrend der Produktion \u00fcberwachen, um die Ma\u00dfhaltigkeit und die perfekten Oberfl\u00e4cheneigenschaften unserer hochpr\u00e4zisen CNC-Fertigung sicherzustellen. Langlebigkeit und Unzerbrechlichkeit sind die wichtigsten, aber nicht die einzigen Vorteile unserer Produkte. Aufgrund unserer Konstruktionen und Oberfl\u00e4chenbehandlungsmethoden gew\u00e4hrleisten wir auch eine schnelle Abk\u00fchlung und einfache Reinigung. Unser Eloxalverfahren erh\u00f6ht die Haltbarkeit, verhindert Metallgeschmack und macht die Reinigung zum Kinderspiel.<\/div>\n<div><\/div>\n<div>Feinste Materialien, gepaart mit ausgezeichneter Funktionalit\u00e4t und elegantem Design, machen unsere St\u00fccke einzigartig.<\/div>\n<div><\/div>\n<div><\/div>\n","protected":false},"excerpt":{"rendered":"<p>Mit dem H\u00fctchen von METALFORMS werdet ihr nie wieder ein anderes H\u00fctchen brauchen. Durch das Aluminium ist es unzerbrechlich und<\/p>\n","protected":false},"featured_media":15793,"comment_status":"open","ping_status":"open","template":"","meta":{"_acf_changed":false},"product_cat":[2473,2459,2461,2460],"product_tag":[],"acf":[],"_links":{"self":[{"href":"https:\/\/donaulife-new.ogrisdigital.at\/en\/wp-json\/wp\/v2\/product\/50613"}],"collection":[{"href":"https:\/\/donaulife-new.ogrisdigital.at\/en\/wp-json\/wp\/v2\/product"}],"about":[{"href":"https:\/\/donaulife-new.ogrisdigital.at\/en\/wp-json\/wp\/v2\/types\/product"}],"replies":[{"embeddable":true,"href":"https:\/\/donaulife-new.ogrisdigital.at\/en\/wp-json\/wp\/v2\/comments?post=50613"}],"wp:featuredmedia":[{"embeddable":true,"href":"https:\/\/donaulife-new.ogrisdigital.at\/en\/wp-json\/wp\/v2\/media\/15793"}],"wp:attachment":[{"href":"https:\/\/donaulife-new.ogrisdigital.at\/en\/wp-json\/wp\/v2\/media?parent=50613"}],"wp:term":[{"taxonomy":"product_cat","embeddable":true,"href":"https:\/\/donaulife-new.ogrisdigital.at\/en\/wp-json\/wp\/v2\/product_cat?post=50613"},{"taxonomy":"product_tag","embeddable":true,"href":"https:\/\/donaulife-new.ogrisdigital.at\/en\/wp-json\/wp\/v2\/product_tag?post=50613"}],"curies":[{"name":"wp","href":"https:\/\/api.w.org\/{rel}","templated":true}]}}