{"id":50592,"date":"2016-12-08T15:33:26","date_gmt":"2016-12-08T15:33:26","guid":{"rendered":"https:\/\/donaulife-new.ogrisdigital.at\/produkt\/filter-tips-marie\/"},"modified":"2024-07-01T00:22:42","modified_gmt":"2024-07-01T00:22:42","slug":"filter-tips-marie","status":"publish","type":"product","link":"https:\/\/donaulife-new.ogrisdigital.at\/en\/filter-tips-marie\/","title":{"rendered":"MARIE Filter Tips breit | 35 Blatt"},"content":{"rendered":"<h2>Marie Papie Filter Tips breit<\/h2>\n<p>Mit den Filter Tips von MARIE l\u00e4sst sich viel machen. Zum Beispiel ein Daumenkino. Oder man verwendet die Tips zum Eindrehen, das klappt sicher besser dank der Vorperforierung f\u00fcr einfaches Drehen und dem Papierfasterlauf f\u00fcr den perfekt runden Filter Tip. Erh\u00e4ltlich in den Ma\u00dfen 57 mm x 27 mm mit 35 St\u00fcck.<\/p>\n<h3>\u00dcber Marie:<\/h3>\n<p>Woher der Name MARIE kommt, das kann heute keiner mehr so genau sagen. Vielleicht war es eine gro\u00dfe Pers\u00f6nlichkeit, die so verewigt wurde? Oder ist es doch eine Hommage an die \u201eTanzmarie\u201c? Aber eigentlich ist das gar nicht so wichtig. Wichtig ist nur, dass MARIE schon seit 1984 mit Wuzelpapieren und Filterh\u00fclsen in bester \u201eMade in Austria\u201c-Qualit\u00e4t am heimischen Markt vertreten ist. Und mit dem Wandel der Zeit und der Wuzler-Bed\u00fcrfnisse auch selbst viele Ver\u00e4nderungen durchgemacht hat. War MARIE einst nur in Original erh\u00e4ltlich, gibt es heute auch MARIE Fine und Ultrafine f\u00fcr vielseitigen, unwiderstehlichen Wuzelgenuss.<\/p>\n<p><img fetchpriority=\"high\" decoding=\"async\" class=\"size-medium wp-image-20942 alignright\" src=\"https:\/\/www.donaulife.com\/wp-content\/uploads\/2016\/12\/geschichte_marie_0417_v2-226x300.png\" alt=\"\" width=\"226\" height=\"300\" \/><\/p>\n<p>-Seit 1984 ist MARIE mit MARIE Original Papers und Filterh\u00fclsen auf dem \u00f6sterreichischen Markt.<br \/>\n-Im Jahr 2007 stie\u00dfen MARIE Extra Slim Papers mit der originalen Papierst\u00e4rke sowie Eindrehfilter und Duo Roller zum Sortiment dazu.<br \/>\n-2010 war das Jahr der Fine und Ultrafine Papers im Heftchen mit neuartigem Magnetverschluss.<br \/>\n-Stopfern wurde 2011 durch die Einf\u00fchrung von MARIE Extra Filterh\u00fclsen und dem Vario Stopfer das Sparen beim Stopfen wesentlich erleichtert.<br \/>\n-King Size Verwender konnten sich ab 2012 \u00fcber MARIE King Size Slim und Rolls Slim freuen \u2013 beide in Ultrafine.<br \/>\n-Nachhaltige Wuzler k\u00f6nnen seit 2014 mit der MARIE nature\u2019s friends Serie aus zertifiziertem Bio-Hanf besonders \u201egr\u00fcn\u201c wuzeln.<\/p>\n<p>&nbsp;<\/p>\n","protected":false},"excerpt":{"rendered":"<p>Marie Papie Filter Tips breit Mit den Filter Tips von MARIE l\u00e4sst sich viel machen. Zum Beispiel ein Daumenkino. Oder<\/p>\n","protected":false},"featured_media":15497,"comment_status":"open","ping_status":"open","template":"","meta":{"_acf_changed":false},"product_cat":[2499,2500,2451],"product_tag":[2628],"acf":[],"_links":{"self":[{"href":"https:\/\/donaulife-new.ogrisdigital.at\/en\/wp-json\/wp\/v2\/product\/50592"}],"collection":[{"href":"https:\/\/donaulife-new.ogrisdigital.at\/en\/wp-json\/wp\/v2\/product"}],"about":[{"href":"https:\/\/donaulife-new.ogrisdigital.at\/en\/wp-json\/wp\/v2\/types\/product"}],"replies":[{"embeddable":true,"href":"https:\/\/donaulife-new.ogrisdigital.at\/en\/wp-json\/wp\/v2\/comments?post=50592"}],"wp:featuredmedia":[{"embeddable":true,"href":"https:\/\/donaulife-new.ogrisdigital.at\/en\/wp-json\/wp\/v2\/media\/15497"}],"wp:attachment":[{"href":"https:\/\/donaulife-new.ogrisdigital.at\/en\/wp-json\/wp\/v2\/media?parent=50592"}],"wp:term":[{"taxonomy":"product_cat","embeddable":true,"href":"https:\/\/donaulife-new.ogrisdigital.at\/en\/wp-json\/wp\/v2\/product_cat?post=50592"},{"taxonomy":"product_tag","embeddable":true,"href":"https:\/\/donaulife-new.ogrisdigital.at\/en\/wp-json\/wp\/v2\/product_tag?post=50592"}],"curies":[{"name":"wp","href":"https:\/\/api.w.org\/{rel}","templated":true}]}}