{"id":50591,"date":"2016-12-08T15:29:33","date_gmt":"2016-12-08T15:29:33","guid":{"rendered":"https:\/\/donaulife-new.ogrisdigital.at\/produkt\/marie-kingsize-rolling-papers-mit-tips\/"},"modified":"2024-07-01T00:22:39","modified_gmt":"2024-07-01T00:22:39","slug":"marie-kingsize-rolling-papers-mit-tips","status":"publish","type":"product","link":"https:\/\/donaulife-new.ogrisdigital.at\/en\/marie-kingsize-rolling-papers-mit-tips\/","title":{"rendered":"MARIE KSS Rolling Papers + Tips | 32 Blatt"},"content":{"rendered":"<h2>Marie Kingsize slim Papers 32 Blatt<\/h2>\n<p>Marie King Size Slim Rolling Papers inklusive Tips aus Zellulose mit den Ma\u00dfen 107 mm x 44 mm.<\/p>\n<div id=\"tab-description\" class=\"woocommerce-Tabs-panel woocommerce-Tabs-panel--description panel entry-content active\" role=\"tabpanel\" aria-labelledby=\"tab-title-description\">\n<p>Die neueste Kreation von Marie. Paper nur aus Holzfasern. 34 Blatt pro Heftchen.<\/p>\n<p><strong>GUMMI ARABIKUM<\/strong><br \/>\nGummierung aus Gummiarabikum. Gummiarabikum wird aus Akazienharz gewonnen. Es dauert einen Moment, bis sich die Klebekraft vollst\u00e4ndig entfaltet.<\/p>\n<p><strong>SLOW BURNING<\/strong><br \/>\nAbbrennverhalten: Das Papier erlischt, wenn nicht daran gezogen wird.<\/p>\n<p><strong>UNGEBLEICHT<\/strong><br \/>\nUngebleichtes Papier.<\/p>\n<p><strong>WATER MARK<\/strong><br \/>\nWasserzeichen. Markierung des Papiers mittels Pr\u00e4gung, die w\u00e4hrend der Papierherstellung durchgef\u00fchrt wird.<\/p>\n<p><strong>ZELLULOSE<\/strong><br \/>\nPapier ist aus Zellstoff. Der Zellstoff f\u00fcr Marie-Wuzelpapier wird umweltvertr\u00e4glich von Durchforstungsb\u00e4umen gewonnen.<\/p>\n<p><strong>MAGNET VERSCHLUSS<\/strong><br \/>\nWiederverschlie\u00dfbare Heftchen mit Magnetverschluss. Verpackung inkl. Magnet sind vollst\u00e4ndig recycelbar.<\/p>\n<h3>\u00dcber Marie:<\/h3>\n<p>Woher der Name MARIE kommt, das kann heute keiner mehr so genau sagen. Vielleicht war es eine gro\u00dfe Pers\u00f6nlichkeit, die so verewigt wurde? Oder ist es doch eine Hommage an die \u201eTanzmarie\u201c? Aber eigentlich ist das gar nicht so wichtig. Wichtig ist nur, dass MARIE schon seit 1984 mit Wuzelpapieren und Filterh\u00fclsen in bester \u201eMade in Austria\u201c-Qualit\u00e4t am heimischen Markt vertreten ist. Und mit dem Wandel der Zeit und der Wuzler-Bed\u00fcrfnisse auch selbst viele Ver\u00e4nderungen durchgemacht hat. War MARIE einst nur in Original erh\u00e4ltlich, gibt es heute auch MARIE Fine und Ultrafine f\u00fcr vielseitigen, unwiderstehlichen Wuzelgenuss.<\/p>\n<p><img fetchpriority=\"high\" decoding=\"async\" class=\"size-medium wp-image-20942 alignright\" src=\"https:\/\/www.donaulife.com\/wp-content\/uploads\/2016\/12\/geschichte_marie_0417_v2-226x300.png\" sizes=\"(max-width: 226px) 100vw, 226px\" srcset=\"https:\/\/www.donaulife.com\/wp-content\/uploads\/2016\/12\/geschichte_marie_0417_v2-226x300.png 226w, https:\/\/www.donaulife.com\/wp-content\/uploads\/2016\/12\/geschichte_marie_0417_v2-280x371.png 280w, https:\/\/www.donaulife.com\/wp-content\/uploads\/2016\/12\/geschichte_marie_0417_v2.png 671w\" alt=\"\" width=\"226\" height=\"300\" \/><\/p>\n<p>-Seit 1984 ist MARIE mit MARIE Original Papers und Filterh\u00fclsen auf dem \u00f6sterreichischen Markt.<br \/>\n-Im Jahr 2007 stie\u00dfen MARIE Extra Slim Papers mit der originalen Papierst\u00e4rke sowie Eindrehfilter und Duo Roller zum Sortiment dazu.<br \/>\n-2010 war das Jahr der Fine und Ultrafine Papers im Heftchen mit neuartigem Magnetverschluss.<br \/>\n-Stopfern wurde 2011 durch die Einf\u00fchrung von MARIE Extra Filterh\u00fclsen und dem Vario Stopfer das Sparen beim Stopfen wesentlich erleichtert.<br \/>\n-King Size Verwender konnten sich ab 2012 \u00fcber MARIE King Size Slim und Rolls Slim freuen \u2013 beide in Ultrafine.<br \/>\n-Nachhaltige Wuzler k\u00f6nnen seit 2014 mit der MARIE nature\u2019s friends Serie aus zertifiziertem Bio-Hanf besonders \u201egr\u00fcn\u201c wuzeln.<\/p>\n<p>&nbsp;<\/p>\n<\/div>\n<div id=\"tab-additional_information\" class=\"woocommerce-Tabs-panel woocommerce-Tabs-panel--additional_information panel entry-content \" role=\"tabpanel\" aria-labelledby=\"tab-title-additional_information\"><\/div>\n<div id=\"tab-reviews\" class=\"woocommerce-Tabs-panel woocommerce-Tabs-panel--reviews panel entry-content \" role=\"tabpanel\" aria-labelledby=\"tab-title-reviews\">\n<div id=\"reviews\" class=\"woocommerce-Reviews row\">\n<div id=\"comments\" class=\"col large-12\">\n<h3 class=\"woocommerce-Reviews-title normal\"><\/h3>\n<p class=\"woocommerce-noreviews\">\n<\/div>\n<\/div>\n<\/div>\n","protected":false},"excerpt":{"rendered":"<p>Marie Kingsize slim Papers 32 Blatt Marie King Size Slim Rolling Papers inklusive Tips aus Zellulose mit den Ma\u00dfen 107<\/p>\n","protected":false},"featured_media":15492,"comment_status":"open","ping_status":"open","template":"","meta":{"_acf_changed":false},"product_cat":[2451,2453,2452],"product_tag":[2628],"acf":[],"_links":{"self":[{"href":"https:\/\/donaulife-new.ogrisdigital.at\/en\/wp-json\/wp\/v2\/product\/50591"}],"collection":[{"href":"https:\/\/donaulife-new.ogrisdigital.at\/en\/wp-json\/wp\/v2\/product"}],"about":[{"href":"https:\/\/donaulife-new.ogrisdigital.at\/en\/wp-json\/wp\/v2\/types\/product"}],"replies":[{"embeddable":true,"href":"https:\/\/donaulife-new.ogrisdigital.at\/en\/wp-json\/wp\/v2\/comments?post=50591"}],"wp:featuredmedia":[{"embeddable":true,"href":"https:\/\/donaulife-new.ogrisdigital.at\/en\/wp-json\/wp\/v2\/media\/15492"}],"wp:attachment":[{"href":"https:\/\/donaulife-new.ogrisdigital.at\/en\/wp-json\/wp\/v2\/media?parent=50591"}],"wp:term":[{"taxonomy":"product_cat","embeddable":true,"href":"https:\/\/donaulife-new.ogrisdigital.at\/en\/wp-json\/wp\/v2\/product_cat?post=50591"},{"taxonomy":"product_tag","embeddable":true,"href":"https:\/\/donaulife-new.ogrisdigital.at\/en\/wp-json\/wp\/v2\/product_tag?post=50591"}],"curies":[{"name":"wp","href":"https:\/\/api.w.org\/{rel}","templated":true}]}}