{"id":50590,"date":"2016-12-08T15:25:55","date_gmt":"2016-12-08T15:25:55","guid":{"rendered":"https:\/\/donaulife-new.ogrisdigital.at\/produkt\/marie-kingsize-rolling-papers-kopie\/"},"modified":"2024-07-01T00:22:38","modified_gmt":"2024-07-01T00:22:38","slug":"marie-kingsize-rolling-papers-kopie","status":"publish","type":"product","link":"https:\/\/donaulife-new.ogrisdigital.at\/en\/marie-kingsize-rolling-papers-kopie\/","title":{"rendered":"MARIE &#8216;Nature\u00b4s Friends&#8217; KSS Rolling Papers"},"content":{"rendered":"<h2>Marie Kingsize slim Papers ungebleicht<\/h2>\n<p>Marie Nature\u00b4s Friends Kingsize Rolling Papers aus Bio-Hanfpapier mit den Ma\u00dfen 107 mm x 44 mm.<\/p>\n<h2>\u00dcber Marie:<\/h2>\n<p>Hinter der Marke MARIE steht ein Unternehmen mit viel Erfahrung und einem gro\u00dfen Netzwerk: CIMA mit Sitz in St. Peter am Wimberg im ober\u00f6sterreichischen M\u00fchlviertel ist seit 1983 nicht nur f\u00fcr die Produktion von Papers der Marke MARIE verantwortlich, sondern auch f\u00fcr die Marken GIZEH und MASCOTTE. CIMA produziert etwa 70 Millionen Papers pro Tag. Ein durchschnittlicher Wuzler w\u00fcrde mehr als 10.000 Jahre brauchen, um diese Menge zu verwuzeln.<br \/>\nPro Tag verarbeitet CIMA 170.000 m2 Papier \u2013 genug, um etwa 23 Fu\u00dfballfelder ma\u00dfstabsgetreu darauf aufzuzeichnen.<\/p>\n","protected":false},"excerpt":{"rendered":"<p>Marie Kingsize slim Papers ungebleicht Marie Nature\u00b4s Friends Kingsize Rolling Papers aus Bio-Hanfpapier mit den Ma\u00dfen 107 mm x 44<\/p>\n","protected":false},"featured_media":15489,"comment_status":"open","ping_status":"open","template":"","meta":{"_acf_changed":false},"product_cat":[2451,2453,2452],"product_tag":[2628],"acf":[],"_links":{"self":[{"href":"https:\/\/donaulife-new.ogrisdigital.at\/en\/wp-json\/wp\/v2\/product\/50590"}],"collection":[{"href":"https:\/\/donaulife-new.ogrisdigital.at\/en\/wp-json\/wp\/v2\/product"}],"about":[{"href":"https:\/\/donaulife-new.ogrisdigital.at\/en\/wp-json\/wp\/v2\/types\/product"}],"replies":[{"embeddable":true,"href":"https:\/\/donaulife-new.ogrisdigital.at\/en\/wp-json\/wp\/v2\/comments?post=50590"}],"wp:featuredmedia":[{"embeddable":true,"href":"https:\/\/donaulife-new.ogrisdigital.at\/en\/wp-json\/wp\/v2\/media\/15489"}],"wp:attachment":[{"href":"https:\/\/donaulife-new.ogrisdigital.at\/en\/wp-json\/wp\/v2\/media?parent=50590"}],"wp:term":[{"taxonomy":"product_cat","embeddable":true,"href":"https:\/\/donaulife-new.ogrisdigital.at\/en\/wp-json\/wp\/v2\/product_cat?post=50590"},{"taxonomy":"product_tag","embeddable":true,"href":"https:\/\/donaulife-new.ogrisdigital.at\/en\/wp-json\/wp\/v2\/product_tag?post=50590"}],"curies":[{"name":"wp","href":"https:\/\/api.w.org\/{rel}","templated":true}]}}