{"id":50585,"date":"2016-12-08T13:22:20","date_gmt":"2016-12-08T13:22:20","guid":{"rendered":"https:\/\/donaulife-new.ogrisdigital.at\/produkt\/plenty-stationaerer-vaporizer\/"},"modified":"2024-07-01T00:22:34","modified_gmt":"2024-07-01T00:22:34","slug":"plenty-stationaerer-vaporizer","status":"publish","type":"product","link":"https:\/\/donaulife-new.ogrisdigital.at\/en\/plenty-stationaerer-vaporizer\/","title":{"rendered":"STORZ &#038; BICKEL Plenty Tischvaporizer"},"content":{"rendered":"<p><strong>Plenty<\/strong><br \/>\nEs gibt viel zu entdecken.<\/p>\n<p><strong>Mit Volldampf voraus.<\/strong><\/p>\n<p>Leistungsstarke Heizung, effizienter K\u00fchler und eine extra breite F\u00fcllkammer vereint in einem einzigen Handger\u00e4t: dem PLENTY. Das Ergebnis l\u00e4sst sich sehen: viel Dampf mit erstklassigem Aroma.<\/p>\n<p><strong>Extra gro\u00df.<br \/>\nExtra Dampf.<\/strong><\/p>\n<p>Mit einer Kapazit\u00e4t von 3,4 cm\u00b3 liefert die F\u00fcllkammer eine optimale Oberfl\u00e4che f\u00fcr starke Atemz\u00fcge und eine au\u00dfergew\u00f6hnliche Verdampfungserfahrung, w\u00e4hrend die Edelstahlk\u00fchlspirale f\u00fcr einen besonders weichen Luftstrom mit fast keinem Zugwiderstand sorgt.<\/p>\n<p><strong>Effizienz an erster Stelle.<\/strong><\/p>\n<p>Der charakteristische PLENTY steht f\u00fcr eine lang anhaltende Verdampfungserfahrung zu einem attraktiven Preis.<\/p>\n<p><strong>Sicher und zuverl\u00e4ssig.<br \/>\nRein elektromechanisch.<\/strong><\/p>\n<p>Ein prominenter Thermometer zeigt die aktuelle Verdampfungstemperatur, w\u00e4hrend der innere Bimetallregler eine sichere Anwendung mit unabh\u00e4ngiger Temperaturkontrolle und Abschaltautomatik gew\u00e4hrleistet.<\/p>\n<p>Lieferumfang<\/p>\n<p>1 St. PLENTY Verdampfer<br \/>\n1 St. PLENTY Verdampfungseinheit<br \/>\n1 St. Schlauchst\u00fcck, lang<br \/>\n1 St. Schlauchst\u00fcck, kurz<br \/>\n3 St. Normalsieb (ca. \u00d8 30 mm)<br \/>\n1 St. Tropfenkissen (ca. \u00d8 28 x 4 mm)<br \/>\n1 St. Kr\u00e4uterm\u00fchle<br \/>\n1 St. Reinigungspinsel<br \/>\n1 St. Gebrauchsanweisung<\/p>\n<p>Plenty ist innerhalb von 3 Werktagen versandfertig.<\/p>\n","protected":false},"excerpt":{"rendered":"<p>Plenty Es gibt viel zu entdecken. Mit Volldampf voraus. Leistungsstarke Heizung, effizienter K\u00fchler und eine extra breite F\u00fcllkammer vereint in<\/p>\n","protected":false},"featured_media":15427,"comment_status":"open","ping_status":"closed","template":"","meta":{"_acf_changed":false},"product_cat":[2624,2623],"product_tag":[],"acf":[],"_links":{"self":[{"href":"https:\/\/donaulife-new.ogrisdigital.at\/en\/wp-json\/wp\/v2\/product\/50585"}],"collection":[{"href":"https:\/\/donaulife-new.ogrisdigital.at\/en\/wp-json\/wp\/v2\/product"}],"about":[{"href":"https:\/\/donaulife-new.ogrisdigital.at\/en\/wp-json\/wp\/v2\/types\/product"}],"replies":[{"embeddable":true,"href":"https:\/\/donaulife-new.ogrisdigital.at\/en\/wp-json\/wp\/v2\/comments?post=50585"}],"wp:featuredmedia":[{"embeddable":true,"href":"https:\/\/donaulife-new.ogrisdigital.at\/en\/wp-json\/wp\/v2\/media\/15427"}],"wp:attachment":[{"href":"https:\/\/donaulife-new.ogrisdigital.at\/en\/wp-json\/wp\/v2\/media?parent=50585"}],"wp:term":[{"taxonomy":"product_cat","embeddable":true,"href":"https:\/\/donaulife-new.ogrisdigital.at\/en\/wp-json\/wp\/v2\/product_cat?post=50585"},{"taxonomy":"product_tag","embeddable":true,"href":"https:\/\/donaulife-new.ogrisdigital.at\/en\/wp-json\/wp\/v2\/product_tag?post=50585"}],"curies":[{"name":"wp","href":"https:\/\/api.w.org\/{rel}","templated":true}]}}