{"id":50407,"date":"2016-09-12T20:01:55","date_gmt":"2016-09-12T20:01:55","guid":{"rendered":"https:\/\/donaulife-new.ogrisdigital.at\/produkt\/cookie-grinder\/"},"modified":"2024-07-01T00:20:52","modified_gmt":"2024-07-01T00:20:52","slug":"cookie-grinder","status":"publish","type":"product","link":"https:\/\/donaulife-new.ogrisdigital.at\/en\/cookie-grinder\/","title":{"rendered":"Cookie Grinder"},"content":{"rendered":"<h2>Grinder im Cookie Design<\/h2>\n<p>Im einen Moment ein gew\u00f6hnlicher Cookie im n\u00e4chsten Moment ein hochwertiger Grinder mit dem du jedes Heilkraut klein bekommst. Mit seinem au\u00dfergew\u00f6hnlichen Design ist dieser Crusher zwischen den Munchies auf dem Couchtisch perfekt getarnt. Nicht nur das Design ist gelungen sondern auch die Verarbeitung, die beiden Teile greifen perfekt ineinander und grinden die Kr\u00e4uter zur Perfektion.<\/p>\n","protected":false},"excerpt":{"rendered":"<p>Grinder im Cookie Design Im einen Moment ein gew\u00f6hnlicher Cookie im n\u00e4chsten Moment ein hochwertiger Grinder mit dem du jedes<\/p>\n","protected":false},"featured_media":14525,"comment_status":"open","ping_status":"open","template":"","meta":{"_acf_changed":false},"product_cat":[2480,2451,2483],"product_tag":[],"acf":[],"_links":{"self":[{"href":"https:\/\/donaulife-new.ogrisdigital.at\/en\/wp-json\/wp\/v2\/product\/50407"}],"collection":[{"href":"https:\/\/donaulife-new.ogrisdigital.at\/en\/wp-json\/wp\/v2\/product"}],"about":[{"href":"https:\/\/donaulife-new.ogrisdigital.at\/en\/wp-json\/wp\/v2\/types\/product"}],"replies":[{"embeddable":true,"href":"https:\/\/donaulife-new.ogrisdigital.at\/en\/wp-json\/wp\/v2\/comments?post=50407"}],"wp:featuredmedia":[{"embeddable":true,"href":"https:\/\/donaulife-new.ogrisdigital.at\/en\/wp-json\/wp\/v2\/media\/14525"}],"wp:attachment":[{"href":"https:\/\/donaulife-new.ogrisdigital.at\/en\/wp-json\/wp\/v2\/media?parent=50407"}],"wp:term":[{"taxonomy":"product_cat","embeddable":true,"href":"https:\/\/donaulife-new.ogrisdigital.at\/en\/wp-json\/wp\/v2\/product_cat?post=50407"},{"taxonomy":"product_tag","embeddable":true,"href":"https:\/\/donaulife-new.ogrisdigital.at\/en\/wp-json\/wp\/v2\/product_tag?post=50407"}],"curies":[{"name":"wp","href":"https:\/\/api.w.org\/{rel}","templated":true}]}}