{"id":50400,"date":"2016-09-12T20:01:51","date_gmt":"2016-09-12T20:01:51","guid":{"rendered":"https:\/\/donaulife-new.ogrisdigital.at\/produkt\/bong-adapter-gerade\/"},"modified":"2024-07-01T00:20:46","modified_gmt":"2024-07-01T00:20:46","slug":"bong-adapter-gerade","status":"publish","type":"product","link":"https:\/\/donaulife-new.ogrisdigital.at\/en\/bong-adapter-gerade\/","title":{"rendered":"Bong Adapter &#8211; Alle g\u00e4ngigen Schliffe"},"content":{"rendered":"<h2>Bong Adapter in allen Varianten<\/h2>\n<p>Hier findest du alle g\u00e4ngigen \u00dcbersetzungen von 14,5 mm auf 18,8 mm und wieder zur\u00fcck. Damit verbindest du alles und baust die \u00e4rgsten Ger\u00e4te.<\/p>\n","protected":false},"excerpt":{"rendered":"<p>Bong Adapter in allen Varianten Hier findest du alle g\u00e4ngigen \u00dcbersetzungen von 14,5 mm auf 18,8 mm und wieder zur\u00fcck.<\/p>\n","protected":false},"featured_media":14471,"comment_status":"open","ping_status":"closed","template":"","meta":{"_acf_changed":false},"product_cat":[2565,2459,2460],"product_tag":[2521],"acf":[],"_links":{"self":[{"href":"https:\/\/donaulife-new.ogrisdigital.at\/en\/wp-json\/wp\/v2\/product\/50400"}],"collection":[{"href":"https:\/\/donaulife-new.ogrisdigital.at\/en\/wp-json\/wp\/v2\/product"}],"about":[{"href":"https:\/\/donaulife-new.ogrisdigital.at\/en\/wp-json\/wp\/v2\/types\/product"}],"replies":[{"embeddable":true,"href":"https:\/\/donaulife-new.ogrisdigital.at\/en\/wp-json\/wp\/v2\/comments?post=50400"}],"wp:featuredmedia":[{"embeddable":true,"href":"https:\/\/donaulife-new.ogrisdigital.at\/en\/wp-json\/wp\/v2\/media\/14471"}],"wp:attachment":[{"href":"https:\/\/donaulife-new.ogrisdigital.at\/en\/wp-json\/wp\/v2\/media?parent=50400"}],"wp:term":[{"taxonomy":"product_cat","embeddable":true,"href":"https:\/\/donaulife-new.ogrisdigital.at\/en\/wp-json\/wp\/v2\/product_cat?post=50400"},{"taxonomy":"product_tag","embeddable":true,"href":"https:\/\/donaulife-new.ogrisdigital.at\/en\/wp-json\/wp\/v2\/product_tag?post=50400"}],"curies":[{"name":"wp","href":"https:\/\/api.w.org\/{rel}","templated":true}]}}