{"id":50365,"date":"2016-09-12T20:01:37","date_gmt":"2016-09-12T20:01:37","guid":{"rendered":"https:\/\/donaulife-new.ogrisdigital.at\/produkt\/illex-glasbong-helix-gebogen\/"},"modified":"2025-01-15T07:15:59","modified_gmt":"2025-01-15T07:15:59","slug":"illex-glasbong-helix-gebogen","status":"publish","type":"product","link":"https:\/\/donaulife-new.ogrisdigital.at\/en\/illex-glasbong-helix-gebogen\/","title":{"rendered":"Illex&#8217; Glasbong &#8216;Helix&#8217; gebogen"},"content":{"rendered":"<p>Die Glasbong &#8216;Helix&#8217; von Illex hebt sich von herk\u00f6mmlichen Bongs durch seine sandgestrahlten Streifen ab. Der Fu\u00df und das H\u00fctchen mit Roll-Stop sind durchgehend sandgestrahlt und der Hals der Bong ist leicht gebogen. Zus\u00e4tzlich bietet diese Bong einen 18,8 mm Schliff und ein Kickloch.<\/p>\n","protected":false},"excerpt":{"rendered":"<p>Die Glasbong &#8216;Helix&#8217; von Illex hebt sich von herk\u00f6mmlichen Bongs durch seine sandgestrahlten Streifen ab. Der Fu\u00df und das H\u00fctchen<\/p>\n","protected":false},"featured_media":14125,"comment_status":"open","ping_status":"open","template":"","meta":{"_acf_changed":false},"product_cat":[2459],"product_tag":[],"acf":[],"_links":{"self":[{"href":"https:\/\/donaulife-new.ogrisdigital.at\/en\/wp-json\/wp\/v2\/product\/50365"}],"collection":[{"href":"https:\/\/donaulife-new.ogrisdigital.at\/en\/wp-json\/wp\/v2\/product"}],"about":[{"href":"https:\/\/donaulife-new.ogrisdigital.at\/en\/wp-json\/wp\/v2\/types\/product"}],"replies":[{"embeddable":true,"href":"https:\/\/donaulife-new.ogrisdigital.at\/en\/wp-json\/wp\/v2\/comments?post=50365"}],"wp:featuredmedia":[{"embeddable":true,"href":"https:\/\/donaulife-new.ogrisdigital.at\/en\/wp-json\/wp\/v2\/media\/14125"}],"wp:attachment":[{"href":"https:\/\/donaulife-new.ogrisdigital.at\/en\/wp-json\/wp\/v2\/media?parent=50365"}],"wp:term":[{"taxonomy":"product_cat","embeddable":true,"href":"https:\/\/donaulife-new.ogrisdigital.at\/en\/wp-json\/wp\/v2\/product_cat?post=50365"},{"taxonomy":"product_tag","embeddable":true,"href":"https:\/\/donaulife-new.ogrisdigital.at\/en\/wp-json\/wp\/v2\/product_tag?post=50365"}],"curies":[{"name":"wp","href":"https:\/\/api.w.org\/{rel}","templated":true}]}}