{"id":57412,"date":"2024-07-05T04:40:14","date_gmt":"2024-07-05T04:40:14","guid":{"rendered":"https:\/\/donaulife-new.ogrisdigital.at\/silikone-beakerbong-grafitti-33-cm\/"},"modified":"2024-07-05T04:40:14","modified_gmt":"2024-07-05T04:40:14","slug":"silikone-beakerbong-grafitti-33-cm","status":"publish","type":"product","link":"https:\/\/donaulife-new.ogrisdigital.at\/da\/silikone-beakerbong-grafitti-33-cm\/","title":{"rendered":"Silikone Beakerbong &#8216;Grafitti&#8217; | 33 cm"},"content":{"rendered":"<h2>Silikone Beakerbong &#8216;Grafitti&#8217; med 18,8 mm slib<\/h2>\n<div class=\"flex-1 overflow-hidden\">\n<div class=\"react-scroll-to-bottom--css-decsl-79elbk h-full dark:bg-gray-800\">\n<div class=\"react-scroll-to-bottom--css-decsl-1n7m0yu\">\n<div class=\"flex flex-col text-sm dark:bg-gray-800\">\n<div class=\"group w-full text-token-text-primary border-b border-black\/10 dark:border-gray-900\/50 bg-gray-50 dark:bg-[#444654]\" data-testid=\"conversation-turn-29\">\n<div class=\"p-4 justify-center text-base md:gap-6 md:py-6 m-auto\">\n<div class=\"flex flex-1 gap-4 text-base mx-auto md:gap-6 md:max-w-2xl lg:max-w-[38rem] xl:max-w-3xl }\">\n<div class=\"relative flex w-[calc(100%-50px)] flex-col gap-1 md:gap-3 lg:w-[calc(100%-115px)]\">\n<div class=\"flex flex-grow flex-col gap-3 max-w-full\">\n<div class=\"min-h-[20px] flex flex-col items-start gap-3 overflow-x-auto whitespace-pre-wrap break-words\">\n<div class=\"markdown prose w-full break-words dark:prose-invert light\">\n<p>Denne 33 cm h\u00f8je silikone-beakerbong &#8216;Grafitti&#8217; er den perfekte kombination af funktionalitet og holdbarhed. Med en diameter p\u00e5 50 mm tilbyder den tilstr\u00e6kkelig plads til en intens rygeoplevelse. Den medf\u00f8lgende silikone chillum muligg\u00f8r en problemfri tilpasning fra 18,8 mm til 14,5 mm, hvilket sikrer maksimal alsidighed. Denne bong er ideel til brug p\u00e5 farten og modstandsdygtig over for st\u00f8d og tab. Et must-have for den klodset ryger.<\/p>\n<\/div>\n<\/div>\n<\/div>\n<\/div>\n<\/div>\n<\/div>\n<\/div>\n<\/div>\n<\/div>\n<\/div>\n<\/div>\n<div>\n<div>\n<p>\u00a0<\/p>\n<\/div>\n<\/div>\n","protected":false},"excerpt":{"rendered":"<p>Silikone Beakerbong &#8216;Grafitti&#8217; med 18,8 mm slib Denne 33 cm h\u00f8je silikone-beakerbong &#8216;Grafitti&#8217; er den perfekte kombination af funktionalitet og<\/p>\n","protected":false},"featured_media":41802,"comment_status":"open","ping_status":"closed","template":"","meta":{"_acf_changed":false},"product_cat":[],"product_tag":[],"acf":[],"_links":{"self":[{"href":"https:\/\/donaulife-new.ogrisdigital.at\/da\/wp-json\/wp\/v2\/product\/57412"}],"collection":[{"href":"https:\/\/donaulife-new.ogrisdigital.at\/da\/wp-json\/wp\/v2\/product"}],"about":[{"href":"https:\/\/donaulife-new.ogrisdigital.at\/da\/wp-json\/wp\/v2\/types\/product"}],"replies":[{"embeddable":true,"href":"https:\/\/donaulife-new.ogrisdigital.at\/da\/wp-json\/wp\/v2\/comments?post=57412"}],"wp:featuredmedia":[{"embeddable":true,"href":"https:\/\/donaulife-new.ogrisdigital.at\/da\/wp-json\/wp\/v2\/media\/41802"}],"wp:attachment":[{"href":"https:\/\/donaulife-new.ogrisdigital.at\/da\/wp-json\/wp\/v2\/media?parent=57412"}],"wp:term":[{"taxonomy":"product_cat","embeddable":true,"href":"https:\/\/donaulife-new.ogrisdigital.at\/da\/wp-json\/wp\/v2\/product_cat?post=57412"},{"taxonomy":"product_tag","embeddable":true,"href":"https:\/\/donaulife-new.ogrisdigital.at\/da\/wp-json\/wp\/v2\/product_tag?post=57412"}],"curies":[{"name":"wp","href":"https:\/\/api.w.org\/{rel}","templated":true}]}}