{"id":57401,"date":"2024-07-04T23:27:22","date_gmt":"2024-07-04T23:27:22","guid":{"rendered":"https:\/\/donaulife-new.ogrisdigital.at\/kerr-mason-einmachglas-oe-90-mm\/"},"modified":"2024-07-04T23:27:23","modified_gmt":"2024-07-04T23:27:23","slug":"kerr-mason-einmachglas-oe-90-mm","status":"publish","type":"product","link":"https:\/\/donaulife-new.ogrisdigital.at\/da\/kerr-mason-einmachglas-oe-90-mm\/","title":{"rendered":"KERR Mason Einmachglas | \u00d8 90 mm"},"content":{"rendered":"<div>\n<h2>Kerr Einmachglas med Humidor<\/h2>\n<\/div>\n<div>\n<p>Kerr\u00ae-glas er blevet en grundl\u00e6ggende del af ethvert forr\u00e5d. Nu har de luftt\u00e6tte Kerr\u00ae-glas og Integra sl\u00e5et sig sammen for at skabe de perfekte luftfugtighedsstyringskrukker. Det klassiske syltet\u00f8jsglas har nu en poseholder til din Integra-pose. S\u00e5ledes opbevares dine t\u00f8rrede urter med konstant luftfugtighed.<\/p>\n<p>Dette kit indeholder:<\/p>\n<p>1x Kerr\u00ae Wide Mouth Quart Jar med b\u00e5nd og l\u00e5g<\/p>\n<p>6x Integra 4 gram Boost ved 62% relativ luftfugtighed<\/p>\n<p>1x Kerr\u00ae posseholder<\/p>\n<\/div>\n<div><\/div>\n<div>\n<h3 style=\"margin: 0in; font-family: Calibri; font-size: 16.0pt;\">\u00dcber Kerr:<\/h3>\n<p style=\"margin: 0in; font-family: Calibri; font-size: 11.0pt;\">Kerr Glass Manufacturing Co. blev grundlagt i 1904 i Portland, OR. Selvom virksomheden ikke var en producent ved grundl\u00e6ggelsen, tilb\u00f8d Kerr m\u00e6rket &#8216;Economy&#8217; til syltet\u00f8jsglas, der blev produceret for dem af Illinois-Pacific Glass Co.<\/p>\n<p>Navnet Kerr blev f\u00f8rst set p\u00e5 et syltet\u00f8jsglas i 1915 som &#8216;Kerr Economy&#8217;. Senere blev &#8216;Economy&#8217; fjernet, og navnet Kerr blev fremh\u00e6vet sammen med &#8216;Self Sealing&#8217; som &#8216;Kerr Self Sealing Trademark Reg&#8217;. &#8216;Self Sealing&#8217; blev f\u00f8rst beskyttet som varem\u00e6rke af Kerr i 1934, men udtrykket blev f\u00f8rst anvendt af Kerr i 1904.<\/p>\n<p>Siden da er Kerr blevet en af de mest kendte amerikanske syltet\u00f8jsglas m\u00e6rker ved siden af Ball, og er en af de f\u00e5 syltet\u00f8jsglas m\u00e6rker, der stadig produceres over et \u00e5rhundrede senere. I 1992 blev Kerr Glass fabrikkerne sammen med rettighederne til Kerr-varem\u00e6rket overtaget af Ball Corporation, der senere udskilte deres syltet\u00f8jsglasforretning til Jarden Home Brands, som inkluderer m\u00e6rkerne Ball, Kerr, Bernardin og Golden Harvest.\n<\/p><\/div>\n","protected":false},"excerpt":{"rendered":"<p>Kerr Einmachglas med Humidor Kerr\u00ae-glas er blevet en grundl\u00e6ggende del af ethvert forr\u00e5d. Nu har de luftt\u00e6tte Kerr\u00ae-glas og Integra<\/p>\n","protected":false},"featured_media":42305,"comment_status":"open","ping_status":"closed","template":"","meta":{"_acf_changed":false},"product_cat":[],"product_tag":[],"acf":[],"_links":{"self":[{"href":"https:\/\/donaulife-new.ogrisdigital.at\/da\/wp-json\/wp\/v2\/product\/57401"}],"collection":[{"href":"https:\/\/donaulife-new.ogrisdigital.at\/da\/wp-json\/wp\/v2\/product"}],"about":[{"href":"https:\/\/donaulife-new.ogrisdigital.at\/da\/wp-json\/wp\/v2\/types\/product"}],"replies":[{"embeddable":true,"href":"https:\/\/donaulife-new.ogrisdigital.at\/da\/wp-json\/wp\/v2\/comments?post=57401"}],"wp:featuredmedia":[{"embeddable":true,"href":"https:\/\/donaulife-new.ogrisdigital.at\/da\/wp-json\/wp\/v2\/media\/42305"}],"wp:attachment":[{"href":"https:\/\/donaulife-new.ogrisdigital.at\/da\/wp-json\/wp\/v2\/media?parent=57401"}],"wp:term":[{"taxonomy":"product_cat","embeddable":true,"href":"https:\/\/donaulife-new.ogrisdigital.at\/da\/wp-json\/wp\/v2\/product_cat?post=57401"},{"taxonomy":"product_tag","embeddable":true,"href":"https:\/\/donaulife-new.ogrisdigital.at\/da\/wp-json\/wp\/v2\/product_tag?post=57401"}],"curies":[{"name":"wp","href":"https:\/\/api.w.org\/{rel}","templated":true}]}}