{"id":57396,"date":"2024-07-04T22:42:14","date_gmt":"2024-07-04T22:42:14","guid":{"rendered":"https:\/\/donaulife-new.ogrisdigital.at\/best-buds-askebaeger-ak-47\/"},"modified":"2024-07-04T22:42:14","modified_gmt":"2024-07-04T22:42:14","slug":"best-buds-askebaeger-ak-47","status":"publish","type":"product","link":"https:\/\/donaulife-new.ogrisdigital.at\/da\/best-buds-askebaeger-ak-47\/","title":{"rendered":"BEST BUDS Askeb\u00e6ger | \u2018AK-47\u2019"},"content":{"rendered":"<h2>Best Buds Askeb\u00e6ger AK-47<\/h2>\n<p>Best Buds Askeb\u00e6ger-serien lavet af metal imponerer med unikke motiver. P\u00e5 til kamp. Har du haft en Jay i dag?<\/p>\n<h3>Om Best Buds:<\/h3>\n<p>M\u00e6rket Best Buds kommer fra Holland og henvender sig til et ungt og trendy m\u00e5lgruppe. M\u00e6rket har gjort det til deres opgave at tilbyde seje designs til overkommelige priser. Sortimentet str\u00e6kker sig fra rulleskuffer over grinder til opbevaring eller forst\u00f8rrelsesglas.<\/p>\n","protected":false},"excerpt":{"rendered":"<p>Best Buds Askeb\u00e6ger AK-47 Best Buds Askeb\u00e6ger-serien lavet af metal imponerer med unikke motiver. P\u00e5 til kamp. Har du haft<\/p>\n","protected":false},"featured_media":0,"comment_status":"open","ping_status":"closed","template":"","meta":{"_acf_changed":false},"product_cat":[],"product_tag":[],"acf":[],"_links":{"self":[{"href":"https:\/\/donaulife-new.ogrisdigital.at\/da\/wp-json\/wp\/v2\/product\/57396"}],"collection":[{"href":"https:\/\/donaulife-new.ogrisdigital.at\/da\/wp-json\/wp\/v2\/product"}],"about":[{"href":"https:\/\/donaulife-new.ogrisdigital.at\/da\/wp-json\/wp\/v2\/types\/product"}],"replies":[{"embeddable":true,"href":"https:\/\/donaulife-new.ogrisdigital.at\/da\/wp-json\/wp\/v2\/comments?post=57396"}],"wp:attachment":[{"href":"https:\/\/donaulife-new.ogrisdigital.at\/da\/wp-json\/wp\/v2\/media?parent=57396"}],"wp:term":[{"taxonomy":"product_cat","embeddable":true,"href":"https:\/\/donaulife-new.ogrisdigital.at\/da\/wp-json\/wp\/v2\/product_cat?post=57396"},{"taxonomy":"product_tag","embeddable":true,"href":"https:\/\/donaulife-new.ogrisdigital.at\/da\/wp-json\/wp\/v2\/product_tag?post=57396"}],"curies":[{"name":"wp","href":"https:\/\/api.w.org\/{rel}","templated":true}]}}