{"id":57386,"date":"2024-07-04T22:05:07","date_gmt":"2024-07-04T22:05:07","guid":{"rendered":"https:\/\/donaulife-new.ogrisdigital.at\/raw-classic-rolls-kss-5-m-2\/"},"modified":"2024-07-04T22:05:07","modified_gmt":"2024-07-04T22:05:07","slug":"raw-classic-rolls-kss-5-m-2","status":"publish","type":"product","link":"https:\/\/donaulife-new.ogrisdigital.at\/da\/raw-classic-rolls-kss-5-m-2\/","title":{"rendered":"RAW Classic Rolls KSS | 5 m"},"content":{"rendered":"<h2>Raw Endlos Papers Classic KSS 5 m<\/h2>\n<p>RAW Ruller Classic Kingsize Slim lavet af de reneste naturfibre med naturligt lim.<\/p>\n<p>En j\u00e6vn og langsom, samt n\u00e6sten resinfri forbr\u00e6nding. Samlet l\u00e6ngde 5 m. Bredde 45 mm.<\/p>\n<h3>Om RAW:<\/h3>\n<p>RAW &#8211; Den naturlige m\u00e5de at rulle p\u00e5.<\/p>\n<p>Siden dag 1 har RAW haft til opgave at overtage f\u00f8ringen i papirrulleindustrien. RAW har revolutioneret rygningens verden ved at skabe produkter, der naturligt er designet til at forbedre rygeoplevelsen.<\/p>\n<p>RAW producerer kun kvalitets- og milj\u00f8venlige produkter, der forbedrer din rygeoplevelse, og vi vil aldrig \u00e6ndre p\u00e5, hvad vi st\u00e5r for. Vi nyder at ryge vores r\u00e5 ubehandlede papir hver dag, og vi vil altid holde det helt rent og &#8220;RAW&#8221; &#8211; for dig og for os!<\/p>\n","protected":false},"excerpt":{"rendered":"<p>Raw Endlos Papers Classic KSS 5 m RAW Ruller Classic Kingsize Slim lavet af de reneste naturfibre med naturligt lim.<\/p>\n","protected":false},"featured_media":25220,"comment_status":"open","ping_status":"closed","template":"","meta":{"_acf_changed":false},"product_cat":[],"product_tag":[],"acf":[],"_links":{"self":[{"href":"https:\/\/donaulife-new.ogrisdigital.at\/da\/wp-json\/wp\/v2\/product\/57386"}],"collection":[{"href":"https:\/\/donaulife-new.ogrisdigital.at\/da\/wp-json\/wp\/v2\/product"}],"about":[{"href":"https:\/\/donaulife-new.ogrisdigital.at\/da\/wp-json\/wp\/v2\/types\/product"}],"replies":[{"embeddable":true,"href":"https:\/\/donaulife-new.ogrisdigital.at\/da\/wp-json\/wp\/v2\/comments?post=57386"}],"wp:featuredmedia":[{"embeddable":true,"href":"https:\/\/donaulife-new.ogrisdigital.at\/da\/wp-json\/wp\/v2\/media\/25220"}],"wp:attachment":[{"href":"https:\/\/donaulife-new.ogrisdigital.at\/da\/wp-json\/wp\/v2\/media?parent=57386"}],"wp:term":[{"taxonomy":"product_cat","embeddable":true,"href":"https:\/\/donaulife-new.ogrisdigital.at\/da\/wp-json\/wp\/v2\/product_cat?post=57386"},{"taxonomy":"product_tag","embeddable":true,"href":"https:\/\/donaulife-new.ogrisdigital.at\/da\/wp-json\/wp\/v2\/product_tag?post=57386"}],"curies":[{"name":"wp","href":"https:\/\/api.w.org\/{rel}","templated":true}]}}