{"id":57384,"date":"2024-07-04T21:55:24","date_gmt":"2024-07-04T21:55:24","guid":{"rendered":"https:\/\/donaulife-new.ogrisdigital.at\/raw-black-classic-kss-papers-tips-32-blade\/"},"modified":"2024-07-04T21:55:24","modified_gmt":"2024-07-04T21:55:24","slug":"raw-black-classic-kss-papers-tips-32-blade","status":"publish","type":"product","link":"https:\/\/donaulife-new.ogrisdigital.at\/da\/raw-black-classic-kss-papers-tips-32-blade\/","title":{"rendered":"RAW Black Classic KSS Papers   Tips | 32 blade"},"content":{"rendered":"<h2>RAW Classic Black Papers   Tips<\/h2>\n<p>RAW naturlige papirer i kingsize-format fremstillet af rene naturfibre med naturlig limning.<\/p>\n<p>J\u00e6vn og langsom, n\u00e6sten uden resterende forbr\u00e6nding.<br \/>\nBlack Edition er det tyndeste, ubehandlede papir, som RAW nogensinde har produceret, og tilbyder dermed en uovertruffen nydelse!<\/p>\n<h3>Om RAW:<\/h3>\n<p>RAW &#8211; Den naturlige m\u00e5de at rulle p\u00e5.<\/p>\n<p>Siden dag 1 har RAW haft til opgave at overtage f\u00f8ringen i papirrulleindustrien. RAW har revolutioneret rygningens verden ved at skabe produkter, der er genialt designet af naturen for at forbedre rygeoplevelsen.<\/p>\n<p>RAW producerer kun produkter af h\u00f8j kvalitet og milj\u00f8venlige produkter, der forbedrer din rygeoplevelse, og vi vil aldrig \u00e6ndre det, vi st\u00e5r for. Vi nyder at ryge vores uraffinerede papir hver dag, og vi vil altid bevare det helt rent, det vil sige &#8216;RAW&#8217; &#8211; for dig og os selv!<\/p>\n<p>\u00a0<\/p>\n","protected":false},"excerpt":{"rendered":"<p>RAW Classic Black Papers Tips RAW naturlige papirer i kingsize-format fremstillet af rene naturfibre med naturlig limning. J\u00e6vn og langsom,<\/p>\n","protected":false},"featured_media":43537,"comment_status":"open","ping_status":"closed","template":"","meta":{"_acf_changed":false},"product_cat":[],"product_tag":[],"acf":[],"_links":{"self":[{"href":"https:\/\/donaulife-new.ogrisdigital.at\/da\/wp-json\/wp\/v2\/product\/57384"}],"collection":[{"href":"https:\/\/donaulife-new.ogrisdigital.at\/da\/wp-json\/wp\/v2\/product"}],"about":[{"href":"https:\/\/donaulife-new.ogrisdigital.at\/da\/wp-json\/wp\/v2\/types\/product"}],"replies":[{"embeddable":true,"href":"https:\/\/donaulife-new.ogrisdigital.at\/da\/wp-json\/wp\/v2\/comments?post=57384"}],"wp:featuredmedia":[{"embeddable":true,"href":"https:\/\/donaulife-new.ogrisdigital.at\/da\/wp-json\/wp\/v2\/media\/43537"}],"wp:attachment":[{"href":"https:\/\/donaulife-new.ogrisdigital.at\/da\/wp-json\/wp\/v2\/media?parent=57384"}],"wp:term":[{"taxonomy":"product_cat","embeddable":true,"href":"https:\/\/donaulife-new.ogrisdigital.at\/da\/wp-json\/wp\/v2\/product_cat?post=57384"},{"taxonomy":"product_tag","embeddable":true,"href":"https:\/\/donaulife-new.ogrisdigital.at\/da\/wp-json\/wp\/v2\/product_tag?post=57384"}],"curies":[{"name":"wp","href":"https:\/\/api.w.org\/{rel}","templated":true}]}}