{"id":57381,"date":"2024-07-04T17:48:23","date_gmt":"2024-07-04T17:48:23","guid":{"rendered":"https:\/\/donaulife-new.ogrisdigital.at\/elements-cones-ks-pink-3-stykker\/"},"modified":"2024-07-04T17:48:27","modified_gmt":"2024-07-04T17:48:27","slug":"elements-cones-ks-pink-3-stykker","status":"publish","type":"product","link":"https:\/\/donaulife-new.ogrisdigital.at\/da\/elements-cones-ks-pink-3-stykker\/","title":{"rendered":"ELEMENTS Cones KS pink | 3 Stykker"},"content":{"rendered":"<h2>Elements Kingsize Cones 3 Stykker i pink<\/h2>\n<div><\/div>\n<div>Elements rullepapirer er skabt i harmoni med naturen. Disse pink Cones kommer i en pakke med 3 stykker og er 110 mm lange.<\/div>\n<div>\n<p>\u00a0<\/p>\n<\/div>\n<div class=\"std\">[row ][col span=&#8221;1\/4&#8243; ]<br \/>\n<img decoding=\"async\" class=\"alignnone size-full wp-image-20681\" style=\"color: #333333; font-size: 14.4px;\" src=\"https:\/\/www.donaulife.com\/wp-content\/uploads\/2020\/03\/icon_home_col1.png\" alt=\"\" width=\"185\" height=\"130\" \/>Elements rullepapirer er lavet af naturlige materialer. De br\u00e6nder n\u00e6sten uden aske, undtagen den naturlige sukker, der ved forbr\u00e6nding omdannes til karamel. Resultatet? Det bedste rullepapir, mennesket nogensinde har set.[\/col]<br \/>\n[col span=&#8221;1\/4&#8243; ]<br \/>\n<img decoding=\"async\" class=\"alignnone size-full wp-image-20683\" style=\"font-size: 14.4px;\" src=\"https:\/\/www.donaulife.com\/wp-content\/uploads\/2020\/03\/icon_home_col3.png\" alt=\"\" width=\"185\" height=\"130\" \/>Elements rullepapirer inkluderer ogs\u00e5 elementet vind. Produktionen af disse smukke papirer finder sted i en lille region i Spanien kaldet Alcoy, i bjergene nord for Alicante, Spanien. Alcoy er kendt som f\u00f8destedet for rullepapirer (ca. i 1700-tallet).[\/col]<br \/>\n[col span=&#8221;1\/4&#8243; ]<br \/>\n<img decoding=\"async\" class=\"alignnone size-full wp-image-20682\" src=\"https:\/\/www.donaulife.com\/wp-content\/uploads\/2020\/03\/icon_home_col2.png\" alt=\"\" width=\"185\" height=\"130\" \/>Hvert ark er pr\u00e6get med virksomhedens egen krydsede vandm\u00e6rke. Dette vandm\u00e6rke muligg\u00f8r en glat og ensartet forbr\u00e6nding. Holder du et ark Elements rullepapirer op mod lyset, vil du se, hvordan det smukke vandm\u00e6rke bliver trykket ind i hvert ark.[\/col]<br \/>\n[col span=&#8221;1\/4&#8243; ]<br \/>\n<img loading=\"lazy\" decoding=\"async\" class=\"alignnone size-full wp-image-20684\" src=\"https:\/\/www.donaulife.com\/wp-content\/uploads\/2020\/03\/icon_home_col4.png\" alt=\"\" width=\"185\" height=\"130\" \/>Elements rullepapirer er designet til ild, og desv\u00e6rre br\u00e6nder de n\u00e6sten perfekt med intet aske. Papirerne er designet til at br\u00e6nde utroligt rent og ikke \u00e6ndre smagen af din r\u00f8g.[\/col][\/row]<\/div>\n","protected":false},"excerpt":{"rendered":"<p>Elements Kingsize Cones 3 Stykker i pink Elements rullepapirer er skabt i harmoni med naturen. Disse pink Cones kommer i<\/p>\n","protected":false},"featured_media":43405,"comment_status":"open","ping_status":"closed","template":"","meta":{"_acf_changed":false},"product_cat":[],"product_tag":[],"acf":[],"_links":{"self":[{"href":"https:\/\/donaulife-new.ogrisdigital.at\/da\/wp-json\/wp\/v2\/product\/57381"}],"collection":[{"href":"https:\/\/donaulife-new.ogrisdigital.at\/da\/wp-json\/wp\/v2\/product"}],"about":[{"href":"https:\/\/donaulife-new.ogrisdigital.at\/da\/wp-json\/wp\/v2\/types\/product"}],"replies":[{"embeddable":true,"href":"https:\/\/donaulife-new.ogrisdigital.at\/da\/wp-json\/wp\/v2\/comments?post=57381"}],"wp:featuredmedia":[{"embeddable":true,"href":"https:\/\/donaulife-new.ogrisdigital.at\/da\/wp-json\/wp\/v2\/media\/43405"}],"wp:attachment":[{"href":"https:\/\/donaulife-new.ogrisdigital.at\/da\/wp-json\/wp\/v2\/media?parent=57381"}],"wp:term":[{"taxonomy":"product_cat","embeddable":true,"href":"https:\/\/donaulife-new.ogrisdigital.at\/da\/wp-json\/wp\/v2\/product_cat?post=57381"},{"taxonomy":"product_tag","embeddable":true,"href":"https:\/\/donaulife-new.ogrisdigital.at\/da\/wp-json\/wp\/v2\/product_tag?post=57381"}],"curies":[{"name":"wp","href":"https:\/\/api.w.org\/{rel}","templated":true}]}}