{"id":57376,"date":"2024-07-04T17:42:11","date_gmt":"2024-07-04T17:42:11","guid":{"rendered":"https:\/\/donaulife-new.ogrisdigital.at\/raw-classic-1-1-4-papers-tips-50-blade\/"},"modified":"2024-07-04T17:42:13","modified_gmt":"2024-07-04T17:42:13","slug":"raw-classic-1-1-4-papers-tips-50-blade","status":"publish","type":"product","link":"https:\/\/donaulife-new.ogrisdigital.at\/da\/raw-classic-1-1-4-papers-tips-50-blade\/","title":{"rendered":"RAW Classic 1 1\/4 Papers   Tips | 50 Blade"},"content":{"rendered":"<h2>RAW Classic 1 1\/4 Papers med 50 blade   Tips<\/h2>\n<div>RAW Classic 1 1\/4 er for dem af os, der kan lide naturlige poser. Papersene er 84mm lange og 45 mm h\u00f8je. RAW Classic er absolut perfekt til smukke, j\u00e6vnt forbr\u00e6ndende Jays.<\/div>\n<div><\/div>\n<div>50 blade pr. pakke<\/div>\n<div>50 Tips pr. pakke<\/div>\n<h3>Om RAW:<\/h3>\n<p>RAW &#8211; Den naturlige m\u00e5de at rulle p\u00e5.<\/p>\n<p>Fra dag 1 har RAW haft til form\u00e5l at overtage f\u00f8rerollen i papirrulleindustrien. RAW har revolutioneret rygningens verden ved at skabe produkter, der er genialt designet naturligt for at forbedre rygeoplevelsen.<\/p>\n<p>RAW producerer kun kvalitetsprodukter, der er milj\u00f8venlige og forbedrer din rygeoplevelse, og vi vil aldrig \u00e6ndre det, vi st\u00e5r for. Vi nyder at ryge vores uraffinerede papir hver dag, og vi vil altid lade det v\u00e6re helt rent, derfor &#8220;RAW&#8221; &#8211; for dig og os!<\/p>\n","protected":false},"excerpt":{"rendered":"<p>RAW Classic 1 1\/4 Papers med 50 blade Tips RAW Classic 1 1\/4 er for dem af os, der kan<\/p>\n","protected":false},"featured_media":43545,"comment_status":"open","ping_status":"closed","template":"","meta":{"_acf_changed":false},"product_cat":[],"product_tag":[],"acf":[],"_links":{"self":[{"href":"https:\/\/donaulife-new.ogrisdigital.at\/da\/wp-json\/wp\/v2\/product\/57376"}],"collection":[{"href":"https:\/\/donaulife-new.ogrisdigital.at\/da\/wp-json\/wp\/v2\/product"}],"about":[{"href":"https:\/\/donaulife-new.ogrisdigital.at\/da\/wp-json\/wp\/v2\/types\/product"}],"replies":[{"embeddable":true,"href":"https:\/\/donaulife-new.ogrisdigital.at\/da\/wp-json\/wp\/v2\/comments?post=57376"}],"wp:featuredmedia":[{"embeddable":true,"href":"https:\/\/donaulife-new.ogrisdigital.at\/da\/wp-json\/wp\/v2\/media\/43545"}],"wp:attachment":[{"href":"https:\/\/donaulife-new.ogrisdigital.at\/da\/wp-json\/wp\/v2\/media?parent=57376"}],"wp:term":[{"taxonomy":"product_cat","embeddable":true,"href":"https:\/\/donaulife-new.ogrisdigital.at\/da\/wp-json\/wp\/v2\/product_cat?post=57376"},{"taxonomy":"product_tag","embeddable":true,"href":"https:\/\/donaulife-new.ogrisdigital.at\/da\/wp-json\/wp\/v2\/product_tag?post=57376"}],"curies":[{"name":"wp","href":"https:\/\/api.w.org\/{rel}","templated":true}]}}