{"id":57371,"date":"2024-07-04T17:39:55","date_gmt":"2024-07-04T17:39:55","guid":{"rendered":"https:\/\/donaulife-new.ogrisdigital.at\/best-buds-askebaeger-dab-bud\/"},"modified":"2024-07-04T17:39:58","modified_gmt":"2024-07-04T17:39:58","slug":"best-buds-askebaeger-dab-bud","status":"publish","type":"product","link":"https:\/\/donaulife-new.ogrisdigital.at\/da\/best-buds-askebaeger-dab-bud\/","title":{"rendered":"BEST BUDS Askeb\u00e6ger | &#8216;Dab Bud&#8217;"},"content":{"rendered":"<h2>Best Buds Askeb\u00e6ger Dab Bud<\/h2>\n<p>Best Buds Askeb\u00e6ger-serien lavet af metal skiller sig ud med unikke motiver. Ser virkelig l\u00e6kkert ud. Har du allerede &#8216;dabbet&#8217; i dag?<\/p>\n<h3>Om Best Buds:<\/h3>\n<p>M\u00e6rket Best Buds kommer fra Holland og henvender sig til et ungt og trendy publikum. M\u00e6rket har til form\u00e5l at tilbyde seje designs til overkommelige priser. Udvalget sp\u00e6nder fra rullebakker til grinders og opbevarings- eller forst\u00f8rrelsesglas.<\/p>\n","protected":false},"excerpt":{"rendered":"<p>Best Buds Askeb\u00e6ger Dab Bud Best Buds Askeb\u00e6ger-serien lavet af metal skiller sig ud med unikke motiver. Ser virkelig l\u00e6kkert<\/p>\n","protected":false},"featured_media":43622,"comment_status":"open","ping_status":"closed","template":"","meta":{"_acf_changed":false},"product_cat":[],"product_tag":[],"acf":[],"_links":{"self":[{"href":"https:\/\/donaulife-new.ogrisdigital.at\/da\/wp-json\/wp\/v2\/product\/57371"}],"collection":[{"href":"https:\/\/donaulife-new.ogrisdigital.at\/da\/wp-json\/wp\/v2\/product"}],"about":[{"href":"https:\/\/donaulife-new.ogrisdigital.at\/da\/wp-json\/wp\/v2\/types\/product"}],"replies":[{"embeddable":true,"href":"https:\/\/donaulife-new.ogrisdigital.at\/da\/wp-json\/wp\/v2\/comments?post=57371"}],"wp:featuredmedia":[{"embeddable":true,"href":"https:\/\/donaulife-new.ogrisdigital.at\/da\/wp-json\/wp\/v2\/media\/43622"}],"wp:attachment":[{"href":"https:\/\/donaulife-new.ogrisdigital.at\/da\/wp-json\/wp\/v2\/media?parent=57371"}],"wp:term":[{"taxonomy":"product_cat","embeddable":true,"href":"https:\/\/donaulife-new.ogrisdigital.at\/da\/wp-json\/wp\/v2\/product_cat?post=57371"},{"taxonomy":"product_tag","embeddable":true,"href":"https:\/\/donaulife-new.ogrisdigital.at\/da\/wp-json\/wp\/v2\/product_tag?post=57371"}],"curies":[{"name":"wp","href":"https:\/\/api.w.org\/{rel}","templated":true}]}}