{"id":57366,"date":"2024-07-04T17:35:24","date_gmt":"2024-07-04T17:35:24","guid":{"rendered":"https:\/\/donaulife-new.ogrisdigital.at\/bulldog-sort-1-1-4-papirer-50-blade\/"},"modified":"2024-07-04T17:35:24","modified_gmt":"2024-07-04T17:35:24","slug":"bulldog-sort-1-1-4-papirer-50-blade","status":"publish","type":"product","link":"https:\/\/donaulife-new.ogrisdigital.at\/da\/bulldog-sort-1-1-4-papirer-50-blade\/","title":{"rendered":"BULLDOG Sort 1 1\/4 Papirer | 50 Blade"},"content":{"rendered":"<h2>Bulldog Sort 1 1\/4 Papir med 50 Blade<\/h2>\n<p>Disse King Size Slim Papirer er fra Bulldog og indeholder 50 ark. De minner dig endda n\u00e5r slutningen er n\u00e6r.<\/p>\n<h3>Om Bulldog:<\/h3>\n<p>Grundl\u00e6ggeren og opfinderen af m\u00e6rket Bulldog, Henk de Vries, var en pioner med den f\u00f8rste stue-agtige coffeeshop i Amsterdam. Utallige mennesker str\u00f8mmer stadig til de forskellige coffeeshops, hotellet og merchbutikkerne i Amsterdam. I dag er m\u00e6rket kendt over hele verden, og du kan finde Bulldog produkter i n\u00e6sten alle lande.<\/p>\n","protected":false},"excerpt":{"rendered":"<p>Bulldog Sort 1 1\/4 Papir med 50 Blade Disse King Size Slim Papirer er fra Bulldog og indeholder 50 ark.<\/p>\n","protected":false},"featured_media":43730,"comment_status":"open","ping_status":"closed","template":"","meta":{"_acf_changed":false},"product_cat":[],"product_tag":[],"acf":[],"_links":{"self":[{"href":"https:\/\/donaulife-new.ogrisdigital.at\/da\/wp-json\/wp\/v2\/product\/57366"}],"collection":[{"href":"https:\/\/donaulife-new.ogrisdigital.at\/da\/wp-json\/wp\/v2\/product"}],"about":[{"href":"https:\/\/donaulife-new.ogrisdigital.at\/da\/wp-json\/wp\/v2\/types\/product"}],"replies":[{"embeddable":true,"href":"https:\/\/donaulife-new.ogrisdigital.at\/da\/wp-json\/wp\/v2\/comments?post=57366"}],"wp:featuredmedia":[{"embeddable":true,"href":"https:\/\/donaulife-new.ogrisdigital.at\/da\/wp-json\/wp\/v2\/media\/43730"}],"wp:attachment":[{"href":"https:\/\/donaulife-new.ogrisdigital.at\/da\/wp-json\/wp\/v2\/media?parent=57366"}],"wp:term":[{"taxonomy":"product_cat","embeddable":true,"href":"https:\/\/donaulife-new.ogrisdigital.at\/da\/wp-json\/wp\/v2\/product_cat?post=57366"},{"taxonomy":"product_tag","embeddable":true,"href":"https:\/\/donaulife-new.ogrisdigital.at\/da\/wp-json\/wp\/v2\/product_tag?post=57366"}],"curies":[{"name":"wp","href":"https:\/\/api.w.org\/{rel}","templated":true}]}}