{"id":57360,"date":"2024-07-04T17:21:43","date_gmt":"2024-07-04T17:21:43","guid":{"rendered":"https:\/\/donaulife-new.ogrisdigital.at\/best-buds-askebaeger-pineapple-express\/"},"modified":"2024-07-04T17:21:43","modified_gmt":"2024-07-04T17:21:43","slug":"best-buds-askebaeger-pineapple-express","status":"publish","type":"product","link":"https:\/\/donaulife-new.ogrisdigital.at\/da\/best-buds-askebaeger-pineapple-express\/","title":{"rendered":"BEST BUDS Askeb\u00e6ger | &#8216;Pineapple Express&#8217;"},"content":{"rendered":"<h2>Best Buds Askeb\u00e6ger Pineapple Express<\/h2>\n<p>Best Buds Askeb\u00e6ger-serien lavet af metal skiller sig ud med unikke motiver. Afsted til Mooooon. Har du allerede haft en Jay i dag?<\/p>\n<h3>Om Best Buds:<\/h3>\n<p>Brandet Best Buds kommer fra Holland og henvender sig til et ungt og trendy publikum. Brandet har til form\u00e5l at tilbyde seje designs til overkommelige priser. Sortimentet sp\u00e6nder fra rullebakker til grinders samt opbevarings- eller forst\u00f8rrelsesglas.<\/p>\n","protected":false},"excerpt":{"rendered":"<p>Best Buds Askeb\u00e6ger Pineapple Express Best Buds Askeb\u00e6ger-serien lavet af metal skiller sig ud med unikke motiver. Afsted til Mooooon.<\/p>\n","protected":false},"featured_media":43620,"comment_status":"open","ping_status":"closed","template":"","meta":{"_acf_changed":false},"product_cat":[],"product_tag":[],"acf":[],"_links":{"self":[{"href":"https:\/\/donaulife-new.ogrisdigital.at\/da\/wp-json\/wp\/v2\/product\/57360"}],"collection":[{"href":"https:\/\/donaulife-new.ogrisdigital.at\/da\/wp-json\/wp\/v2\/product"}],"about":[{"href":"https:\/\/donaulife-new.ogrisdigital.at\/da\/wp-json\/wp\/v2\/types\/product"}],"replies":[{"embeddable":true,"href":"https:\/\/donaulife-new.ogrisdigital.at\/da\/wp-json\/wp\/v2\/comments?post=57360"}],"wp:featuredmedia":[{"embeddable":true,"href":"https:\/\/donaulife-new.ogrisdigital.at\/da\/wp-json\/wp\/v2\/media\/43620"}],"wp:attachment":[{"href":"https:\/\/donaulife-new.ogrisdigital.at\/da\/wp-json\/wp\/v2\/media?parent=57360"}],"wp:term":[{"taxonomy":"product_cat","embeddable":true,"href":"https:\/\/donaulife-new.ogrisdigital.at\/da\/wp-json\/wp\/v2\/product_cat?post=57360"},{"taxonomy":"product_tag","embeddable":true,"href":"https:\/\/donaulife-new.ogrisdigital.at\/da\/wp-json\/wp\/v2\/product_tag?post=57360"}],"curies":[{"name":"wp","href":"https:\/\/api.w.org\/{rel}","templated":true}]}}