{"id":57356,"date":"2024-07-04T17:16:35","date_gmt":"2024-07-04T17:16:35","guid":{"rendered":"https:\/\/donaulife-new.ogrisdigital.at\/cookies-baggie-sort-s-xl\/"},"modified":"2024-07-04T17:16:35","modified_gmt":"2024-07-04T17:16:35","slug":"cookies-baggie-sort-s-xl","status":"publish","type":"product","link":"https:\/\/donaulife-new.ogrisdigital.at\/da\/cookies-baggie-sort-s-xl\/","title":{"rendered":"COOKIES Baggie sort | S-XL"},"content":{"rendered":"<h2>Cookies Baggies<\/h2>\n<p>De premium Cookies Sacks tilbyder en r\u00e6kke fordele i forhold til almindelige Baggies. Den dobbelte lynl\u00e5s holder lugten af indholdet, hvor den h\u00f8rer hjemme &#8211; indeni. Derudover g\u00f8r poserne vandt\u00e6tte. I kombination med den uigennemsigtige og punkteringsbestandige plast egner poserne sig perfekt til brug uden for hjemmets fire v\u00e6gge.<\/p>\n<p>Dobbelt lynl\u00e5s og h\u00f8j kvalitet g\u00f8r Cookies Sacks til en langvarig og p\u00e5lidelig f\u00f8lgesvend.<\/p>\n<p>Afh\u00e6ngigt af behov f\u00e5s Cookies Sacks i 4 forskellige st\u00f8rrelser:<\/p>\n<p>Lille: 102 mm x 76 mm (12 stk)<br \/>\nMedium: 102 mm x 152 mm (12 stk)<br \/>\nStor: 190 mm x 178 mm (6 stk)<br \/>\nEkstra Stor: 215 mm x 255 mm (6 stk)<\/p>\n<h3>Om Cookies:<\/h3>\n<div>Cookies Los Angeles i Maywood, CA, i hjertet af Los Angeles County, blev grundlagt med den unikke vision at producere cannabis og cannabisprodukter i verdensklasse. Cookies har altid st\u00e5et for en livsstil af excellence, kvalitet og smag.<\/div>\n<div><\/div>\n<div>Cookies Los Angeles er hjemsted for t\u00f8j- og accessoriesm\u00e6rket Cookies. Cookies Clothing, kunstneren og iv\u00e6rks\u00e6tteren Berners (Gilbert Milams) id\u00e9, vil producere eksklusive designs til Cookies Maywood, for at repr\u00e6sentere L.A.&#8217;s unikke multikulturelle livsstil gennem mode, cannabis, sport og musik. Vi vil fortsat udfylde kl\u00f8ften mellem streetwear, urban livsstil, marihuana, hip-hop musik og en multikulturel samfund, og bringe Cookies til det n\u00e6ste niveau.<\/div>\n","protected":false},"excerpt":{"rendered":"<p>Cookies Baggies De premium Cookies Sacks tilbyder en r\u00e6kke fordele i forhold til almindelige Baggies. Den dobbelte lynl\u00e5s holder lugten<\/p>\n","protected":false},"featured_media":43862,"comment_status":"open","ping_status":"closed","template":"","meta":{"_acf_changed":false},"product_cat":[],"product_tag":[],"acf":[],"_links":{"self":[{"href":"https:\/\/donaulife-new.ogrisdigital.at\/da\/wp-json\/wp\/v2\/product\/57356"}],"collection":[{"href":"https:\/\/donaulife-new.ogrisdigital.at\/da\/wp-json\/wp\/v2\/product"}],"about":[{"href":"https:\/\/donaulife-new.ogrisdigital.at\/da\/wp-json\/wp\/v2\/types\/product"}],"replies":[{"embeddable":true,"href":"https:\/\/donaulife-new.ogrisdigital.at\/da\/wp-json\/wp\/v2\/comments?post=57356"}],"wp:featuredmedia":[{"embeddable":true,"href":"https:\/\/donaulife-new.ogrisdigital.at\/da\/wp-json\/wp\/v2\/media\/43862"}],"wp:attachment":[{"href":"https:\/\/donaulife-new.ogrisdigital.at\/da\/wp-json\/wp\/v2\/media?parent=57356"}],"wp:term":[{"taxonomy":"product_cat","embeddable":true,"href":"https:\/\/donaulife-new.ogrisdigital.at\/da\/wp-json\/wp\/v2\/product_cat?post=57356"},{"taxonomy":"product_tag","embeddable":true,"href":"https:\/\/donaulife-new.ogrisdigital.at\/da\/wp-json\/wp\/v2\/product_tag?post=57356"}],"curies":[{"name":"wp","href":"https:\/\/api.w.org\/{rel}","templated":true}]}}