{"id":57352,"date":"2024-07-04T17:15:29","date_gmt":"2024-07-04T17:15:29","guid":{"rendered":"https:\/\/donaulife-new.ogrisdigital.at\/pure-glass-dabrig-solaris-med-inline-recycler-19-cm\/"},"modified":"2024-07-04T17:15:29","modified_gmt":"2024-07-04T17:15:29","slug":"pure-glass-dabrig-solaris-med-inline-recycler-19-cm","status":"publish","type":"product","link":"https:\/\/donaulife-new.ogrisdigital.at\/da\/pure-glass-dabrig-solaris-med-inline-recycler-19-cm\/","title":{"rendered":"PURE GLASS Dabrig \u2018Solaris\u2019 med Inline Recycler | 19 cm"},"content":{"rendered":"<h2>PURE GLASS Inline Recycler inkl. 1x hoved for blomster og 1x kuppel for ekstrakter<\/h2>\n<div>\n<p>Et fremragende produkt fra Pure Glass er Solaris Inline Infinity Recycler 10mm, som kan bruges b\u00e5de til blomster og til dabs. Denne unikke stykke leveres med en 10mm hoved for blomster og en 10mm kuppel for dabs, som er forbundet med en 10mm slibning.<\/p>\n<p>Solaris Perc, en Inline-Perc, og Recycler-designet s\u00f8rger for en fremragende filtrering. Det, der g\u00f8r dette produkt specielt, er den vellykkede kombination af den popul\u00e6re Solaris Perc med en recycler. Den kunstneriske indgravering af teksten &#8220;Pure Glass&#8221; giver glaskroppen en ekstra \u00e6stetisk note.<\/p>\n<\/div>\n","protected":false},"excerpt":{"rendered":"<p>PURE GLASS Inline Recycler inkl. 1x hoved for blomster og 1x kuppel for ekstrakter Et fremragende produkt fra Pure Glass<\/p>\n","protected":false},"featured_media":43746,"comment_status":"open","ping_status":"closed","template":"","meta":{"_acf_changed":false},"product_cat":[],"product_tag":[],"acf":[],"_links":{"self":[{"href":"https:\/\/donaulife-new.ogrisdigital.at\/da\/wp-json\/wp\/v2\/product\/57352"}],"collection":[{"href":"https:\/\/donaulife-new.ogrisdigital.at\/da\/wp-json\/wp\/v2\/product"}],"about":[{"href":"https:\/\/donaulife-new.ogrisdigital.at\/da\/wp-json\/wp\/v2\/types\/product"}],"replies":[{"embeddable":true,"href":"https:\/\/donaulife-new.ogrisdigital.at\/da\/wp-json\/wp\/v2\/comments?post=57352"}],"wp:featuredmedia":[{"embeddable":true,"href":"https:\/\/donaulife-new.ogrisdigital.at\/da\/wp-json\/wp\/v2\/media\/43746"}],"wp:attachment":[{"href":"https:\/\/donaulife-new.ogrisdigital.at\/da\/wp-json\/wp\/v2\/media?parent=57352"}],"wp:term":[{"taxonomy":"product_cat","embeddable":true,"href":"https:\/\/donaulife-new.ogrisdigital.at\/da\/wp-json\/wp\/v2\/product_cat?post=57352"},{"taxonomy":"product_tag","embeddable":true,"href":"https:\/\/donaulife-new.ogrisdigital.at\/da\/wp-json\/wp\/v2\/product_tag?post=57352"}],"curies":[{"name":"wp","href":"https:\/\/api.w.org\/{rel}","templated":true}]}}