{"id":57347,"date":"2024-07-04T17:07:38","date_gmt":"2024-07-04T17:07:38","guid":{"rendered":"https:\/\/donaulife-new.ogrisdigital.at\/dlx-deluxe-1-1-4-papers-50-blade\/"},"modified":"2024-07-04T17:07:38","modified_gmt":"2024-07-04T17:07:38","slug":"dlx-deluxe-1-1-4-papers-50-blade","status":"publish","type":"product","link":"https:\/\/donaulife-new.ogrisdigital.at\/da\/dlx-deluxe-1-1-4-papers-50-blade\/","title":{"rendered":"DLX Deluxe 1 1\/4 Papers | 50 Blade"},"content":{"rendered":"<h2>DLX Deluxe 1 1\/4 Papers<\/h2>\n<p>Vi ved alle, at en cigaret kun er s\u00e5 god som det papir, den er viklet ind i. DLX\u00ae 1 1\/4 papir er ikke kun lavet af specielt langsomt-br\u00e6ndende krydsfletning, men har ogs\u00e5 en indbygget magnetlukning.<\/p>\n<h3>Om DLX<\/h3>\n<div>1 1\/4-papirer er 78 mm lange. King Size-papirer er 110 mm lange. Men en cigarett i standardst\u00f8rrelse er 84 mm lang! I \u00e5revis har vi h\u00f8rt fra rygere, at 1 1\/4 er deres foretrukne st\u00f8rrelse, men de ville gerne have noget l\u00e6ngere. Efter at have testet mange st\u00f8rrelser, kom vi endelig frem til den konklusion, at de fleste cigaretter er 84 mm lange, fordi det er den perfekte l\u00e6ngde til en cigaret! S\u00e5 blev DLX\u00ae 84mm f\u00f8dt.<\/div>\n","protected":false},"excerpt":{"rendered":"<p>DLX Deluxe 1 1\/4 Papers Vi ved alle, at en cigaret kun er s\u00e5 god som det papir, den er<\/p>\n","protected":false},"featured_media":35213,"comment_status":"open","ping_status":"closed","template":"","meta":{"_acf_changed":false},"product_cat":[],"product_tag":[],"acf":[],"_links":{"self":[{"href":"https:\/\/donaulife-new.ogrisdigital.at\/da\/wp-json\/wp\/v2\/product\/57347"}],"collection":[{"href":"https:\/\/donaulife-new.ogrisdigital.at\/da\/wp-json\/wp\/v2\/product"}],"about":[{"href":"https:\/\/donaulife-new.ogrisdigital.at\/da\/wp-json\/wp\/v2\/types\/product"}],"replies":[{"embeddable":true,"href":"https:\/\/donaulife-new.ogrisdigital.at\/da\/wp-json\/wp\/v2\/comments?post=57347"}],"wp:featuredmedia":[{"embeddable":true,"href":"https:\/\/donaulife-new.ogrisdigital.at\/da\/wp-json\/wp\/v2\/media\/35213"}],"wp:attachment":[{"href":"https:\/\/donaulife-new.ogrisdigital.at\/da\/wp-json\/wp\/v2\/media?parent=57347"}],"wp:term":[{"taxonomy":"product_cat","embeddable":true,"href":"https:\/\/donaulife-new.ogrisdigital.at\/da\/wp-json\/wp\/v2\/product_cat?post=57347"},{"taxonomy":"product_tag","embeddable":true,"href":"https:\/\/donaulife-new.ogrisdigital.at\/da\/wp-json\/wp\/v2\/product_tag?post=57347"}],"curies":[{"name":"wp","href":"https:\/\/api.w.org\/{rel}","templated":true}]}}