{"id":57335,"date":"2024-07-04T15:34:22","date_gmt":"2024-07-04T15:34:22","guid":{"rendered":"https:\/\/donaulife-new.ogrisdigital.at\/bulldog-glas-askebaeger-blaa-oe-105-mm\/"},"modified":"2024-07-04T15:34:22","modified_gmt":"2024-07-04T15:34:22","slug":"bulldog-glas-askebaeger-blaa-oe-105-mm","status":"publish","type":"product","link":"https:\/\/donaulife-new.ogrisdigital.at\/da\/bulldog-glas-askebaeger-blaa-oe-105-mm\/","title":{"rendered":"BULLDOG Glas Askeb\u00e6ger bl\u00e5 | \u00d8 105 mm"},"content":{"rendered":"<div>\n<h2>Bulldog Grinder med Bulldog Logo<\/h2>\n<p>Elsker du de hollandske weed vibes? Den ikoniske bulldog i farve forvandler ethvert rum til en afslappet bulldog coffee shop. Derudover er den meget robust og let at reng\u00f8re.<\/p>\n<\/div>\n<div>Diameter: 105 mm<\/div>\n<h3>Om Bulldog:<\/h3>\n<div>Vi er et firma baseret i Amsterdam med coffee shops, barer, merchandise-butikker og et hotel i Amsterdam. Vores internationale steder inkluderer en cocktail-lounge og restaurant i Rom, sociale klubber i Barcelona og Ibiza, et hotel med Grand Caf\u00e9\/Restaurant og ferieboliger p\u00e5 Silver Star Mountain (Canada) og ikke mindst en tropisk cocktailbar i Aruba.<\/div>\n","protected":false},"excerpt":{"rendered":"<p>Bulldog Grinder med Bulldog Logo Elsker du de hollandske weed vibes? Den ikoniske bulldog i farve forvandler ethvert rum til<\/p>\n","protected":false},"featured_media":43606,"comment_status":"open","ping_status":"closed","template":"","meta":{"_acf_changed":false},"product_cat":[],"product_tag":[],"acf":[],"_links":{"self":[{"href":"https:\/\/donaulife-new.ogrisdigital.at\/da\/wp-json\/wp\/v2\/product\/57335"}],"collection":[{"href":"https:\/\/donaulife-new.ogrisdigital.at\/da\/wp-json\/wp\/v2\/product"}],"about":[{"href":"https:\/\/donaulife-new.ogrisdigital.at\/da\/wp-json\/wp\/v2\/types\/product"}],"replies":[{"embeddable":true,"href":"https:\/\/donaulife-new.ogrisdigital.at\/da\/wp-json\/wp\/v2\/comments?post=57335"}],"wp:featuredmedia":[{"embeddable":true,"href":"https:\/\/donaulife-new.ogrisdigital.at\/da\/wp-json\/wp\/v2\/media\/43606"}],"wp:attachment":[{"href":"https:\/\/donaulife-new.ogrisdigital.at\/da\/wp-json\/wp\/v2\/media?parent=57335"}],"wp:term":[{"taxonomy":"product_cat","embeddable":true,"href":"https:\/\/donaulife-new.ogrisdigital.at\/da\/wp-json\/wp\/v2\/product_cat?post=57335"},{"taxonomy":"product_tag","embeddable":true,"href":"https:\/\/donaulife-new.ogrisdigital.at\/da\/wp-json\/wp\/v2\/product_tag?post=57335"}],"curies":[{"name":"wp","href":"https:\/\/api.w.org\/{rel}","templated":true}]}}