{"id":57331,"date":"2024-07-04T14:59:33","date_gmt":"2024-07-04T14:59:33","guid":{"rendered":"https:\/\/donaulife-new.ogrisdigital.at\/heisenberg-quarz-terp-slurper-banger-188-mm-2\/"},"modified":"2024-07-04T14:59:33","modified_gmt":"2024-07-04T14:59:33","slug":"heisenberg-quarz-terp-slurper-banger-188-mm-2","status":"publish","type":"product","link":"https:\/\/donaulife-new.ogrisdigital.at\/da\/heisenberg-quarz-terp-slurper-banger-188-mm-2\/","title":{"rendered":"HEISENBERG Quarz Terp Slurper Banger | 18,8 mm"},"content":{"rendered":"<h2>HNBG Banger lavet af kvarts med Carb Cap og Terp Pill<\/h2>\n<p>Terp Slurper Bangerhoved lavet af kvartsglas er velegnet til at fordampe koncentrater. Den har en 18,8 mm mandlig slibning med en 90\u00b0 tilslutningsvinkel. Det er optimalt til dab rigs og sm\u00e5 bongs med en tilsvarende lodret slibningsforbindelse.<\/p>\n<p>Hovedet leveres med en 3-dels tilbeh\u00f8rspakke, der indeholder en Terp Pill og 2 Terp Balls, hvor den st\u00f8rre udf\u00f8rer funktionen som en Carb Cap.<\/p>\n<h3>Hvad er form\u00e5let med Terp Ball og Terp Pill?<\/h3>\n<p><strong>Terp Pill<\/strong>\u00a0&#8211; Den pilleformede stav begynder at rotere i cirkler, mens den inhaleres gennem Bangeren. Dette skaber en st\u00f8rre overflade, hvor olie og koncentrat kan fordampe, hvilket \u00f8ger dampproduktionen. Udover den \u00f8gede luftcirkulation og \u00f8gede dampproduktion er en positiv bieffekt, at dampen afk\u00f8les lidt og dermed bliver mere behagelig.<\/p>\n<p><strong>Terp Ball<\/strong>\u00a0&#8211; Normale Terp Balls med en st\u00f8rrelse mellem 4-6 mm bruges til at fordele koncentrat j\u00e6vnt i Bangeren. I dette hoved roterer bolden med en diameter p\u00e5 11,5 mm under ind\u00e5nding og hj\u00e6lper med at holde varmen samt for\u00f8ge overfladen for fordampning og dermed \u00f8ge dampproduktionen.<\/p>\n<h3>S\u00e5dan fungerer Terp Slurper<\/h3>\n<p>Inds\u00e6t alle kuglerne og Terp Pillen i Bangeren. Opvarm Terp Slurperen nedefra med en Bunsenbr\u00e6nder eller en Jet Lighter i 20-30 sekunder, indtil den begynder at gl\u00f8de. Lad den k\u00f8le lidt af (du kan f.eks. kontrollere temperaturen med et optisk termometer*). Fordel koncentratet i den nederste pande med en Dabber og begynd inhalationen. Det fordamper koncentrat suges gennem de skr\u00e5 spalter i glaspanden og passerer forbi glaskuglerne ind i bongen.<\/p>\n<p>*Lav temperatur dab (157-232\u00b0C), middel temperatur dab (232-315\u00b0C), h\u00f8j temperatur dab (315-482\u00b0C)<\/p>\n<h3>Om Heisenberg:<\/h3>\n<div>\n<p>Heisenberg &#8211; ikke kun et f\u00e6nomen takket v\u00e6re Breaking Bad. M\u00e6rket Heisenberg er blandt andet blevet kendt for deres glasbongs. Ingen bong fra Heisenberg-serien er ens. Her tilbydes forskellige designelementer, herunder livlige farver eller funktion med Glow in the Dark, steder til inds\u00e6ttelse af LED-belysning og andre ekstrafunktioner.<\/p>\n<p>I det sp\u00e6ndende udvalg af glasbongs er der med garanti ogs\u00e5 noget for dig!<\/p>\n<\/div>\n","protected":false},"excerpt":{"rendered":"<p>HNBG Banger lavet af kvarts med Carb Cap og Terp Pill Terp Slurper Bangerhoved lavet af kvartsglas er velegnet til<\/p>\n","protected":false},"featured_media":56248,"comment_status":"open","ping_status":"closed","template":"","meta":{"_acf_changed":false},"product_cat":[],"product_tag":[],"acf":[],"_links":{"self":[{"href":"https:\/\/donaulife-new.ogrisdigital.at\/da\/wp-json\/wp\/v2\/product\/57331"}],"collection":[{"href":"https:\/\/donaulife-new.ogrisdigital.at\/da\/wp-json\/wp\/v2\/product"}],"about":[{"href":"https:\/\/donaulife-new.ogrisdigital.at\/da\/wp-json\/wp\/v2\/types\/product"}],"replies":[{"embeddable":true,"href":"https:\/\/donaulife-new.ogrisdigital.at\/da\/wp-json\/wp\/v2\/comments?post=57331"}],"wp:featuredmedia":[{"embeddable":true,"href":"https:\/\/donaulife-new.ogrisdigital.at\/da\/wp-json\/wp\/v2\/media\/56248"}],"wp:attachment":[{"href":"https:\/\/donaulife-new.ogrisdigital.at\/da\/wp-json\/wp\/v2\/media?parent=57331"}],"wp:term":[{"taxonomy":"product_cat","embeddable":true,"href":"https:\/\/donaulife-new.ogrisdigital.at\/da\/wp-json\/wp\/v2\/product_cat?post=57331"},{"taxonomy":"product_tag","embeddable":true,"href":"https:\/\/donaulife-new.ogrisdigital.at\/da\/wp-json\/wp\/v2\/product_tag?post=57331"}],"curies":[{"name":"wp","href":"https:\/\/api.w.org\/{rel}","templated":true}]}}