{"id":57326,"date":"2024-07-04T14:57:15","date_gmt":"2024-07-04T14:57:15","guid":{"rendered":"https:\/\/donaulife-new.ogrisdigital.at\/grace-glass-percolatorbong-hammer-serie-funky-twist-38-cm\/"},"modified":"2024-07-04T14:57:15","modified_gmt":"2024-07-04T14:57:15","slug":"grace-glass-percolatorbong-hammer-serie-funky-twist-38-cm","status":"publish","type":"product","link":"https:\/\/donaulife-new.ogrisdigital.at\/da\/grace-glass-percolatorbong-hammer-serie-funky-twist-38-cm\/","title":{"rendered":"GRACE GLASS Percolatorbong Hammer-serie \u2018Funky Twist\u2019 |  38 cm"},"content":{"rendered":"<h2>GRACE GLASS Hammer-serie &#8216;Funky Twist&#8217; med spiralpercolator til k\u00f8lige sug<\/h2>\n<p>Denne Grace Glass Funky Twist Black fra Hammer-serien er en lige bong med dobbeltkammer. Med en h\u00f8jde p\u00e5 38 cm og en trippel sort skygge samt detaljerede dekorationer p\u00e5 det ydre glas. Denne kraftige bong har tre isskar til k\u00f8lige sug. Derudover k\u00f8ler den r\u00f8gen med en spiralformet percolator og en aftagelig, flerslebet downstem med matchende 18 mm tyk tragt og en med gummi overtrukket kickhole. Denne lige r\u00f8rbong st\u00e5r stabilt p\u00e5 en meget tyk udvendig fod af kvalitetsborosilikatglas.<\/p>\n","protected":false},"excerpt":{"rendered":"<p>GRACE GLASS Hammer-serie &#8216;Funky Twist&#8217; med spiralpercolator til k\u00f8lige sug Denne Grace Glass Funky Twist Black fra Hammer-serien er en<\/p>\n","protected":false},"featured_media":18791,"comment_status":"open","ping_status":"closed","template":"","meta":{"_acf_changed":false},"product_cat":[],"product_tag":[],"acf":[],"_links":{"self":[{"href":"https:\/\/donaulife-new.ogrisdigital.at\/da\/wp-json\/wp\/v2\/product\/57326"}],"collection":[{"href":"https:\/\/donaulife-new.ogrisdigital.at\/da\/wp-json\/wp\/v2\/product"}],"about":[{"href":"https:\/\/donaulife-new.ogrisdigital.at\/da\/wp-json\/wp\/v2\/types\/product"}],"replies":[{"embeddable":true,"href":"https:\/\/donaulife-new.ogrisdigital.at\/da\/wp-json\/wp\/v2\/comments?post=57326"}],"wp:featuredmedia":[{"embeddable":true,"href":"https:\/\/donaulife-new.ogrisdigital.at\/da\/wp-json\/wp\/v2\/media\/18791"}],"wp:attachment":[{"href":"https:\/\/donaulife-new.ogrisdigital.at\/da\/wp-json\/wp\/v2\/media?parent=57326"}],"wp:term":[{"taxonomy":"product_cat","embeddable":true,"href":"https:\/\/donaulife-new.ogrisdigital.at\/da\/wp-json\/wp\/v2\/product_cat?post=57326"},{"taxonomy":"product_tag","embeddable":true,"href":"https:\/\/donaulife-new.ogrisdigital.at\/da\/wp-json\/wp\/v2\/product_tag?post=57326"}],"curies":[{"name":"wp","href":"https:\/\/api.w.org\/{rel}","templated":true}]}}