{"id":57318,"date":"2024-07-04T14:52:07","date_gmt":"2024-07-04T14:52:07","guid":{"rendered":"https:\/\/donaulife-new.ogrisdigital.at\/finom-lille-rede-til-rustfri-staal-aktiveret-kulfilter-6-mm\/"},"modified":"2024-07-04T14:52:07","modified_gmt":"2024-07-04T14:52:07","slug":"finom-lille-rede-til-rustfri-staal-aktiveret-kulfilter-6-mm","status":"publish","type":"product","link":"https:\/\/donaulife-new.ogrisdigital.at\/da\/finom-lille-rede-til-rustfri-staal-aktiveret-kulfilter-6-mm\/","title":{"rendered":"FINOM &#8216;lille rede&#8217; til rustfri st\u00e5l aktiveret kulfilter 6 mm"},"content":{"rendered":"<h2>Finom Reden til Rustfri st\u00e5l Aktivt kulfilter 6 mm<\/h2>\n<p><strong>Den lille rede er en opbevaringsboks og br\u00e6nder til Phoenix.<\/strong><\/p>\n<p>Reden g\u00f8r det nemmere at br\u00e6nde rent.<\/p>\n<p>I denne rede kan du opbevare en Phoenix Z6 aktivt kulfilter.<\/p>\n<p>S\u00f8jlen er lavet af aluminium.<\/p>\n<p>V\u00e6lg mellem forskellige tr\u00e6sorter til basallegemet.<\/p>\n<table>\n<tbody>\n<tr>\n<td><strong>B\u00f8g<\/strong><\/td>\n<td>Lyst og enkelt tr\u00e6<\/td>\n<\/tr>\n<tr>\n<td><strong>Eg<\/strong><\/td>\n<td>Lys til mellembrun, tydeligt struktureret<\/td>\n<\/tr>\n<tr>\n<td><strong>N\u00f8d<\/strong><\/td>\n<td>Brun farvning, s\u00e6rligt smuk tr\u00e6masering. Det eneste m\u00f8rke tr\u00e6 fra vores region<\/td>\n<\/tr>\n<tr>\n<td><strong>Kirseb\u00e6r<\/strong><\/td>\n<td>Lidt r\u00f8dligt lyst tr\u00e6 med harmonisk fin struktur<\/td>\n<\/tr>\n<tr>\n<td><strong>\u00a0<\/strong><\/td>\n<td>Andre tr\u00e6sorter kan f\u00e5s p\u00e5 foresp\u00f8rgsel<\/td>\n<\/tr>\n<\/tbody>\n<\/table>\n<p><strong>M\u00e5l:\u00a0<\/strong>20x20x55m<\/p>\n<hr class=\"wp-block-separator has-alpha-channel-opacity is-style-wide\" \/>\n<p><strong>Indhold:<\/strong><\/p>\n<ul>\n<li>1x lille rede<\/li>\n<\/ul>\n<h3>Hvordan fornyes kulen eller br\u00e6ndes filteret af?<\/h3>\n<p><iframe title=\"Br\u00e6nding af\" src=\"https:\/\/www.youtube.com\/embed\/HJaEEe5buNs\" width=\"410\" height=\"728\" frameborder=\"0\" allowfullscreen=\"allowfullscreen\"><\/iframe><\/p>\n<div class=\"elementor-element elementor-element-131fd42 elementor-widget elementor-widget-heading\" data-id=\"131fd42\" data-element_type=\"widget\" data-widget_type=\"heading.default\">\n<div class=\"elementor-widget-container\">\n<h2 class=\"elementor-heading-title elementor-size-default\">Innovativ genaktivering<\/h2>\n<\/div>\n<\/div>\n<div class=\"elementor-element elementor-element-a18b39a elementor-widget elementor-widget-text-editor\" data-id=\"a18b39a\" data-element_type=\"widget\" data-widget_type=\"text-editor.default\">\n<div class=\"elementor-widget-container\">\n<p>Phoenixen (ikke inkluderet) kan opvarmes til reng\u00f8ring p\u00e5 op til 1000\u00b0C uden at blive beskadiget, hvilket driver de elementer, der er dannet og filtreret ud under rygning, ud af filterhylsteret og is\u00e6r det aktiverede kul. Da der ikke tr\u00e6nger ilt ind i hylsteret, forbliver det aktiverede kul intakt.<\/p>\n<p>Dette kaldes pyrolyseprocessen.<\/p>\n<p>Efter 3 til 10 br\u00e6ndinger er det aktiverede kul m\u00e6ttet med ikke-flygtige stoffer og skal udskiftes.<\/p>\n<p>Filterhylstret forbliver fuldst\u00e6ndig intakt. Det farver sig kun langsomt mat sort.<\/p>\n<p>For at genaktivere filteret p\u00e5 en sjov m\u00e5de tilbyder vi en perfekt og kraftfuld mini Bunsen-br\u00e6nder.<\/p>\n<p><img fetchpriority=\"high\" decoding=\"async\" class=\"alignnone wp-image-53871\" src=\"https:\/\/www.donaulife.com\/wp-content\/uploads\/2024\/01\/FL_2023-09-17-HUN-03431-2-1-scaled-1-300x142.webp\" alt=\"\" width=\"499\" height=\"236\" \/><\/p>\n<div class=\"elementor-element elementor-element-6c7069bf elementor-widget elementor-widget-heading\" data-id=\"6c7069bf\" data-element_type=\"widget\" data-widget_type=\"heading.default\">\n<div class=\"elementor-widget-container\"><\/div>\n<\/div>\n<div class=\"elementor-element elementor-element-77b913e1 elementor-widget elementor-widget-text-editor\" data-id=\"77b913e1\" data-element_type=\"widget\" data-widget_type=\"text-editor.default\">\n<div class=\"elementor-widget-container\">\n<p>\u00a0<\/p>\n<p><span style=\"color: #333333; font-size: 20.16px;\">\u00dcber Finom Metall:<\/span><\/p>\n<\/div>\n<\/div>\n<\/div>\n<\/div>\n<div class=\"elementor-element elementor-element-3d48d6c6 elementor-widget elementor-widget-heading\" data-id=\"3d48d6c6\" data-element_type=\"widget\" data-widget_type=\"heading.default\">\n<div class=\"elementor-widget-container\">\n<p class=\"elementor-heading-title elementor-size-default\"><strong>Den f\u00f8rste fuldst\u00e6ndig genanvendelige aktiverede kulfilter<\/strong><\/p>\n<\/div>\n<\/div>\n<div class=\"elementor-element elementor-element-1dbcba06 elementor-widget elementor-widget-text-editor\" data-id=\"1dbcba06\" data-element_type=\"widget\" data-widget_type=\"text-editor.default\">\n<div class=\"elementor-widget-container\">\n<p class=\"wp-block-heading has-text-align-left has-small-font-size\">Phoenixen er en mytisk fugl, der br\u00e6nder op i slutningen af sin livscyklus for at genopst\u00e5 fra sin aske igen.<br \/>\nPr\u00e6cis s\u00e5dan regenereres vores filter i ilden.<\/p>\n<p><img decoding=\"async\" class=\"alignnone size-full wp-image-53874\" src=\"https:\/\/www.donaulife.com\/wp-content\/uploads\/2024\/01\/Phoenix-neu.webp\" alt=\"\" width=\"300\" height=\"300\" \/><\/p>\n<\/div>\n<\/div>\n","protected":false},"excerpt":{"rendered":"<p>Finom Reden til Rustfri st\u00e5l Aktivt kulfilter 6 mm Den lille rede er en opbevaringsboks og br\u00e6nder til Phoenix. Reden<\/p>\n","protected":false},"featured_media":48913,"comment_status":"open","ping_status":"closed","template":"","meta":{"_acf_changed":false},"product_cat":[],"product_tag":[],"acf":[],"_links":{"self":[{"href":"https:\/\/donaulife-new.ogrisdigital.at\/da\/wp-json\/wp\/v2\/product\/57318"}],"collection":[{"href":"https:\/\/donaulife-new.ogrisdigital.at\/da\/wp-json\/wp\/v2\/product"}],"about":[{"href":"https:\/\/donaulife-new.ogrisdigital.at\/da\/wp-json\/wp\/v2\/types\/product"}],"replies":[{"embeddable":true,"href":"https:\/\/donaulife-new.ogrisdigital.at\/da\/wp-json\/wp\/v2\/comments?post=57318"}],"wp:featuredmedia":[{"embeddable":true,"href":"https:\/\/donaulife-new.ogrisdigital.at\/da\/wp-json\/wp\/v2\/media\/48913"}],"wp:attachment":[{"href":"https:\/\/donaulife-new.ogrisdigital.at\/da\/wp-json\/wp\/v2\/media?parent=57318"}],"wp:term":[{"taxonomy":"product_cat","embeddable":true,"href":"https:\/\/donaulife-new.ogrisdigital.at\/da\/wp-json\/wp\/v2\/product_cat?post=57318"},{"taxonomy":"product_tag","embeddable":true,"href":"https:\/\/donaulife-new.ogrisdigital.at\/da\/wp-json\/wp\/v2\/product_tag?post=57318"}],"curies":[{"name":"wp","href":"https:\/\/api.w.org\/{rel}","templated":true}]}}